{"id":11267,"date":"2024-09-19T08:54:47","date_gmt":"2024-09-19T04:54:47","guid":{"rendered":"https:\/\/travelwp.physcode.com\/main-demo\/?page_id=11267"},"modified":"2025-06-24T20:54:45","modified_gmt":"2025-06-24T20:54:45","slug":"terms-and-conditions","status":"publish","type":"page","link":"https:\/\/marsavibe.com\/cs\/terms-and-conditions\/","title":{"rendered":"Podm\u00ednky a pravidla"},"content":{"rendered":"<div data-elementor-type=\"wp-page\" data-elementor-id=\"11267\" class=\"elementor elementor-11267\" data-elementor-settings=\"{&quot;ha_cmc_init_switcher&quot;:&quot;no&quot;}\" data-elementor-post-type=\"page\">\n\t\t\t\t<div class=\"elementor-element elementor-element-a2ef2e5 e-flex e-con-boxed e-con e-parent\" data-id=\"a2ef2e5\" data-element_type=\"container\" data-e-type=\"container\" data-settings=\"{&quot;_ha_eqh_enable&quot;:false,&quot;ekit_has_onepagescroll_dot&quot;:&quot;yes&quot;}\">\n\t\t\t\t\t<div class=\"e-con-inner\">\n\t\t\t\t<div class=\"elementor-element elementor-element-c8b8262 elementor-widget elementor-widget-thim-ekits-breadcrumb\" data-id=\"c8b8262\" data-element_type=\"widget\" data-e-type=\"widget\" data-settings=\"{&quot;ekit_we_effect_on&quot;:&quot;none&quot;}\" data-widget_type=\"thim-ekits-breadcrumb.default\">\n\t\t\t\t<div class=\"elementor-widget-container\">\n\t\t\t\t\t\n\t\t\t<div class=\"thim-ekit-breadcrumb\">\n\n\t\t\t\tHome\n\t\t\t<\/div>\n\n\t\t\t\t\t\t\t<\/div>\n\t\t\t\t<\/div>\n\t\t\t\t<div class=\"elementor-element elementor-element-4d6bdc4 elementor-widget__width-initial elementor-widget elementor-widget-thim-ekits-heading\" data-id=\"4d6bdc4\" data-element_type=\"widget\" data-e-type=\"widget\" data-settings=\"{&quot;ekit_we_effect_on&quot;:&quot;none&quot;}\" data-widget_type=\"thim-ekits-heading.default\">\n\t\t\t\t<div class=\"elementor-widget-container\">\n\t\t\t\t\t<div class=\"thim-ekits-heading thim-ekit__heading\"><h3 class=\"title\">Z\u00e1sady ochrany osobn\u00edch \u00fadaj\u016f <\/h3><h5 class=\"sub-heading\">P\u0159e\u010dt\u011bte si na\u0161e z\u00e1sady pro bezprobl\u00e9mov\u00e9 cestov\u00e1n\u00ed<\/h5><\/div>\t\t\t\t<\/div>\n\t\t\t\t<\/div>\n\t\t\t\t\t<\/div>\n\t\t\t\t<\/div>\n\t\t<div class=\"elementor-element elementor-element-640d6af e-flex e-con-boxed e-con e-parent\" data-id=\"640d6af\" data-element_type=\"container\" data-e-type=\"container\" data-settings=\"{&quot;_ha_eqh_enable&quot;:false,&quot;ekit_has_onepagescroll_dot&quot;:&quot;yes&quot;}\">\n\t\t\t\t\t<div class=\"e-con-inner\">\n\t\t<div class=\"elementor-element elementor-element-d942f77 e-con-full e-flex e-con e-child\" data-id=\"d942f77\" data-element_type=\"container\" data-e-type=\"container\" data-settings=\"{&quot;_ha_eqh_enable&quot;:false,&quot;ekit_has_onepagescroll_dot&quot;:&quot;yes&quot;}\">\n\t\t\t\t<div class=\"elementor-element elementor-element-1d39d1b elementor-widget elementor-widget-text-editor\" data-id=\"1d39d1b\" data-element_type=\"widget\" data-e-type=\"widget\" data-settings=\"{&quot;ekit_we_effect_on&quot;:&quot;none&quot;}\" data-widget_type=\"text-editor.default\">\n\t\t\t\t<div class=\"elementor-widget-container\">\n\t\t\t\t\t\t\t\t\t<div style=\"color: #121212; margin-bottom: 16px;\"><ul class=\"content list-disc pl-5\"><li class=\"mb-2\"><div>Dobr\u00fd den, V\u00edtejte na webov\u00fdch str\u00e1nk\u00e1ch [Mercy Tours]. N\u00e1sleduj\u00edc\u00ed podm\u00ednky (d\u00e1le jen \"podm\u00ednky\") stanov\u00ed podm\u00ednky a pravidla pro pou\u017e\u00edv\u00e1n\u00ed na\u0161ich webov\u00fdch str\u00e1nek a slu\u017eeb. Pou\u017e\u00edv\u00e1n\u00edm t\u011bchto str\u00e1nek souhlas\u00edte s t\u00edm, \u017ee se t\u011bmito podm\u00ednkami budete \u0159\u00eddit. P\u0159ed pou\u017e\u00edv\u00e1n\u00edm str\u00e1nek si tyto podm\u00ednky pe\u010dliv\u011b p\u0159e\u010dt\u011bte. 1. Zp\u016fsobilost Pou\u017e\u00edv\u00e1n\u00edm str\u00e1nek prohla\u0161ujete, \u017ee je v\u00e1m nejm\u00e9n\u011b 18 let nebo \u017ee str\u00e1nky pou\u017e\u00edv\u00e1te pod dohledem rodi\u010de nebo z\u00e1konn\u00e9ho z\u00e1stupce. Pokud s t\u011bmito podm\u00ednkami nesouhlas\u00edte, Str\u00e1nky nepou\u017e\u00edvejte. 2. \u00da\u010det a registrace Pro p\u0159\u00edstup k n\u011bkter\u00fdm funkc\u00edm nebo slu\u017eb\u00e1m Str\u00e1nek m\u016f\u017ee b\u00fdt nutn\u00e9 vytvo\u0159it si \u00fa\u010det. P\u0159i registraci mus\u00edte uv\u00e9st p\u0159esn\u00e9 a \u00fapln\u00e9 \u00fadaje. Jste zodpov\u011bdn\u00ed za zachov\u00e1n\u00ed d\u016fv\u011brnosti \u00fadaj\u016f o sv\u00e9m \u00fa\u010dtu a hesla a souhlas\u00edte s t\u00edm, \u017ee p\u0159ijmete odpov\u011bdnost za v\u0161echny \u010dinnosti, kter\u00e9 se pod va\u0161\u00edm \u00fa\u010dtem odehr\u00e1vaj\u00ed. 3. N\u00e1kupn\u00ed a platebn\u00ed ceny: V\u0161echny ceny uveden\u00e9 na webov\u00fdch str\u00e1nk\u00e1ch jsou v m\u00edstn\u00ed m\u011bn\u011b a zahrnuj\u00ed p\u0159\u00edslu\u0161n\u00e9 dan\u011b, pokud nen\u00ed uvedeno jinak. Platba: Platba za zbo\u017e\u00ed a slu\u017eby je mo\u017en\u00e1 pouze v p\u0159\u00edpad\u011b, \u017ee se jedn\u00e1 o zbo\u017e\u00ed a slu\u017eby, kter\u00e9 se nach\u00e1zej\u00ed na trhu: P\u0159ij\u00edm\u00e1me schv\u00e1len\u00e9 platebn\u00ed metody uveden\u00e9 na webov\u00fdch str\u00e1nk\u00e1ch. Platba mus\u00ed b\u00fdt provedena v pln\u00e9 v\u00fd\u0161i p\u0159ed odesl\u00e1n\u00edm zbo\u017e\u00ed. Potvrzen\u00ed: V p\u0159\u00edpad\u011b, \u017ee se jedn\u00e1 o zbo\u017e\u00ed, kter\u00e9 je v prodeji, je nutn\u00e9 zaslat potvrzen\u00ed o p\u0159ijet\u00ed platby: Po odesl\u00e1n\u00ed objedn\u00e1vky obdr\u017e\u00edte e-mail s potvrzen\u00edm \u00fadaj\u016f o objedn\u00e1vce. 4. Doprava a doru\u010den\u00ed Doprava: Objedn\u00e1vka se odes\u00edl\u00e1 na adresu uvedenou v objedn\u00e1vce: Zbo\u017e\u00ed bude odesl\u00e1no na adresu, kterou jste zadali b\u011bhem n\u00e1kupu. Doba p\u0159epravy se m\u016f\u017ee li\u0161it v z\u00e1vislosti na zem\u011bpisn\u00e9 poloze a z\u00e1sad\u00e1ch p\u0159epravn\u00ed spole\u010dnosti. Doru\u010den\u00ed: Doru\u010den\u00ed zbo\u017e\u00ed je mo\u017en\u00e9 pouze v p\u0159\u00edpad\u011b, \u017ee se jedn\u00e1 o z\u00e1silku, kter\u00e1 byla odesl\u00e1na na z\u00e1klad\u011b objedn\u00e1vky: Vynakl\u00e1d\u00e1me ve\u0161ker\u00e9 \u00fasil\u00ed, abychom objedn\u00e1vky doru\u010dili v\u010das, ale neneseme \u017e\u00e1dnou odpov\u011bdnost za zpo\u017ed\u011bn\u00ed zp\u016fsoben\u00e1 okolnostmi, kter\u00e9 nem\u016f\u017eeme ovlivnit. 5. Vr\u00e1cen\u00ed a v\u00fdm\u011bna zbo\u017e\u00ed<\/div><\/li><\/ul><\/div>\t\t\t\t\t\t\t\t<\/div>\n\t\t\t\t<\/div>\n\t\t\t\t<\/div>\n\t\t\t\t\t<\/div>\n\t\t\t\t<\/div>\n\t\t\t\t<\/div>\n\t\t\n    <div class=\"xs_social_share_widget xs_share_url after_content \t\tmain_content  wslu-style-1 wslu-share-box-shaped wslu-fill-colored wslu-none wslu-share-horizontal wslu-theme-font-no wslu-main_content\">\n\n\t\t\n        <ul>\n\t\t\t        <\/ul>\n    <\/div>","protected":false},"excerpt":{"rendered":"<p>Home<br \/>\nZ\u00e1sady ochrany osobn\u00edch \u00fadaj\u016f <br \/>\nP\u0159e\u010dt\u011bte si na\u0161e z\u00e1sady pro bezprobl\u00e9mov\u00e9 cestov\u00e1n\u00ed<\/p>\n<p>hello, Welcome to the [Mercy Tours] website. The following terms and conditions (hereinafter referred to as \u201cTerms\u201d) <\/p>","protected":false},"author":4,"featured_media":0,"parent":0,"menu_order":0,"comment_status":"closed","ping_status":"closed","template":"elementor_header_footer","meta":{"postBodyCss":"","postBodyMargin":[],"postBodyPadding":[],"postBodyBackground":{"backgroundType":"classic","gradient":""},"footnotes":""},"class_list":["post-11267","page","type-page","status-publish","hentry"],"_links":{"self":[{"href":"https:\/\/marsavibe.com\/cs\/wp-json\/wp\/v2\/pages\/11267","targetHints":{"allow":["GET"]}}],"collection":[{"href":"https:\/\/marsavibe.com\/cs\/wp-json\/wp\/v2\/pages"}],"about":[{"href":"https:\/\/marsavibe.com\/cs\/wp-json\/wp\/v2\/types\/page"}],"author":[{"embeddable":true,"href":"https:\/\/marsavibe.com\/cs\/wp-json\/wp\/v2\/users\/4"}],"replies":[{"embeddable":true,"href":"https:\/\/marsavibe.com\/cs\/wp-json\/wp\/v2\/comments?post=11267"}],"version-history":[{"count":3,"href":"https:\/\/marsavibe.com\/cs\/wp-json\/wp\/v2\/pages\/11267\/revisions"}],"predecessor-version":[{"id":11986,"href":"https:\/\/marsavibe.com\/cs\/wp-json\/wp\/v2\/pages\/11267\/revisions\/11986"}],"wp:attachment":[{"href":"https:\/\/marsavibe.com\/cs\/wp-json\/wp\/v2\/media?parent=11267"}],"curies":[{"name":"wp","href":"https:\/\/api.w.org\/{rel}","templated":true}]}}