{"id":12766,"date":"2025-08-21T20:21:31","date_gmt":"2025-08-21T20:21:31","guid":{"rendered":"https:\/\/marsavibe.com\/?post_type=product&#038;p=12766"},"modified":"2025-09-25T22:40:21","modified_gmt":"2025-09-25T22:40:21","slug":"the-mitsubishi-expander-limousine","status":"publish","type":"product","link":"https:\/\/marsavibe.com\/tours\/the-mitsubishi-expander-limousine","title":{"rendered":"Minivan"},"content":{"rendered":"<p data-start=\"62\" data-end=\"114\">\ud83d\ude90\u2728 <strong data-start=\"66\" data-end=\"112\">Minivan Toyota\u00a0<\/strong><\/p>\n<p data-start=\"116\" data-end=\"277\">U\u017eijte si prostornou a pohodovou cestu s v\u0161estrann\u00fdm minivanem Toyota. Ide\u00e1ln\u00ed pro rodiny, skupiny nebo cestovatele, kte\u0159\u00ed pot\u0159ebuj\u00ed v\u011bt\u0161\u00ed pohodl\u00ed a dostatek prostoru.<\/p>\n<p data-start=\"279\" data-end=\"296\">\u2705 <strong data-start=\"281\" data-end=\"294\">Vlastnosti:<\/strong><\/p>\n<p data-start=\"298\" data-end=\"565\">\ud83e\uddd1\u200d\ud83e\udd1d\u200d\ud83e\uddd1 Sedadla a\u017e do <strong data-start=\"319\" data-end=\"337\">1-8 cestuj\u00edc\u00edch<\/strong> s velk\u00fdm prostorem pro nohy.<br data-start=\"360\" data-end=\"363\" \/>\u2744\ufe0f <strong data-start=\"366\" data-end=\"410\">Luxusn\u00ed sedadla a v\u00fdkonn\u00e1 klimatizace<\/strong>.<br data-start=\"411\" data-end=\"414\" \/>\ud83d\udc68\u200d\u2708\ufe0f <strong data-start=\"420\" data-end=\"443\">Profesion\u00e1ln\u00ed \u0159idi\u010d<\/strong> za bezpe\u010dnou a p\u0159\u00edjemnou cestu.<br data-start=\"474\" data-end=\"477\" \/>\ud83d\udccd Ide\u00e1ln\u00ed pro <strong data-start=\"490\" data-end=\"562\" data-is-only-node=\"\">transfery z leti\u0161t\u011b, rodinn\u00e9 v\u00fdlety, obchodn\u00ed skupiny nebo soukrom\u00e9 z\u00e1jezdy.<\/strong>.<\/p>\n<p data-start=\"567\" data-end=\"672\">\u2728 Minivan Toyota je <strong data-start=\"595\" data-end=\"669\">ide\u00e1ln\u00ed volba pro ty, kte\u0159\u00ed si cen\u00ed pohodl\u00ed, prostoru a spolehliv\u00e9ho cestov\u00e1n\u00ed.<\/strong>.<\/p>\n<div id=\"gtx-trans\" style=\"position: absolute; left: 408px; top: 1.2px;\">\n<div class=\"gtx-trans-icon\"><\/div>\n<\/div>\n\n    <div class=\"xs_social_share_widget xs_share_url after_content \t\tmain_content  wslu-style-1 wslu-share-box-shaped wslu-fill-colored wslu-none wslu-share-horizontal wslu-theme-font-no wslu-main_content\">\n\n\t\t\n        <ul>\n\t\t\t        <\/ul>\n    <\/div>","protected":false},"excerpt":{"rendered":"<p>&nbsp;<\/p>\n<div id=\"simple-translate\" class=\"simple-translate-system-theme\">\n<div>\n<div class=\"simple-translate-button isShow\" style=\"background-image: url('chrome-extension:\/\/cllnohpbfenopiakdcjmjcbaeapmkcdl\/icons\/512.png'); height: 22px; width: 22px; top: 33px; left: -20px;\"><\/div>\n<div class=\"simple-translate-panel\" style=\"width: 300px; height: 200px; top: 0px; left: 0px; font-size: 13px;\">\n<div class=\"simple-translate-result-wrapper\" style=\"overflow: hidden;\">\n<div class=\"simple-translate-move\" draggable=\"true\"><\/div>\n<div class=\"simple-translate-result-contents\">\n<p class=\"simple-translate-candidate\" dir=\"auto\">\n<\/div>\n<\/div>\n<\/div>\n<\/div>\n<\/div>","protected":false},"featured_media":14525,"comment_status":"open","ping_status":"closed","template":"","meta":{"postBodyCss":"","postBodyMargin":[],"postBodyPadding":[],"postBodyBackground":{"backgroundType":"classic","gradient":""}},"product_brand":[],"product_cat":[],"product_tag":[],"class_list":{"0":"post-12766","1":"product","2":"type-product","3":"status-publish","4":"has-post-thumbnail","6":"tour_phys-city-tour","7":"tour_phys-coaster-buses","8":"tour_phys-marsa-alam-city-tours","9":"tour_phys-mini-buses","10":"tour_phys-suv-family-cars","11":"pa_destination-suv-family-cars","12":"pa_month-april","13":"pa_month-december","14":"pa_month-september","16":"first","17":"instock","18":"sale","19":"shipping-taxable","20":"purchasable","21":"product-type-tour_phys"},"_links":{"self":[{"href":"https:\/\/marsavibe.com\/cs\/wp-json\/wp\/v2\/product\/12766","targetHints":{"allow":["GET"]}}],"collection":[{"href":"https:\/\/marsavibe.com\/cs\/wp-json\/wp\/v2\/product"}],"about":[{"href":"https:\/\/marsavibe.com\/cs\/wp-json\/wp\/v2\/types\/product"}],"replies":[{"embeddable":true,"href":"https:\/\/marsavibe.com\/cs\/wp-json\/wp\/v2\/comments?post=12766"}],"wp:featuredmedia":[{"embeddable":true,"href":"https:\/\/marsavibe.com\/cs\/wp-json\/wp\/v2\/media\/14525"}],"wp:attachment":[{"href":"https:\/\/marsavibe.com\/cs\/wp-json\/wp\/v2\/media?parent=12766"}],"wp:term":[{"taxonomy":"product_brand","embeddable":true,"href":"https:\/\/marsavibe.com\/cs\/wp-json\/wp\/v2\/product_brand?post=12766"},{"taxonomy":"product_cat","embeddable":true,"href":"https:\/\/marsavibe.com\/cs\/wp-json\/wp\/v2\/product_cat?post=12766"},{"taxonomy":"product_tag","embeddable":true,"href":"https:\/\/marsavibe.com\/cs\/wp-json\/wp\/v2\/product_tag?post=12766"}],"curies":[{"name":"wp","href":"https:\/\/api.w.org\/{rel}","templated":true}]}}