{"id":12777,"date":"2025-08-21T20:46:56","date_gmt":"2025-08-21T20:46:56","guid":{"rendered":"https:\/\/marsavibe.com\/?post_type=product&#038;p=12777"},"modified":"2025-09-24T16:35:29","modified_gmt":"2025-09-24T16:35:29","slug":"tourist-minibus","status":"publish","type":"product","link":"https:\/\/marsavibe.com\/tours\/tourist-minibus","title":{"rendered":"Mitsubishi Xpander"},"content":{"rendered":"<p data-start=\"95\" data-end=\"151\">\ud83d\ude90\u2728 <strong data-start=\"99\" data-end=\"149\">Mitsubishi Xpander - 7m\u00edstn\u00fd<\/strong><\/p>\n<p data-start=\"153\" data-end=\"313\">Cestujte s prostorem, komfortem a eleganc\u00ed v Mitsubishi Xpander. Ide\u00e1ln\u00ed pro rodiny, obchodn\u00ed skupiny nebo cestovatele, kte\u0159\u00ed cht\u011bj\u00ed modern\u00ed styl s extra prostorem.<\/p>\n<p data-start=\"315\" data-end=\"332\">\u2705 <strong data-start=\"317\" data-end=\"330\">Vlastnosti:<\/strong><\/p>\n<p data-start=\"334\" data-end=\"644\">\ud83e\uddd1\u200d\ud83e\udd1d\u200d\ud83e\uddd1 Sedadla a\u017e do <strong data-start=\"355\" data-end=\"373\">6-7 cestuj\u00edc\u00edch<\/strong> s pohodl\u00edm a velk\u00fdm prostorem pro nohy.<br data-start=\"404\" data-end=\"407\" \/>\u2744\ufe0f <strong data-start=\"410\" data-end=\"450\">Luxusn\u00ed sedadla a pln\u00e1 klimatizace<\/strong> ve v\u0161ech \u0159\u00e1dc\u00edch.<br data-start=\"467\" data-end=\"470\" \/>\ud83d\udc68\u200d\u2708\ufe0f <strong data-start=\"476\" data-end=\"499\">Profesion\u00e1ln\u00ed \u0159idi\u010d<\/strong> pro bezpe\u010dnou a plynulou j\u00edzdu bez stresu.<br data-start=\"541\" data-end=\"544\" \/>\ud83d\udccd Ide\u00e1ln\u00ed pro <strong data-start=\"557\" data-end=\"641\" data-is-only-node=\"\">transfery z leti\u0161t\u011b, rodinn\u00e9 v\u00fdlety, vyzvednut\u00ed v hotelu, skupinov\u00e9 v\u00fdlety nebo soukrom\u00e9 prohl\u00eddky.<\/strong>.<\/p>\n<p data-start=\"646\" data-end=\"757\">\u2728 Mitsubishi Xpander je <strong data-start=\"678\" data-end=\"754\">chytr\u00e1 volba pro ty, kte\u0159\u00ed hledaj\u00ed pohodl\u00ed, spolehlivost a prostorn\u00e9 cestov\u00e1n\u00ed.<\/strong>.<\/p>\n<p data-start=\"646\" data-end=\"757\"><em><strong>Pozn:<\/strong> cena za\u010d\u00edn\u00e1 od 10 a z\u00e1vis\u00ed na hotelu a na tom, kam jedete.<\/em><\/p>\n<div id=\"gtx-trans\" style=\"position: absolute; left: 449px; top: 1.2px;\">\n<div class=\"gtx-trans-icon\"><\/div>\n<\/div>\n\n    <div class=\"xs_social_share_widget xs_share_url after_content \t\tmain_content  wslu-style-1 wslu-share-box-shaped wslu-fill-colored wslu-none wslu-share-horizontal wslu-theme-font-no wslu-main_content\">\n\n\t\t\n        <ul>\n\t\t\t        <\/ul>\n    <\/div>","protected":false},"excerpt":{"rendered":"<p>&nbsp;<\/p>\n<div id=\"simple-translate\" class=\"simple-translate-system-theme\">\n<div>\n<div class=\"simple-translate-button isShow\" style=\"background-image: url('chrome-extension:\/\/cllnohpbfenopiakdcjmjcbaeapmkcdl\/icons\/512.png'); height: 22px; width: 22px; top: 33px; left: -20px;\"><\/div>\n<div class=\"simple-translate-panel\" style=\"width: 300px; height: 200px; top: 0px; left: 0px; font-size: 13px;\">\n<div class=\"simple-translate-result-wrapper\" style=\"overflow: hidden;\">\n<div class=\"simple-translate-move\" draggable=\"true\"><\/div>\n<div class=\"simple-translate-result-contents\">\n<p class=\"simple-translate-candidate\" dir=\"auto\">\n<\/div>\n<\/div>\n<\/div>\n<\/div>\n<\/div>","protected":false},"featured_media":13934,"comment_status":"open","ping_status":"closed","template":"","meta":{"postBodyCss":"","postBodyMargin":[],"postBodyPadding":[],"postBodyBackground":{"backgroundType":"classic","gradient":""}},"product_brand":[],"product_cat":[],"product_tag":[],"class_list":{"0":"post-12777","1":"product","2":"type-product","3":"status-publish","4":"has-post-thumbnail","6":"tour_phys-city-tour","7":"tour_phys-cultural-trips","8":"tour_phys-marsa-alam-city-tours","9":"tour_phys-sedan-cars","10":"tour_phys-suv-family-cars","11":"pa_destination-mini-buses","12":"pa_month-april","13":"pa_month-december","14":"pa_month-september","16":"first","17":"instock","18":"shipping-taxable","19":"purchasable","20":"product-type-tour_phys"},"_links":{"self":[{"href":"https:\/\/marsavibe.com\/cs\/wp-json\/wp\/v2\/product\/12777","targetHints":{"allow":["GET"]}}],"collection":[{"href":"https:\/\/marsavibe.com\/cs\/wp-json\/wp\/v2\/product"}],"about":[{"href":"https:\/\/marsavibe.com\/cs\/wp-json\/wp\/v2\/types\/product"}],"replies":[{"embeddable":true,"href":"https:\/\/marsavibe.com\/cs\/wp-json\/wp\/v2\/comments?post=12777"}],"wp:featuredmedia":[{"embeddable":true,"href":"https:\/\/marsavibe.com\/cs\/wp-json\/wp\/v2\/media\/13934"}],"wp:attachment":[{"href":"https:\/\/marsavibe.com\/cs\/wp-json\/wp\/v2\/media?parent=12777"}],"wp:term":[{"taxonomy":"product_brand","embeddable":true,"href":"https:\/\/marsavibe.com\/cs\/wp-json\/wp\/v2\/product_brand?post=12777"},{"taxonomy":"product_cat","embeddable":true,"href":"https:\/\/marsavibe.com\/cs\/wp-json\/wp\/v2\/product_cat?post=12777"},{"taxonomy":"product_tag","embeddable":true,"href":"https:\/\/marsavibe.com\/cs\/wp-json\/wp\/v2\/product_tag?post=12777"}],"curies":[{"name":"wp","href":"https:\/\/api.w.org\/{rel}","templated":true}]}}