{"id":12781,"date":"2025-08-21T20:51:10","date_gmt":"2025-08-21T20:51:10","guid":{"rendered":"https:\/\/marsavibe.com\/?post_type=product&#038;p=12781"},"modified":"2025-09-24T16:33:40","modified_gmt":"2025-09-24T16:33:40","slug":"tourist-minibus-toyota","status":"publish","type":"product","link":"https:\/\/marsavibe.com\/tours\/tourist-minibus-toyota","title":{"rendered":"Hyundai Elantra"},"content":{"rendered":"<p data-start=\"87\" data-end=\"140\">\ud83d\ude96\u2728 <strong data-start=\"91\" data-end=\"138\">Hyundai Elantra - Soukrom\u00e1 limuz\u00edna<\/strong><\/p>\n<p data-start=\"142\" data-end=\"309\">Cestov\u00e1n\u00ed v <strong data-start=\"152\" data-end=\"173\">styl a pohodl\u00ed<\/strong> s modern\u00edm modelem Hyundai Elantra. Ide\u00e1ln\u00ed pro jednotlivce, p\u00e1ry nebo mal\u00e9 skupiny, kter\u00e9 hledaj\u00ed efektivitu, luxus a plynulou j\u00edzdu.<\/p>\n<p data-start=\"311\" data-end=\"328\">\u2705 <strong data-start=\"313\" data-end=\"326\">Vlastnosti:<\/strong><\/p>\n<p data-start=\"330\" data-end=\"586\">\ud83e\uddd1\u200d\ud83e\udd1d\u200d\ud83e\uddd1 Sedadla a\u017e do <strong data-start=\"351\" data-end=\"369\">3-4 cestuj\u00edc\u00ed<\/strong> s komfortem.<br data-start=\"383\" data-end=\"386\" \/>\u2744\ufe0f <strong data-start=\"389\" data-end=\"430\">Pr\u00e9miov\u00e1 sedadla a pln\u00e1 klimatizace<\/strong>.<br data-start=\"431\" data-end=\"434\" \/>\ud83d\udc68\u200d\u2708\ufe0f <strong data-start=\"440\" data-end=\"463\">Profesion\u00e1ln\u00ed \u0159idi\u010d<\/strong> zaji\u0161t\u011bn\u00ed bezpe\u010dnosti a pohodl\u00ed.<br data-start=\"496\" data-end=\"499\" \/>\ud83d\udccd Ide\u00e1ln\u00ed pro <strong data-start=\"512\" data-end=\"583\" data-is-only-node=\"\">transfery z leti\u0161t\u011b, vyzvednut\u00ed v hotelu, slu\u017eebn\u00ed cesty nebo soukrom\u00e9 j\u00edzdy.<\/strong>.<\/p>\n<p data-start=\"588\" data-end=\"698\">\u2728 Hyundai Elantra je <strong data-start=\"617\" data-end=\"695\">chytr\u00e1 volba pro ty, kte\u0159\u00ed oce\u0148uj\u00ed pohodl\u00ed, spolehlivost a modern\u00ed eleganci.<\/strong>.<\/p>\n<p data-start=\"588\" data-end=\"698\"><em><strong>Pozn:<\/strong> cena za\u010d\u00edn\u00e1 na 10 a z\u00e1le\u017e\u00ed na tom, kam jdete.<\/em><\/p>\n\n    <div class=\"xs_social_share_widget xs_share_url after_content \t\tmain_content  wslu-style-1 wslu-share-box-shaped wslu-fill-colored wslu-none wslu-share-horizontal wslu-theme-font-no wslu-main_content\">\n\n\t\t\n        <ul>\n\t\t\t        <\/ul>\n    <\/div>","protected":false},"excerpt":{"rendered":"<p>&nbsp;<\/p>\n<div id=\"simple-translate\" class=\"simple-translate-system-theme\">\n<div>\n<div class=\"simple-translate-button isShow\" style=\"background-image: url('chrome-extension:\/\/cllnohpbfenopiakdcjmjcbaeapmkcdl\/icons\/512.png'); height: 22px; width: 22px; top: 33px; left: -20px;\"><\/div>\n<div class=\"simple-translate-panel\" style=\"width: 300px; height: 200px; top: 0px; left: 0px; font-size: 13px;\">\n<div class=\"simple-translate-result-wrapper\" style=\"overflow: hidden;\">\n<div class=\"simple-translate-move\" draggable=\"true\"><\/div>\n<div class=\"simple-translate-result-contents\">\n<p class=\"simple-translate-candidate\" dir=\"auto\">\n<\/div>\n<\/div>\n<\/div>\n<\/div>\n<\/div>","protected":false},"featured_media":13924,"comment_status":"open","ping_status":"closed","template":"","meta":{"postBodyCss":"","postBodyMargin":[],"postBodyPadding":[],"postBodyBackground":{"backgroundType":"classic","gradient":""}},"product_brand":[],"product_cat":[],"product_tag":[],"class_list":{"0":"post-12781","1":"product","2":"type-product","3":"status-publish","4":"has-post-thumbnail","6":"tour_phys-sedan-cars","7":"pa_destination-mini-buses","8":"pa_month-april","9":"pa_month-december","10":"pa_month-september","12":"first","13":"instock","14":"shipping-taxable","15":"purchasable","16":"product-type-tour_phys"},"_links":{"self":[{"href":"https:\/\/marsavibe.com\/cs\/wp-json\/wp\/v2\/product\/12781","targetHints":{"allow":["GET"]}}],"collection":[{"href":"https:\/\/marsavibe.com\/cs\/wp-json\/wp\/v2\/product"}],"about":[{"href":"https:\/\/marsavibe.com\/cs\/wp-json\/wp\/v2\/types\/product"}],"replies":[{"embeddable":true,"href":"https:\/\/marsavibe.com\/cs\/wp-json\/wp\/v2\/comments?post=12781"}],"wp:featuredmedia":[{"embeddable":true,"href":"https:\/\/marsavibe.com\/cs\/wp-json\/wp\/v2\/media\/13924"}],"wp:attachment":[{"href":"https:\/\/marsavibe.com\/cs\/wp-json\/wp\/v2\/media?parent=12781"}],"wp:term":[{"taxonomy":"product_brand","embeddable":true,"href":"https:\/\/marsavibe.com\/cs\/wp-json\/wp\/v2\/product_brand?post=12781"},{"taxonomy":"product_cat","embeddable":true,"href":"https:\/\/marsavibe.com\/cs\/wp-json\/wp\/v2\/product_cat?post=12781"},{"taxonomy":"product_tag","embeddable":true,"href":"https:\/\/marsavibe.com\/cs\/wp-json\/wp\/v2\/product_tag?post=12781"}],"curies":[{"name":"wp","href":"https:\/\/api.w.org\/{rel}","templated":true}]}}