{"id":12782,"date":"2025-08-21T20:56:18","date_gmt":"2025-08-21T20:56:18","guid":{"rendered":"https:\/\/marsavibe.com\/?post_type=product&#038;p=12782"},"modified":"2025-09-24T16:48:13","modified_gmt":"2025-09-24T16:48:13","slug":"hyundai-elantra","status":"publish","type":"product","link":"https:\/\/marsavibe.com\/tours\/hyundai-elantra","title":{"rendered":"Transfer z leti\u0161t\u011b"},"content":{"rendered":"<p>\u2708\ufe0f <strong><em>Transfer z leti\u0161t\u011b<\/em><\/strong><\/p>\n<p>U\u017eijte si hladk\u00fd a spolehliv\u00fd transfer z leti\u0161t\u011b s modern\u00edmi vozidly a profesion\u00e1ln\u00edmi \u0159idi\u010di. Zajist\u00edme, abyste dorazili v\u010das, bez stresu a v naprost\u00e9m pohodl\u00ed. A\u0165 u\u017e cestujete pracovn\u011b, nebo za z\u00e1bavou, zajist\u00edme v\u00e1m bezprobl\u00e9movou cestu d\u00edky sledov\u00e1n\u00ed let\u016f v re\u00e1ln\u00e9m \u010dase. \ud83d\udd52<\/p>\n<p>- **\ud83d\udd50 P\u0159esn\u00fd servis**: Sledujeme v\u00e1\u0161 let v re\u00e1ln\u00e9m \u010dase a upravujeme \u010dasy vyzvednut\u00ed, abyste nikdy ne\u010dekali.<br \/>\n- **\ud83d\ude97 Pohodln\u00e1 j\u00edzda**: Na\u0161e vozidla jsou vybavena ve\u0161ker\u00fdm komfortem, kter\u00fd pot\u0159ebujete pro p\u0159\u00edjemnou cestu.<br \/>\n- **\ud83d\udc68\u200d\u2708\ufe0f Profesion\u00e1ln\u00ed \u0159idi\u010di**: Na\u0161i \u0159idi\u010di jsou znal\u00ed oblasti a sna\u017e\u00ed se poskytovat vynikaj\u00edc\u00ed slu\u017eby z\u00e1kazn\u00edk\u016fm.<br \/>\n- **\ud83d\udc68\u200d\ud83d\udc69\u200d\ud83d\udc67\u200d\ud83d\udc66 Flexibiln\u00ed mo\u017enosti**: A\u0165 u\u017e cestujete sami, s rodinou nebo ve skupin\u011b, m\u00e1me pro v\u00e1s to spr\u00e1vn\u00e9 vozidlo, kter\u00e9 se p\u0159izp\u016fsob\u00ed va\u0161im pot\u0159eb\u00e1m.<br \/>\n- **\ud83d\udcbc Obchod a voln\u00fd \u010das**: Na\u0161e slu\u017eby jsou p\u0159izp\u016fsobeny tak, aby zajistily bezprobl\u00e9movou j\u00edzdu pro ka\u017ed\u00e9ho.<\/p>\n<p>Rezervujte si transfer z leti\u0161t\u011b je\u0161t\u011b dnes a u\u017eijte si klid, kter\u00fd v\u00e1m p\u0159in\u00e1\u0161\u00ed v\u011bdom\u00ed, \u017ee doraz\u00edte do c\u00edle v\u010das a v pohodl\u00ed. \ud83c\udf1f<\/p>\n\n    <div class=\"xs_social_share_widget xs_share_url after_content \t\tmain_content  wslu-style-1 wslu-share-box-shaped wslu-fill-colored wslu-none wslu-share-horizontal wslu-theme-font-no wslu-main_content\">\n\n\t\t\n        <ul>\n\t\t\t        <\/ul>\n    <\/div>","protected":false},"excerpt":{"rendered":"<p>&nbsp;<\/p>\n<div id=\"simple-translate\" class=\"simple-translate-system-theme\">\n<div>\n<div class=\"simple-translate-button isShow\" style=\"background-image: url('chrome-extension:\/\/cllnohpbfenopiakdcjmjcbaeapmkcdl\/icons\/512.png'); height: 22px; width: 22px; top: 33px; left: -20px;\"><\/div>\n<div class=\"simple-translate-panel\" style=\"width: 300px; height: 200px; top: 0px; left: 0px; font-size: 13px;\">\n<div class=\"simple-translate-result-wrapper\" style=\"overflow: hidden;\">\n<div class=\"simple-translate-move\" draggable=\"true\"><\/div>\n<div class=\"simple-translate-result-contents\">\n<p class=\"simple-translate-candidate\" dir=\"auto\">\n<\/div>\n<\/div>\n<\/div>\n<\/div>\n<\/div>","protected":false},"featured_media":14277,"comment_status":"open","ping_status":"closed","template":"","meta":{"postBodyCss":"","postBodyMargin":[],"postBodyPadding":[],"postBodyBackground":{"backgroundType":"classic","gradient":""}},"product_brand":[],"product_cat":[],"product_tag":[],"class_list":{"0":"post-12782","1":"product","2":"type-product","3":"status-publish","4":"has-post-thumbnail","6":"tour_phys-mini-buses","7":"tour_phys-suv-family-cars","8":"pa_destination-sedan-cars","9":"pa_month-april","10":"pa_month-december","11":"pa_month-september","13":"first","14":"instock","15":"sale","16":"shipping-taxable","17":"purchasable","18":"product-type-tour_phys"},"_links":{"self":[{"href":"https:\/\/marsavibe.com\/cs\/wp-json\/wp\/v2\/product\/12782","targetHints":{"allow":["GET"]}}],"collection":[{"href":"https:\/\/marsavibe.com\/cs\/wp-json\/wp\/v2\/product"}],"about":[{"href":"https:\/\/marsavibe.com\/cs\/wp-json\/wp\/v2\/types\/product"}],"replies":[{"embeddable":true,"href":"https:\/\/marsavibe.com\/cs\/wp-json\/wp\/v2\/comments?post=12782"}],"wp:featuredmedia":[{"embeddable":true,"href":"https:\/\/marsavibe.com\/cs\/wp-json\/wp\/v2\/media\/14277"}],"wp:attachment":[{"href":"https:\/\/marsavibe.com\/cs\/wp-json\/wp\/v2\/media?parent=12782"}],"wp:term":[{"taxonomy":"product_brand","embeddable":true,"href":"https:\/\/marsavibe.com\/cs\/wp-json\/wp\/v2\/product_brand?post=12782"},{"taxonomy":"product_cat","embeddable":true,"href":"https:\/\/marsavibe.com\/cs\/wp-json\/wp\/v2\/product_cat?post=12782"},{"taxonomy":"product_tag","embeddable":true,"href":"https:\/\/marsavibe.com\/cs\/wp-json\/wp\/v2\/product_tag?post=12782"}],"curies":[{"name":"wp","href":"https:\/\/api.w.org\/{rel}","templated":true}]}}