{"id":13811,"date":"2025-08-30T09:52:48","date_gmt":"2025-08-30T09:52:48","guid":{"rendered":"https:\/\/marsavibe.com\/?post_type=product&#038;p=13811"},"modified":"2025-12-07T19:45:09","modified_gmt":"2025-12-07T19:45:09","slug":"samadai-reef-dolphin-house","status":"publish","type":"product","link":"https:\/\/marsavibe.com\/tours\/samadai-reef-dolphin-house","title":{"rendered":"Samadai \"D\u016fm delf\u00edn\u016f\""},"content":{"rendered":"<h2 data-start=\"88\" data-end=\"140\"><strong><em>\ud83d\udc2c Delf\u00edn\u00ed d\u016fm - dobrodru\u017estv\u00ed v Rud\u00e9m mo\u0159i<\/em><\/strong><\/h2>\n<p data-start=\"142\" data-end=\"222\">\ud83d\udcdd<strong data-start=\"90\" data-end=\"134\"><em>Doba trv\u00e1n\u00ed:<\/em>\u00a0 <\/strong><strong><em>z (7-8 na 3-4)<\/em><\/strong><\/p>\n<p>\ud83d\udc2c Objevte kouzlo Samadai (Delf\u00edn\u00ed d\u016fm)! \ud83c\udf0a\u2728<\/p>\n<p>Vydejte se s n\u00e1mi na nezapomenuteln\u00e9 osmihodinov\u00e9 dobrodru\u017estv\u00ed v Rud\u00e9m mo\u0159i a poznejte sv\u011btozn\u00e1m\u00fd \u00fates Samadai - domov delf\u00edn\u016f.<\/p>\n<p>\u2e3b<\/p>\n<p>\u2b50 <em><strong>Nejd\u016fle\u017eit\u011bj\u0161\u00ed informace:<\/strong><\/em><br \/>\n- \ud83d\udc20 Dv\u011b zast\u00e1vky na \u0161norchlov\u00e1n\u00ed - plav\u00e1n\u00ed mezi barevn\u00fdmi rybami a kor\u00e1lov\u00fdmi \u00fatesy<br \/>\n- \ud83d\udc2c Nav\u0161tivte Delf\u00edn\u00ed d\u016fm Samadai - sledujte hrav\u00e9 delf\u00edny v jejich p\u0159irozen\u00e9m prost\u0159ed\u00ed<br \/>\n- \ud83e\udd3f Dobrodru\u017estv\u00ed p\u0159i \u0161norchlov\u00e1n\u00ed s pr\u016fvodcem - Bezpe\u010dn\u00e9 a z\u00e1bavn\u00e9 s profesion\u00e1ln\u00edmi instruktory<br \/>\n- \ud83e\udd9c Pozorov\u00e1n\u00ed divok\u00e9 p\u0159\u00edrody - Poznejte exotick\u00e9 pt\u00e1ky a pestr\u00fd mo\u0159sk\u00fd \u017eivot<\/p>\n<p>\u2e3b<\/p>\n<p>\ud83c\udf81 <strong><em>Co je sou\u010d\u00e1st\u00ed balen\u00ed:<\/em><\/strong><br \/>\n- \ud83d\ude90 Hotelov\u00fd transfer - vyzvednut\u00ed a odvoz pohodln\u00fdm vozidlem s klimatizac\u00ed<br \/>\n- \ud83e\udd7d \u0160norchlovac\u00ed vybaven\u00ed je k dispozici - maska, ploutve, \u0161norchl a z\u00e1chrann\u00e1 vesta<br \/>\n- \ud83c\udf74 Ob\u011bd a nealkoholick\u00e9 n\u00e1poje - lahodn\u00e9 j\u00eddlo pod\u00e1van\u00e9 na palub\u011b lodi<br \/>\n- \ud83d\udc68\u200d\ud83c\udfeb Odborn\u00ed pr\u016fvodci - pomoc pro za\u010d\u00e1te\u010dn\u00edky i zku\u0161en\u00e9 \u0161norchla\u0159e<\/p>\n<p>\u2e3b<\/p>\n<p>\ud83d\udcc5 Dokonal\u00e1 kombinace dobrodru\u017estv\u00ed a relaxace:<\/p>\n<p>\u2714 \u0160norchlov\u00e1n\u00ed na nedot\u010den\u00fdch \u00fatesech \ud83d\udc1f<br \/>\n\u2714 Setk\u00e1n\u00ed s delf\u00edny v Samadai \ud83d\udc2c<br \/>\n\u2714 Relaxujte a vychutnejte si ob\u011bd na palub\u011b \ud83c\udf72<br \/>\n\u2714 Vytvo\u0159te si nezapomenuteln\u00e9 vzpom\u00ednky na Rud\u00e9 mo\u0159e \u2728<\/p>\n<p>\u2e3b<\/p>\n<p><strong><em>\ud83d\udccc Rezervujte si sv\u016fj z\u00e1\u017eitek na Samadai je\u0161t\u011b dnes!<\/em><\/strong><\/p>\n<p>Po\u010det m\u00edst je omezen - nenechte si uj\u00edt p\u0159\u00edle\u017eitost plavat tam, kde si hraj\u00ed delf\u00edni! \ud83c\udf0a\ud83d\udc2c\ud83d\udea4<\/p>\n\n    <div class=\"xs_social_share_widget xs_share_url after_content \t\tmain_content  wslu-style-1 wslu-share-box-shaped wslu-fill-colored wslu-none wslu-share-horizontal wslu-theme-font-no wslu-main_content\">\n\n\t\t\n        <ul>\n\t\t\t        <\/ul>\n    <\/div>","protected":false},"excerpt":{"rendered":"<p>\ud83d\udc2c Delf\u00edn\u00ed d\u016fm - dobrodru\u017estv\u00ed v Rud\u00e9m mo\u0159i<br \/>\n\ud83d\udcddDuration:\u00a0 from (7-8 to 3-4)<br \/>\n\ud83d\udc2c Objevte kouzlo Samadai (Delf\u00edn\u00ed d\u016fm)! \ud83c\udf0a\u2728<br \/>\nJoin us for an unforgettable 8-hour Red Sea <\/p>","protected":false},"featured_media":14430,"comment_status":"open","ping_status":"closed","template":"","meta":{"postBodyCss":"","postBodyMargin":[],"postBodyPadding":[],"postBodyBackground":{"backgroundType":"classic","gradient":""}},"product_brand":[],"product_cat":[],"product_tag":[],"class_list":{"0":"post-13811","1":"product","2":"type-product","3":"status-publish","4":"has-post-thumbnail","6":"tour_phys-sea-trips","8":"first","9":"instock","10":"shipping-taxable","11":"purchasable","12":"product-type-tour_phys"},"_links":{"self":[{"href":"https:\/\/marsavibe.com\/cs\/wp-json\/wp\/v2\/product\/13811","targetHints":{"allow":["GET"]}}],"collection":[{"href":"https:\/\/marsavibe.com\/cs\/wp-json\/wp\/v2\/product"}],"about":[{"href":"https:\/\/marsavibe.com\/cs\/wp-json\/wp\/v2\/types\/product"}],"replies":[{"embeddable":true,"href":"https:\/\/marsavibe.com\/cs\/wp-json\/wp\/v2\/comments?post=13811"}],"wp:featuredmedia":[{"embeddable":true,"href":"https:\/\/marsavibe.com\/cs\/wp-json\/wp\/v2\/media\/14430"}],"wp:attachment":[{"href":"https:\/\/marsavibe.com\/cs\/wp-json\/wp\/v2\/media?parent=13811"}],"wp:term":[{"taxonomy":"product_brand","embeddable":true,"href":"https:\/\/marsavibe.com\/cs\/wp-json\/wp\/v2\/product_brand?post=13811"},{"taxonomy":"product_cat","embeddable":true,"href":"https:\/\/marsavibe.com\/cs\/wp-json\/wp\/v2\/product_cat?post=13811"},{"taxonomy":"product_tag","embeddable":true,"href":"https:\/\/marsavibe.com\/cs\/wp-json\/wp\/v2\/product_tag?post=13811"}],"curies":[{"name":"wp","href":"https:\/\/api.w.org\/{rel}","templated":true}]}}