{"id":13821,"date":"2025-08-30T10:02:32","date_gmt":"2025-08-30T10:02:32","guid":{"rendered":"https:\/\/marsavibe.com\/?post_type=product&#038;p=13821"},"modified":"2025-12-07T19:41:43","modified_gmt":"2025-12-07T19:41:43","slug":"abu-dabbab-beach","status":"publish","type":"product","link":"https:\/\/marsavibe.com\/tours\/abu-dabbab-beach","title":{"rendered":"Pl\u00e1\u017e Abu Dabbab"},"content":{"rendered":"<h2 data-start=\"129\" data-end=\"166\">\ud83d\udc22 <em>Z\u00e1toka Abu Dabbab - \u017delv\u00ed pl\u00e1\u017e:<\/em><\/h2>\n<p data-start=\"168\" data-end=\"455\">V\u00edtejte v <strong data-start=\"179\" data-end=\"197\">Z\u00e1toka Abu Dabbab<\/strong>, jedn\u00e9 z nejzn\u00e1m\u011bj\u0161\u00edch a nejjedine\u010dn\u011bj\u0161\u00edch destinac\u00ed v Marsa Alam. Celosv\u011btov\u011b zn\u00e1m\u00fd jako <strong data-start=\"275\" data-end=\"293\">\"Turtle Beach\"<\/strong>, v tomto p\u0159\u00edrodn\u00edm r\u00e1ji se snoub\u00ed jemn\u00fd b\u00edl\u00fd p\u00edsek, k\u0159i\u0161\u0165\u00e1lov\u011b \u010dist\u00e1 voda a \u017eiv\u00fd mo\u0159sk\u00fd \u017eivot, a proto ho mus\u00ed nav\u0161t\u00edvit jak milovn\u00edci \u0161norchlov\u00e1n\u00ed, tak milovn\u00edci p\u0159\u00edrody.<\/p>\n<h3 data-start=\"457\" data-end=\"481\">\ud83c\udf0a<em> Co v\u00e1s \u010dek\u00e1:<\/em><\/h3>\n<ul>\n<li>\ud83d\udc22 <strong data-start=\"487\" data-end=\"502\">Mo\u0159sk\u00e9 \u017eelvy<\/strong> - Na pl\u00e1\u017ei m\u016f\u017eete pozorovat krmen\u00ed nebo hn\u00edzd\u011bn\u00ed \u017eelv zelenav\u00fdch a \u017eelv ostronos\u00fdch.<\/li>\n<li>\ud83e\udda6 <strong data-start=\"579\" data-end=\"594\">Vz\u00e1cn\u00fd dugong<\/strong> - V\u0161imn\u011bte si, jak se na louk\u00e1ch s mo\u0159skou tr\u00e1vou pase \"mo\u0159sk\u00e1 kr\u00e1va\".<\/li>\n<li>\ud83e\udd3f <strong data-start=\"663\" data-end=\"686\">\u0160norchlov\u00e1n\u00ed a pot\u00e1p\u011bn\u00ed<\/strong> - Prozkoumejte dva \u00fa\u017easn\u00e9 \u00fatesy pln\u00e9 barevn\u00fdch kor\u00e1l\u016f, \u00fatesov\u00fdch ryb, rejnok\u016f a dokonce i mal\u00fdch vrak\u016f.<\/li>\n<li>\ud83d\udc20 <strong data-start=\"798\" data-end=\"818\">Mo\u0159sk\u00e1 rozmanitost<\/strong> - Objevte lv\u00ed\u010dky, mot\u00fdlovce, kytarov\u00e9 \u017eraloky a nespo\u010det dal\u0161\u00edch podmo\u0159sk\u00fdch druh\u016f.<\/li>\n<\/ul>\n<h3 data-start=\"913\" data-end=\"940\">\ud83c\udfdd\ufe0f Perfektn\u00ed den na pl\u00e1\u017ei:<\/h3>\n<ul>\n<li data-start=\"943\" data-end=\"1015\">\ud83c\udfd6\ufe0f Relaxujte na jemn\u00e9m p\u00edsku s leh\u00e1tky, slune\u010dn\u00edky a pl\u00e1\u017eov\u00fdm vybaven\u00edm.<\/li>\n<li data-start=\"1018\" data-end=\"1096\">\ud83d\udeb6\u200d\u2642\ufe0f Snadn\u00fd vstup do vody, ide\u00e1ln\u00ed pro za\u010d\u00e1te\u010dn\u00edky i zku\u0161en\u00e9 \u0161norchla\u0159e.<\/li>\n<li data-start=\"1099\" data-end=\"1162\">\ud83d\udcf8 Zachy\u0165te nezapomenuteln\u00e9 okam\u017eiky nad hladinou i pod n\u00ed.<\/li>\n<\/ul>\n<h3 data-start=\"1164\" data-end=\"1187\">\u2705 Co je sou\u010d\u00e1st\u00ed balen\u00ed:<\/h3>\n<ul>\n<li data-start=\"1190\" data-end=\"1251\">\ud83d\ude90 vyzvednut\u00ed v hotelu a odvoz klimatizovan\u00fdm vozidlem<\/li>\n<li data-start=\"63\" data-end=\"185\">\ud83e\udd3f \u0160norchlovac\u00ed vybaven\u00ed a z\u00e1chrann\u00e9 vesty <em data-start=\"102\" data-end=\"128\">(k dispozici na vy\u017e\u00e1d\u00e1n\u00ed)<\/em><\/li>\n<li data-start=\"63\" data-end=\"185\">\ud83d\udc68\u200d\ud83c\udfeb Profesion\u00e1ln\u00ed pr\u016fvodce p\u0159i \u0161norchlov\u00e1n\u00ed <em data-start=\"167\" data-end=\"183\">(na vy\u017e\u00e1d\u00e1n\u00ed)<\/em><\/li>\n<li data-start=\"1337\" data-end=\"1386\">\ud83e\udd57 Ob\u011bd a nealkoholick\u00e9 n\u00e1poje (v z\u00e1vislosti na bal\u00ed\u010dku)<\/li>\n<li data-start=\"1389\" data-end=\"1437\">\ud83c\udfd6\ufe0f Pln\u00fd p\u0159\u00edstup do za\u0159\u00edzen\u00ed na pl\u00e1\u017ei Abu Dabbab<\/li>\n<\/ul>\n<h3 data-start=\"1439\" data-end=\"1469\">\u2139\ufe0f D\u016fle\u017eit\u00e9 informace:<\/h3>\n<ul>\n<li data-start=\"1572\" data-end=\"1672\">\ud83d\udee1\ufe0f Jedn\u00e1 se o <strong data-start=\"1586\" data-end=\"1611\">chr\u00e1n\u011bn\u00e1 mo\u0159sk\u00e1 oblast<\/strong> - nedot\u00fdkejte se kor\u00e1l\u016f a neru\u0161te voln\u011b \u017eij\u00edc\u00ed \u017eivo\u010dichy.<\/li>\n<li data-start=\"1675\" data-end=\"1743\">\u23f3 Celodenn\u00ed v\u00fdlet: obvykle <strong data-start=\"1702\" data-end=\"1740\">od \u010dasn\u00e9ho r\u00e1na do pozdn\u00edho odpoledne<\/strong>.<\/li>\n<li data-start=\"1746\" data-end=\"1799\">\ud83d\udccd Um\u00edst\u011bn\u00ed: ~30-35 km ji\u017en\u011b od leti\u0161t\u011b Marsa Alam.<\/li>\n<\/ul>\n<p data-start=\"1801\" data-end=\"1987\">\u2728 A\u0165 u\u017e sn\u00edte o plav\u00e1n\u00ed pod\u00e9l \u017eelv, douf\u00e1te v kouzeln\u00e9 setk\u00e1n\u00ed s dugongem, nebo prost\u011b jen relaxujete v r\u00e1ji, <strong data-start=\"1923\" data-end=\"1985\">Z\u00e1toka Abu Dabbab nab\u00edz\u00ed nezapomenuteln\u00fd z\u00e1\u017eitek u Rud\u00e9ho mo\u0159e.<\/strong><\/p>\n\n    <div class=\"xs_social_share_widget xs_share_url after_content \t\tmain_content  wslu-style-1 wslu-share-box-shaped wslu-fill-colored wslu-none wslu-share-horizontal wslu-theme-font-no wslu-main_content\">\n\n\t\t\n        <ul>\n\t\t\t        <\/ul>\n    <\/div>","protected":false},"excerpt":{"rendered":"<p>\ud83d\udc22 Abu Dabbab Bay \u2013 Turtle Beach:<br \/>\nWelcome to Abu Dabbab Bay, one of Marsa Alam\u2019s most iconic and unique destinations. Known worldwide as \u201cTurtle Beach\u201d, this natural paradise combines <\/p>","protected":false},"featured_media":14465,"comment_status":"open","ping_status":"closed","template":"","meta":{"postBodyCss":"","postBodyMargin":[],"postBodyPadding":[],"postBodyBackground":{"backgroundType":"classic","gradient":""}},"product_brand":[],"product_cat":[],"product_tag":[],"class_list":{"0":"post-13821","1":"product","2":"type-product","3":"status-publish","4":"has-post-thumbnail","6":"tour_phys-city-tour","7":"tour_phys-marsa-alam-city-tours","8":"tour_phys-sea-trips","9":"tour_phys-sedan-cars","10":"tour_phys-suv-family-cars","12":"first","13":"instock","14":"shipping-taxable","15":"purchasable","16":"product-type-tour_phys"},"_links":{"self":[{"href":"https:\/\/marsavibe.com\/cs\/wp-json\/wp\/v2\/product\/13821","targetHints":{"allow":["GET"]}}],"collection":[{"href":"https:\/\/marsavibe.com\/cs\/wp-json\/wp\/v2\/product"}],"about":[{"href":"https:\/\/marsavibe.com\/cs\/wp-json\/wp\/v2\/types\/product"}],"replies":[{"embeddable":true,"href":"https:\/\/marsavibe.com\/cs\/wp-json\/wp\/v2\/comments?post=13821"}],"wp:featuredmedia":[{"embeddable":true,"href":"https:\/\/marsavibe.com\/cs\/wp-json\/wp\/v2\/media\/14465"}],"wp:attachment":[{"href":"https:\/\/marsavibe.com\/cs\/wp-json\/wp\/v2\/media?parent=13821"}],"wp:term":[{"taxonomy":"product_brand","embeddable":true,"href":"https:\/\/marsavibe.com\/cs\/wp-json\/wp\/v2\/product_brand?post=13821"},{"taxonomy":"product_cat","embeddable":true,"href":"https:\/\/marsavibe.com\/cs\/wp-json\/wp\/v2\/product_cat?post=13821"},{"taxonomy":"product_tag","embeddable":true,"href":"https:\/\/marsavibe.com\/cs\/wp-json\/wp\/v2\/product_tag?post=13821"}],"curies":[{"name":"wp","href":"https:\/\/api.w.org\/{rel}","templated":true}]}}