{"id":13831,"date":"2025-08-30T10:11:44","date_gmt":"2025-08-30T10:11:44","guid":{"rendered":"https:\/\/marsavibe.com\/?post_type=product&#038;p=13831"},"modified":"2025-12-07T19:37:35","modified_gmt":"2025-12-07T19:37:35","slug":"el-qulan-sharm-el-luli","status":"publish","type":"product","link":"https:\/\/marsavibe.com\/tours\/el-qulan-sharm-el-luli","title":{"rendered":"Sharm El Luli a El Qulaan"},"content":{"rendered":"<h1 data-start=\"204\" data-end=\"265\">\ud83c\udf3f El Qulan Mangrovov\u00fd les a \ud83c\udfdd\ufe0f Sharm El Luli Exkurze<\/h1>\n<p data-start=\"267\" data-end=\"343\">\u2728 Objevte dva skryt\u00e9 klenoty pob\u0159e\u017e\u00ed Rud\u00e9ho mo\u0159e b\u011bhem jednoho nezapomenuteln\u00e9ho v\u00fdletu!<\/p>\n<hr data-start=\"345\" data-end=\"348\" \/>\n<h3 data-start=\"350\" data-end=\"383\">\ud83c\udf3f El Qulansk\u00fd mangrovov\u00fd les<\/h3>\n<ul data-start=\"384\" data-end=\"500\">\n<li data-start=\"384\" data-end=\"411\">\n<p data-start=\"386\" data-end=\"411\">K\u0159i\u0161\u0165\u00e1lov\u011b \u010dist\u00e1 voda \ud83c\udf0a<\/p>\n<\/li>\n<li data-start=\"412\" data-end=\"441\">\n<p data-start=\"414\" data-end=\"441\">Barevn\u00e9 kor\u00e1lov\u00e9 zahrady \ud83e\udeb8<\/p>\n<\/li>\n<li data-start=\"442\" data-end=\"465\">\n<p data-start=\"444\" data-end=\"465\">Bohat\u00fd mo\u0159sk\u00fd \u017eivot \ud83d\udc20<\/p>\n<\/li>\n<li data-start=\"466\" data-end=\"500\">\n<p data-start=\"468\" data-end=\"500\">\u010cist\u00e9 spojen\u00ed s p\u0159\u00edrodou \ud83c\udf43<\/p>\n<\/li>\n<\/ul>\n<hr data-start=\"502\" data-end=\"505\" \/>\n<h3 data-start=\"507\" data-end=\"536\">\ud83c\udfdd\ufe0f Pl\u00e1\u017e Sharm El Luli<\/h3>\n<ul data-start=\"537\" data-end=\"659\">\n<li data-start=\"537\" data-end=\"562\">\n<p data-start=\"539\" data-end=\"562\">B\u00edl\u00e1 p\u00edse\u010dn\u00e1 pl\u00e1\u017e \ud83c\udfd6\ufe0f<\/p>\n<\/li>\n<li data-start=\"563\" data-end=\"586\">\n<p data-start=\"565\" data-end=\"586\">Tyrkysov\u00e9 vody \ud83d\udc8e<\/p>\n<\/li>\n<li data-start=\"587\" data-end=\"621\">\n<p data-start=\"589\" data-end=\"621\">\u0160norchlov\u00e1n\u00ed v \u017eiv\u00fdch \u00fatesech \ud83e\udd3f<\/p>\n<\/li>\n<li data-start=\"622\" data-end=\"659\">\n<p data-start=\"624\" data-end=\"659\">Perfektn\u00ed m\u00edsto pro relaxaci a odpo\u010dinek \ud83d\ude0c<\/p>\n<\/li>\n<\/ul>\n<hr data-start=\"661\" data-end=\"664\" \/>\n<h3 data-start=\"666\" data-end=\"688\">\ud83d\ude90 V\u00fdlet zahrnuje<\/h3>\n<ul data-start=\"689\" data-end=\"772\">\n<li data-start=\"689\" data-end=\"729\">\n<p data-start=\"691\" data-end=\"729\">Pohodln\u00e9 vyzvednut\u00ed a odvoz z hotelu<\/p>\n<\/li>\n<li data-start=\"730\" data-end=\"772\">\n<p data-start=\"732\" data-end=\"772\">Relaxace + pozn\u00e1v\u00e1n\u00ed v jednom dni \ud83c\udf1e<\/p>\n<\/li>\n<\/ul>\n<p data-start=\"774\" data-end=\"842\">\ud83d\udc49 Z\u00e1\u017eitek pro milovn\u00edky p\u0159\u00edrody a mo\u0159sk\u00fdch dobrodru\u017estv\u00ed! \ud83c\udf0a\u2728<\/p>\n<hr data-start=\"844\" data-end=\"847\" \/>\n<h2 data-start=\"849\" data-end=\"891\">\ud83d\udcb0 Podrobnosti o bal\u00ed\u010dku (flexibiln\u00ed mo\u017enosti)<\/h2>\n<ul data-start=\"892\" data-end=\"1121\">\n<li data-start=\"892\" data-end=\"938\">\n<p data-start=\"894\" data-end=\"938\">\u2705 V\u0161echny vstupn\u00e9 a vstupenky v cen\u011b \ud83c\udf9f\ufe0f<\/p>\n<\/li>\n<li data-start=\"939\" data-end=\"984\">\n<p data-start=\"941\" data-end=\"984\">\u2705 Osv\u011b\u017euj\u00edc\u00ed n\u00e1poje po cel\u00fd den \ud83e\udd64<\/p>\n<\/li>\n<li data-start=\"985\" data-end=\"1017\">\n<p data-start=\"987\" data-end=\"1017\">\u2705 Soukrom\u00e9 auto s \u0159idi\u010dem \ud83d\ude90<\/p>\n<\/li>\n<li data-start=\"1018\" data-end=\"1071\">\n<p data-start=\"1020\" data-end=\"1071\">\u2705 Profesion\u00e1ln\u00ed pr\u016fvodce na vy\u017e\u00e1d\u00e1n\u00ed \ud83d\udc68\u200d\ud83c\udfeb<\/p>\n<\/li>\n<li data-start=\"1072\" data-end=\"1121\">\n<p data-start=\"1074\" data-end=\"1121\">\u2705 Transparentn\u00ed ceny bez skryt\u00fdch n\u00e1klad\u016f \ud83d\udcb5<\/p>\n<\/li>\n<\/ul>\n\n    <div class=\"xs_social_share_widget xs_share_url after_content \t\tmain_content  wslu-style-1 wslu-share-box-shaped wslu-fill-colored wslu-none wslu-share-horizontal wslu-theme-font-no wslu-main_content\">\n\n\t\t\n        <ul>\n\t\t\t        <\/ul>\n    <\/div>","protected":false},"excerpt":{"rendered":"<p>\ud83c\udf3f El Qulan Mangrovov\u00fd les a \ud83c\udfdd\ufe0f Sharm El Luli Exkurze<br \/>\n\u2728 Objevte dva skryt\u00e9 klenoty pob\u0159e\u017e\u00ed Rud\u00e9ho mo\u0159e b\u011bhem jednoho nezapomenuteln\u00e9ho v\u00fdletu!<\/p>\n<p>\ud83c\udf3f El Qulan Mangrove <\/p>","protected":false},"featured_media":14338,"comment_status":"open","ping_status":"closed","template":"","meta":{"postBodyCss":"","postBodyMargin":[],"postBodyPadding":[],"postBodyBackground":{"backgroundType":"classic","gradient":""}},"product_brand":[],"product_cat":[],"product_tag":[],"class_list":{"0":"post-13831","1":"product","2":"type-product","3":"status-publish","4":"has-post-thumbnail","6":"tour_phys-city-tour","7":"tour_phys-coaster-buses","8":"tour_phys-marsa-alam-city-tours","9":"tour_phys-mini-buses","10":"tour_phys-sea-trips","11":"tour_phys-sedan-cars","12":"tour_phys-suv-family-cars","14":"first","15":"instock","16":"shipping-taxable","17":"purchasable","18":"product-type-tour_phys"},"_links":{"self":[{"href":"https:\/\/marsavibe.com\/cs\/wp-json\/wp\/v2\/product\/13831","targetHints":{"allow":["GET"]}}],"collection":[{"href":"https:\/\/marsavibe.com\/cs\/wp-json\/wp\/v2\/product"}],"about":[{"href":"https:\/\/marsavibe.com\/cs\/wp-json\/wp\/v2\/types\/product"}],"replies":[{"embeddable":true,"href":"https:\/\/marsavibe.com\/cs\/wp-json\/wp\/v2\/comments?post=13831"}],"wp:featuredmedia":[{"embeddable":true,"href":"https:\/\/marsavibe.com\/cs\/wp-json\/wp\/v2\/media\/14338"}],"wp:attachment":[{"href":"https:\/\/marsavibe.com\/cs\/wp-json\/wp\/v2\/media?parent=13831"}],"wp:term":[{"taxonomy":"product_brand","embeddable":true,"href":"https:\/\/marsavibe.com\/cs\/wp-json\/wp\/v2\/product_brand?post=13831"},{"taxonomy":"product_cat","embeddable":true,"href":"https:\/\/marsavibe.com\/cs\/wp-json\/wp\/v2\/product_cat?post=13831"},{"taxonomy":"product_tag","embeddable":true,"href":"https:\/\/marsavibe.com\/cs\/wp-json\/wp\/v2\/product_tag?post=13831"}],"curies":[{"name":"wp","href":"https:\/\/api.w.org\/{rel}","templated":true}]}}