{"id":13848,"date":"2025-08-30T10:34:42","date_gmt":"2025-08-30T10:34:42","guid":{"rendered":"https:\/\/marsavibe.com\/?post_type=product&#038;p=13848"},"modified":"2025-12-07T19:34:46","modified_gmt":"2025-12-07T19:34:46","slug":"horse-riding-adventure","status":"publish","type":"product","link":"https:\/\/marsavibe.com\/tours\/horse-riding-adventure","title":{"rendered":"Jezdeck\u00e9 dobrodru\u017estv\u00ed"},"content":{"rendered":"<p data-start=\"100\" data-end=\"143\"><strong data-start=\"100\" data-end=\"141\">Zku\u0161enosti s j\u00edzdou na koni v Marsa Alam<\/strong><\/p>\n<p data-start=\"145\" data-end=\"419\">\ud83d\udc0e <strong data-start=\"47\" data-end=\"77\">J\u00edzda na koni v Port Ghalip<\/strong><\/p>\n<p data-start=\"145\" data-end=\"419\">\u2728 2hodinov\u00e9 dobrodru\u017estv\u00ed zlatou pou\u0161t\u00ed a pod\u00e9l Rud\u00e9ho mo\u0159e \ud83c\udf0a<br data-start=\"143\" data-end=\"146\" \/>\ud83d\udc69\u200d\ud83c\udfeb Pr\u016fvodci z \u0159ad profesion\u00e1ln\u00edch jezdc\u016f na kon\u00edch<br data-start=\"186\" data-end=\"189\" \/>\ud83d\udcab Ide\u00e1ln\u00ed pro za\u010d\u00e1te\u010dn\u00edky i zku\u0161en\u00e9 jezdce<br data-start=\"240\" data-end=\"243\" \/>\ud83d\udcf8 Nezapomenuteln\u00e9 vzpom\u00ednky v kr\u00e1s\u00e1ch p\u0159\u00edrody<\/p>\n<p data-start=\"683\" data-end=\"708\">\u2705 <strong data-start=\"685\" data-end=\"706\">Co je sou\u010d\u00e1st\u00ed balen\u00ed:<\/strong><\/p>\n<ul data-start=\"709\" data-end=\"935\">\n<li data-start=\"709\" data-end=\"751\">\n<p data-start=\"711\" data-end=\"751\">Vyzvednut\u00ed a p\u0159ed\u00e1n\u00ed v hotelu <strong>(je-li vybr\u00e1no)<\/strong><\/p>\n<\/li>\n<li data-start=\"752\" data-end=\"795\">\n<p data-start=\"754\" data-end=\"795\">Profesion\u00e1ln\u00ed pr\u016fvodce a bezpe\u010dnostn\u00ed vybaven\u00ed<\/p>\n<\/li>\n<li data-start=\"796\" data-end=\"862\">\n<p data-start=\"798\" data-end=\"862\">Dvouhodinov\u00e1 proj\u00ed\u017e\u010fka na koni po pl\u00e1\u017ei a v pou\u0161ti <strong>(je-li vybr\u00e1no)<\/strong><\/p>\n<\/li>\n<li data-start=\"863\" data-end=\"935\">\n<p data-start=\"865\" data-end=\"935\">T\u0159\u00edhodinov\u00fd program v\u010detn\u011b pou\u0161t\u011b, pl\u00e1\u017ee a koup\u00e1n\u00ed <strong>(je-li vybr\u00e1no)<\/strong><\/p>\n<\/li>\n<\/ul>\n<hr data-start=\"937\" data-end=\"942\" \/>\n<p data-start=\"944\" data-end=\"1116\" data-is-last-node=\"\" data-is-only-node=\"\">\n\n    <div class=\"xs_social_share_widget xs_share_url after_content \t\tmain_content  wslu-style-1 wslu-share-box-shaped wslu-fill-colored wslu-none wslu-share-horizontal wslu-theme-font-no wslu-main_content\">\n\n\t\t\n        <ul>\n\t\t\t        <\/ul>\n    <\/div>","protected":false},"excerpt":{"rendered":"<p>Zku\u0161enosti s j\u00edzdou na koni v Marsa Alam<br \/>\n\ud83d\udc0e Horse Riding in Port Ghalip<br \/>\n\u2728 2-hour adventure through golden desert &amp; along the Red Sea \ud83c\udf0a\ud83d\udc69\u200d\ud83c\udfeb Guided by professional equestrians\ud83d\udcab Perfect for <\/p>","protected":false},"featured_media":14435,"comment_status":"open","ping_status":"closed","template":"","meta":{"postBodyCss":"","postBodyMargin":[],"postBodyPadding":[],"postBodyBackground":{"backgroundType":"classic","gradient":""}},"product_brand":[],"product_cat":[],"product_tag":[],"class_list":{"0":"post-13848","1":"product","2":"type-product","3":"status-publish","4":"has-post-thumbnail","6":"tour_phys-safari-tours","8":"first","9":"instock","10":"shipping-taxable","11":"purchasable","12":"product-type-tour_phys"},"_links":{"self":[{"href":"https:\/\/marsavibe.com\/cs\/wp-json\/wp\/v2\/product\/13848","targetHints":{"allow":["GET"]}}],"collection":[{"href":"https:\/\/marsavibe.com\/cs\/wp-json\/wp\/v2\/product"}],"about":[{"href":"https:\/\/marsavibe.com\/cs\/wp-json\/wp\/v2\/types\/product"}],"replies":[{"embeddable":true,"href":"https:\/\/marsavibe.com\/cs\/wp-json\/wp\/v2\/comments?post=13848"}],"wp:featuredmedia":[{"embeddable":true,"href":"https:\/\/marsavibe.com\/cs\/wp-json\/wp\/v2\/media\/14435"}],"wp:attachment":[{"href":"https:\/\/marsavibe.com\/cs\/wp-json\/wp\/v2\/media?parent=13848"}],"wp:term":[{"taxonomy":"product_brand","embeddable":true,"href":"https:\/\/marsavibe.com\/cs\/wp-json\/wp\/v2\/product_brand?post=13848"},{"taxonomy":"product_cat","embeddable":true,"href":"https:\/\/marsavibe.com\/cs\/wp-json\/wp\/v2\/product_cat?post=13848"},{"taxonomy":"product_tag","embeddable":true,"href":"https:\/\/marsavibe.com\/cs\/wp-json\/wp\/v2\/product_tag?post=13848"}],"curies":[{"name":"wp","href":"https:\/\/api.w.org\/{rel}","templated":true}]}}