{"id":13863,"date":"2025-08-30T10:48:07","date_gmt":"2025-08-30T10:48:07","guid":{"rendered":"https:\/\/marsavibe.com\/?post_type=product&#038;p=13863"},"modified":"2025-08-30T10:48:07","modified_gmt":"2025-08-30T10:48:07","slug":"jeep-safari","status":"publish","type":"product","link":"https:\/\/marsavibe.com\/cs\/product\/jeep-safari\/","title":{"rendered":"Safari s d\u017e\u00edpy"},"content":{"rendered":"<p data-start=\"100\" data-end=\"157\"><strong data-start=\"100\" data-end=\"155\">Pou\u0161tn\u00ed safari na \u010dty\u0159kolk\u00e1ch a bedu\u00ednsk\u00e9 z\u00e1\u017eitky<\/strong><\/p>\n<p data-start=\"159\" data-end=\"266\">P\u0159ipravte se na nezapomenuteln\u00e9 dobrodru\u017estv\u00ed, kter\u00e9 spojuje vzru\u0161en\u00ed, tradice a kr\u00e1su pou\u0161t\u011b.<\/p>\n<ul data-start=\"268\" data-end=\"615\">\n<li data-start=\"268\" data-end=\"329\">\n<p data-start=\"270\" data-end=\"329\">J\u00edzda na \u010dty\u0159kolce zlat\u00fdmi \u00fadol\u00edmi pou\u0161t\u011b<\/p>\n<\/li>\n<li data-start=\"330\" data-end=\"399\">\n<p data-start=\"332\" data-end=\"399\">N\u00e1v\u0161t\u011bva bedu\u00ednsk\u00e9 vesnice a ochutn\u00e1vka \u010derstv\u011b upe\u010den\u00e9ho tradi\u010dn\u00edho chleba<\/p>\n<\/li>\n<li data-start=\"400\" data-end=\"446\">\n<p data-start=\"402\" data-end=\"446\">Za\u017eijte klidnou j\u00edzdu na velbloudech p\u0159i z\u00e1padu slunce<\/p>\n<\/li>\n<li data-start=\"447\" data-end=\"491\">\n<p data-start=\"449\" data-end=\"491\">Vychutnejte si ve\u010de\u0159i na grilu v hor\u00e1ch<\/p>\n<\/li>\n<li data-start=\"492\" data-end=\"615\">\n<p data-start=\"494\" data-end=\"615\">Ve\u010der zakon\u010dete z\u00e1bavnou bedu\u00ednskou show s hudbou, oh\u0148ov\u00fdmi vystoupen\u00edmi a b\u0159i\u0161n\u00edmi tanci pod hv\u011bzdami.<\/p>\n<\/li>\n<\/ul>\n<p data-start=\"617\" data-end=\"703\">\u2728 Jedine\u010dn\u00fd z\u00e1\u017eitek pln\u00fd dobrodru\u017estv\u00ed, kultury a kouzla pou\u0161t\u011b. \u2728<\/p>\n\n    <div class=\"xs_social_share_widget xs_share_url after_content \t\tmain_content  wslu-style-1 wslu-share-box-shaped wslu-fill-colored wslu-none wslu-share-horizontal wslu-theme-font-no wslu-main_content\">\n\n\t\t\n        <ul>\n\t\t\t        <\/ul>\n    <\/div>","protected":false},"excerpt":{"rendered":"<p>Pou\u0161tn\u00ed safari na \u010dty\u0159kolk\u00e1ch a bedu\u00ednsk\u00e9 z\u00e1\u017eitky<br \/>\nP\u0159ipravte se na nezapomenuteln\u00e9 dobrodru\u017estv\u00ed, kter\u00e9 spojuje vzru\u0161en\u00ed, tradice a kr\u00e1su pou\u0161t\u011b.<\/p>\n<p>\nRide a quad bike through <\/p>","protected":false},"featured_media":13864,"comment_status":"open","ping_status":"closed","template":"","meta":{"postBodyCss":"","postBodyMargin":[],"postBodyPadding":[],"postBodyBackground":{"backgroundType":"classic","gradient":""}},"product_brand":[],"product_cat":[15],"product_tag":[],"class_list":{"0":"post-13863","1":"product","2":"type-product","3":"status-publish","4":"has-post-thumbnail","6":"product_cat-uncategorized","8":"first","9":"instock","10":"shipping-taxable","11":"purchasable","12":"product-type-simple"},"_links":{"self":[{"href":"https:\/\/marsavibe.com\/cs\/wp-json\/wp\/v2\/product\/13863","targetHints":{"allow":["GET"]}}],"collection":[{"href":"https:\/\/marsavibe.com\/cs\/wp-json\/wp\/v2\/product"}],"about":[{"href":"https:\/\/marsavibe.com\/cs\/wp-json\/wp\/v2\/types\/product"}],"replies":[{"embeddable":true,"href":"https:\/\/marsavibe.com\/cs\/wp-json\/wp\/v2\/comments?post=13863"}],"wp:featuredmedia":[{"embeddable":true,"href":"https:\/\/marsavibe.com\/cs\/wp-json\/wp\/v2\/media\/13864"}],"wp:attachment":[{"href":"https:\/\/marsavibe.com\/cs\/wp-json\/wp\/v2\/media?parent=13863"}],"wp:term":[{"taxonomy":"product_brand","embeddable":true,"href":"https:\/\/marsavibe.com\/cs\/wp-json\/wp\/v2\/product_brand?post=13863"},{"taxonomy":"product_cat","embeddable":true,"href":"https:\/\/marsavibe.com\/cs\/wp-json\/wp\/v2\/product_cat?post=13863"},{"taxonomy":"product_tag","embeddable":true,"href":"https:\/\/marsavibe.com\/cs\/wp-json\/wp\/v2\/product_tag?post=13863"}],"curies":[{"name":"wp","href":"https:\/\/api.w.org\/{rel}","templated":true}]}}