{"id":13869,"date":"2025-08-30T10:54:47","date_gmt":"2025-08-30T10:54:47","guid":{"rendered":"https:\/\/marsavibe.com\/?post_type=product&#038;p=13869"},"modified":"2025-12-07T19:29:59","modified_gmt":"2025-12-07T19:29:59","slug":"aswan-abu-simbel-from-marsa-alam-or-port-ghalib","status":"publish","type":"product","link":"https:\/\/marsavibe.com\/tours\/aswan-abu-simbel-from-marsa-alam-or-port-ghalib","title":{"rendered":"Asu\u00e1n a Ab\u00fa Simbel"},"content":{"rendered":"<h1 data-start=\"99\" data-end=\"150\">\ud83c\udfdb\ufe0f Dvoudenn\u00ed soukrom\u00e1 prohl\u00eddka: Asu\u00e1n a Ab\u00fa Simbel \ud83c\udf0a<\/h1>\n<p data-start=\"152\" data-end=\"282\">\u2728 Prozkoumejte poklady ji\u017en\u00edho Egypta s <strong data-start=\"201\" data-end=\"228\">soukrom\u00e9 dvoudenn\u00ed dobrodru\u017estv\u00ed<\/strong> pln\u00e1 historie, kultury a \u00fachvatn\u00fdch pam\u00e1tek.<\/p>\n<hr data-start=\"284\" data-end=\"287\" \/>\n<h3 data-start=\"289\" data-end=\"311\">\ud83d\udccd Den 1 - Asu\u00e1n<\/h3>\n<ul data-start=\"312\" data-end=\"501\">\n<li data-start=\"312\" data-end=\"341\">\n<p data-start=\"314\" data-end=\"341\">\ud83d\udea2 Nav\u0161tivte <strong data-start=\"327\" data-end=\"339\">Vysok\u00e1 p\u0159ehrada<\/strong><\/p>\n<\/li>\n<li data-start=\"342\" data-end=\"390\">\n<p data-start=\"344\" data-end=\"390\">\ud83c\udfdb\ufe0f Prozkoumejte <strong data-start=\"360\" data-end=\"388\">Isidin chr\u00e1m ve Philae<\/strong><\/p>\n<\/li>\n<li data-start=\"391\" data-end=\"428\">\n<p data-start=\"393\" data-end=\"428\">\ud83e\udea8 Viz <strong data-start=\"404\" data-end=\"426\">Nedokon\u010den\u00fd obelisk<\/strong><\/p>\n<\/li>\n<li data-start=\"429\" data-end=\"470\">\n<p data-start=\"431\" data-end=\"470\">\u26f5 Relaxujte na <strong data-start=\"444\" data-end=\"468\">V\u00fdlet na plachetnici Felucca<\/strong><\/p>\n<\/li>\n<li data-start=\"471\" data-end=\"501\">\n<p data-start=\"473\" data-end=\"501\">\ud83d\udecc P\u0159enocov\u00e1n\u00ed v Asu\u00e1nu<\/p>\n<\/li>\n<\/ul>\n<hr data-start=\"503\" data-end=\"506\" \/>\n<h3 data-start=\"508\" data-end=\"535\">\ud83d\udccd Den 2 - Abu Simbel<\/h3>\n<ul data-start=\"536\" data-end=\"637\">\n<li data-start=\"536\" data-end=\"589\">\n<p data-start=\"538\" data-end=\"589\">\ud83c\udff0 Objevte <strong data-start=\"554\" data-end=\"587\">majest\u00e1tn\u00ed chr\u00e1my Ramsese II.<\/strong><\/p>\n<\/li>\n<li data-start=\"590\" data-end=\"637\">\n<p data-start=\"592\" data-end=\"637\">\ud83d\udc51 Obdivujte <strong data-start=\"606\" data-end=\"635\">Chr\u00e1m kr\u00e1lovny Nefertari<\/strong><\/p>\n<\/li>\n<\/ul>\n<hr data-start=\"639\" data-end=\"642\" \/>\n<h3 data-start=\"644\" data-end=\"660\">\u2705 V\u010detn\u011b<\/h3>\n<ul data-start=\"661\" data-end=\"862\">\n<li data-start=\"661\" data-end=\"686\">\n<p data-start=\"663\" data-end=\"686\">\ud83d\ude90 Vyzvednut\u00ed a p\u0159ed\u00e1n\u00ed<\/p>\n<\/li>\n<li data-start=\"687\" data-end=\"738\">\n<p data-start=\"689\" data-end=\"738\">\ud83d\ude96 Soukrom\u00e9 vozidlo (<strong data-start=\"709\" data-end=\"735\">minim\u00e1ln\u011b 6 \u00fa\u010dastn\u00edk\u016f<\/strong>)<\/p>\n<\/li>\n<li data-start=\"739\" data-end=\"767\">\n<p data-start=\"741\" data-end=\"767\">\ud83d\udc68\u200d\ud83c\udfeb Pr\u016fvodce egyptologem<\/p>\n<\/li>\n<li data-start=\"768\" data-end=\"788\">\n<p data-start=\"770\" data-end=\"788\">\ud83d\udca7 Balen\u00e1 voda<\/p>\n<\/li>\n<li data-start=\"789\" data-end=\"810\">\n<p data-start=\"791\" data-end=\"810\">\ud83c\udf74 Ob\u011bd v Asu\u00e1nu<\/p>\n<\/li>\n<li data-start=\"811\" data-end=\"836\">\n<p data-start=\"813\" data-end=\"836\">\ud83d\udecc 1 noc v hotelu<\/p>\n<\/li>\n<li data-start=\"837\" data-end=\"862\">\n<p data-start=\"839\" data-end=\"862\">\ud83c\udf9f\ufe0f Vstupenky<\/p>\n<\/li>\n<\/ul>\n<hr data-start=\"864\" data-end=\"867\" \/>\n<h3 data-start=\"869\" data-end=\"889\">\u274c Nen\u00ed sou\u010d\u00e1st\u00ed dod\u00e1vky<\/h3>\n<ul data-start=\"890\" data-end=\"936\">\n<li data-start=\"890\" data-end=\"914\">\n<p data-start=\"892\" data-end=\"914\">\ud83d\udcb0 Osobn\u00ed v\u00fddaje<\/p>\n<\/li>\n<li data-start=\"915\" data-end=\"936\">\n<p data-start=\"917\" data-end=\"936\">\u2795 Voliteln\u00e9 dopl\u0148ky<\/p>\n<\/li>\n<\/ul>\n<hr data-start=\"938\" data-end=\"941\" \/>\n<h3 data-start=\"943\" data-end=\"966\">\u2139\ufe0f D\u016fle\u017eit\u00e9 upozorn\u011bn\u00ed<\/h3>\n<p data-start=\"967\" data-end=\"1127\">Jedn\u00e1 se o <strong data-start=\"977\" data-end=\"993\">soukrom\u00e1 prohl\u00eddka<\/strong> s minim\u00e1ln\u00edm po\u010dtem 6 osob.<br data-start=\"1022\" data-end=\"1025\" \/>\ud83d\udc49 Pokud je va\u0161e skupina men\u0161\u00ed. <strong data-start=\"1058\" data-end=\"1124\">cena bude upravena podle po\u010dtu \u00fa\u010dastn\u00edk\u016f.<\/strong>.<\/p>\n<hr data-start=\"1022\" data-end=\"1027\" \/>\n<p data-start=\"1029\" data-end=\"1185\" data-is-last-node=\"\" data-is-only-node=\"\">\n\n    <div class=\"xs_social_share_widget xs_share_url after_content \t\tmain_content  wslu-style-1 wslu-share-box-shaped wslu-fill-colored wslu-none wslu-share-horizontal wslu-theme-font-no wslu-main_content\">\n\n\t\t\n        <ul>\n\t\t\t        <\/ul>\n    <\/div>","protected":false},"excerpt":{"rendered":"<p>\ud83c\udfdb\ufe0f Dvoudenn\u00ed soukrom\u00e1 prohl\u00eddka: Asu\u00e1n a Ab\u00fa Simbel \ud83c\udf0a<br \/>\n\u2728 Explore the treasures of southern Egypt with a private 2-day adventure filled with history, culture &amp; breathtaking sights.<\/p>\n<p>\ud83d\udccd <\/p>","protected":false},"featured_media":14434,"comment_status":"open","ping_status":"closed","template":"","meta":{"postBodyCss":"","postBodyMargin":[],"postBodyPadding":[],"postBodyBackground":{"backgroundType":"classic","gradient":""}},"product_brand":[],"product_cat":[],"product_tag":[],"class_list":{"0":"post-13869","1":"product","2":"type-product","3":"status-publish","4":"has-post-thumbnail","6":"tour_phys-cultural-trips","8":"first","9":"instock","10":"shipping-taxable","11":"purchasable","12":"product-type-tour_phys"},"_links":{"self":[{"href":"https:\/\/marsavibe.com\/cs\/wp-json\/wp\/v2\/product\/13869","targetHints":{"allow":["GET"]}}],"collection":[{"href":"https:\/\/marsavibe.com\/cs\/wp-json\/wp\/v2\/product"}],"about":[{"href":"https:\/\/marsavibe.com\/cs\/wp-json\/wp\/v2\/types\/product"}],"replies":[{"embeddable":true,"href":"https:\/\/marsavibe.com\/cs\/wp-json\/wp\/v2\/comments?post=13869"}],"wp:featuredmedia":[{"embeddable":true,"href":"https:\/\/marsavibe.com\/cs\/wp-json\/wp\/v2\/media\/14434"}],"wp:attachment":[{"href":"https:\/\/marsavibe.com\/cs\/wp-json\/wp\/v2\/media?parent=13869"}],"wp:term":[{"taxonomy":"product_brand","embeddable":true,"href":"https:\/\/marsavibe.com\/cs\/wp-json\/wp\/v2\/product_brand?post=13869"},{"taxonomy":"product_cat","embeddable":true,"href":"https:\/\/marsavibe.com\/cs\/wp-json\/wp\/v2\/product_cat?post=13869"},{"taxonomy":"product_tag","embeddable":true,"href":"https:\/\/marsavibe.com\/cs\/wp-json\/wp\/v2\/product_tag?post=13869"}],"curies":[{"name":"wp","href":"https:\/\/api.w.org\/{rel}","templated":true}]}}