{"id":13898,"date":"2025-08-30T11:34:54","date_gmt":"2025-08-30T11:34:54","guid":{"rendered":"https:\/\/marsavibe.com\/?post_type=product&#038;p=13898"},"modified":"2025-12-07T19:46:18","modified_gmt":"2025-12-07T19:46:18","slug":"jeep-safari-2","status":"publish","type":"product","link":"https:\/\/marsavibe.com\/tours\/jeep-safari-2","title":{"rendered":"Super Safari"},"content":{"rendered":"<p>\ud83c\udf35<strong> Pou\u0161tn\u00ed safari a bedu\u00ednsk\u00fd z\u00e1\u017eitek:<\/strong><\/p>\n<p>Vydejte se na \u010dty\u0159kolce do srdce pou\u0161t\u011b a nav\u0161tivte tradi\u010dn\u00ed bedu\u00ednskou vesnici. Vychutnejte si vynikaj\u00edc\u00ed ve\u010de\u0159i z grilu pod hv\u011bzdami, ochutnejte tradi\u010dn\u00ed \u0161i\u0161u, proje\u010fte se na velbloudech a ve\u010der zakon\u010dete \u017eivou hudbou a tane\u010dn\u00edm vystoupen\u00edm, ne\u017e se vr\u00e1t\u00edte do hotelu.<\/p>\n<p>\u23f3 <strong>Doba trv\u00e1n\u00ed<\/strong>: 7 hodin<br \/>\n\ud83d\udc65 Velikost skupiny: a\u017e 18 osob<br \/>\n\ud83d\udde3 Jazyky: (\u017eiv\u00fd pr\u016fvodce)<br \/>\n\ud83d\udc68\u200d\ud83d\udc69\u200d\ud83d\udc67\u200d\ud83d\udc66 Vhodn\u00e9 pro: Pro v\u0161echny v\u011bkov\u00e9 kategorie<\/p>\n<p>\u2705 <strong>Co je zahrnuto v cen\u011b<\/strong><\/p>\n<p>\ud83d\ude90 Vyzvednut\u00ed a odvoz z hotelu<br \/>\n\ud83c\udfdc A\u017e 7 hodin programu ATV Quad Super Safari<br \/>\n\ud83c\udfcd J\u00edzda na motorce &amp; \ud83d\udc2a J\u00edzda na velbloudu<br \/>\n\u26fa Bedu\u00ednsk\u00fd stan a tradi\u010dn\u00ed bedu\u00ednsk\u00fd \u010daj<br \/>\n\ud83d\udc83 Tane\u010dn\u00ed show<br \/>\n\ud83c\udf7d Bedu\u00ednsk\u00e1 ve\u010de\u0159e a voda<\/p>\n\n    <div class=\"xs_social_share_widget xs_share_url after_content \t\tmain_content  wslu-style-1 wslu-share-box-shaped wslu-fill-colored wslu-none wslu-share-horizontal wslu-theme-font-no wslu-main_content\">\n\n\t\t\n        <ul>\n\t\t\t        <\/ul>\n    <\/div>","protected":false},"excerpt":{"rendered":"<p>\ud83c\udf35 Desert Safari &amp; Bedouin Experience:<br \/>\nRide an ATV into the heart of the desert and visit a traditional Bedouin village. Enjoy a delicious barbecue dinner under the stars, try <\/p>","protected":false},"featured_media":14329,"comment_status":"open","ping_status":"closed","template":"","meta":{"postBodyCss":"","postBodyMargin":[],"postBodyPadding":[],"postBodyBackground":{"backgroundType":"classic","gradient":""}},"product_brand":[],"product_cat":[],"product_tag":[],"class_list":{"0":"post-13898","1":"product","2":"type-product","3":"status-publish","4":"has-post-thumbnail","6":"tour_phys-safari-tours","8":"first","9":"instock","10":"shipping-taxable","11":"purchasable","12":"product-type-tour_phys"},"_links":{"self":[{"href":"https:\/\/marsavibe.com\/cs\/wp-json\/wp\/v2\/product\/13898","targetHints":{"allow":["GET"]}}],"collection":[{"href":"https:\/\/marsavibe.com\/cs\/wp-json\/wp\/v2\/product"}],"about":[{"href":"https:\/\/marsavibe.com\/cs\/wp-json\/wp\/v2\/types\/product"}],"replies":[{"embeddable":true,"href":"https:\/\/marsavibe.com\/cs\/wp-json\/wp\/v2\/comments?post=13898"}],"wp:featuredmedia":[{"embeddable":true,"href":"https:\/\/marsavibe.com\/cs\/wp-json\/wp\/v2\/media\/14329"}],"wp:attachment":[{"href":"https:\/\/marsavibe.com\/cs\/wp-json\/wp\/v2\/media?parent=13898"}],"wp:term":[{"taxonomy":"product_brand","embeddable":true,"href":"https:\/\/marsavibe.com\/cs\/wp-json\/wp\/v2\/product_brand?post=13898"},{"taxonomy":"product_cat","embeddable":true,"href":"https:\/\/marsavibe.com\/cs\/wp-json\/wp\/v2\/product_cat?post=13898"},{"taxonomy":"product_tag","embeddable":true,"href":"https:\/\/marsavibe.com\/cs\/wp-json\/wp\/v2\/product_tag?post=13898"}],"curies":[{"name":"wp","href":"https:\/\/api.w.org\/{rel}","templated":true}]}}