{"id":14046,"date":"2025-08-31T14:07:15","date_gmt":"2025-08-31T14:07:15","guid":{"rendered":"https:\/\/marsavibe.com\/?post_type=product&#038;p=14046"},"modified":"2025-12-07T19:15:31","modified_gmt":"2025-12-07T19:15:31","slug":"el-quseir-city","status":"publish","type":"product","link":"https:\/\/marsavibe.com\/tours\/el-quseir-city","title":{"rendered":"M\u011bsto El Quseir"},"content":{"rendered":"<hr data-start=\"54\" data-end=\"57\" \/>\n<h3 data-start=\"59\" data-end=\"129\">\ud83c\udfdb\ufe0f Top zaj\u00edmavosti a atrakce - Historick\u00e9 pam\u00e1tky a architektura<\/h3>\n<ul data-start=\"131\" data-end=\"865\">\n<li data-start=\"131\" data-end=\"325\">\n<p data-start=\"133\" data-end=\"325\">\ud83c\udff0 <strong data-start=\"136\" data-end=\"173\">Osmansk\u00e1 pevnost (El Quseir Fort)<\/strong><br data-start=\"173\" data-end=\"176\" \/>Postaven v 16. stolet\u00ed na p\u0159\u00edkaz Sinan Pa\u0161i, kter\u00fd se pozd\u011bji zapojil do napoleonsk\u00e9 \u00e9ry. Dnes je zde muzeum s replikou tradi\u010dn\u00edho \u017eivota.<\/p>\n<\/li>\n<li data-start=\"327\" data-end=\"472\">\n<p data-start=\"329\" data-end=\"472\">\ud83d\udd4c <strong data-start=\"332\" data-end=\"359\">Me\u0161ita \u0160ajcha al-Farr\u00e1na<\/strong><br data-start=\"359\" data-end=\"362\" \/>Nejstar\u0161\u00ed me\u0161ita ve m\u011bst\u011b, zn\u00e1m\u00e1 sv\u00fdmi d\u0159ev\u011bn\u00fdmi balkony a koberci, kter\u00e9 odr\u00e1\u017eej\u00ed duchovn\u00ed d\u011bdictv\u00ed.<\/p>\n<\/li>\n<li data-start=\"474\" data-end=\"675\">\n<p data-start=\"476\" data-end=\"675\">\u2693 <strong data-start=\"478\" data-end=\"526\">El Qadima (starov\u011bk\u00fd \u0159\u00edmsk\u00fd p\u0159\u00edstav - Myos Hormos)<\/strong><br data-start=\"526\" data-end=\"529\" \/>Jen 8 km severn\u011b, kdysi v\u00fdznamn\u00e9 \u0159\u00edmsk\u00e9 obchodn\u00ed centrum. Archeologick\u00e9 n\u00e1lezy zahrnuj\u00ed keramiku z Indie a \u010c\u00edny, kter\u00e1 ukazuje na starov\u011bk\u00e9 sv\u011btov\u00e9 obchodn\u00ed cesty.<\/p>\n<\/li>\n<li data-start=\"677\" data-end=\"865\">\n<p data-start=\"679\" data-end=\"865\">\u271d\ufe0f <strong data-start=\"682\" data-end=\"736\">Kostel Panny Marie a mu\u010dednice Barbory<\/strong><br data-start=\"736\" data-end=\"739\" \/>Postaven\u00fd v roce 1920 italsk\u00fdmi in\u017een\u00fdry, naz\u00fdvan\u00fd tak\u00e9 <em data-start=\"789\" data-end=\"818\">Koptsk\u00fd kostel svat\u00e9 Barbory<\/em>, zd\u016fraz\u0148uj\u00edc\u00ed k\u0159es\u0165ansk\u00e9 d\u011bdictv\u00ed m\u011bsta.<\/p>\n<\/li>\n<\/ul>\n\n    <div class=\"xs_social_share_widget xs_share_url after_content \t\tmain_content  wslu-style-1 wslu-share-box-shaped wslu-fill-colored wslu-none wslu-share-horizontal wslu-theme-font-no wslu-main_content\">\n\n\t\t\n        <ul>\n\t\t\t        <\/ul>\n    <\/div>","protected":false},"excerpt":{"rendered":"<p>\n\ud83c\udfdb\ufe0f Top zaj\u00edmavosti a atrakce - Historick\u00e9 pam\u00e1tky a architektura<\/p>\n<p>\n\ud83c\udff0 Ottoman Fortress (El Quseir Fort)Built in the 16th century on Sinan Pasha\u2019s orders, later involved in <\/p>","protected":false},"featured_media":14332,"comment_status":"open","ping_status":"closed","template":"","meta":{"postBodyCss":"","postBodyMargin":[],"postBodyPadding":[],"postBodyBackground":{"backgroundType":"classic","gradient":""}},"product_brand":[],"product_cat":[],"product_tag":[],"class_list":{"0":"post-14046","1":"product","2":"type-product","3":"status-publish","4":"has-post-thumbnail","6":"tour_phys-city-tour","7":"tour_phys-coaster-buses","8":"tour_phys-cultural-trips","9":"tour_phys-marsa-alam-city-tours","10":"tour_phys-mini-buses","12":"first","13":"instock","14":"shipping-taxable","15":"purchasable","16":"product-type-tour_phys"},"_links":{"self":[{"href":"https:\/\/marsavibe.com\/cs\/wp-json\/wp\/v2\/product\/14046","targetHints":{"allow":["GET"]}}],"collection":[{"href":"https:\/\/marsavibe.com\/cs\/wp-json\/wp\/v2\/product"}],"about":[{"href":"https:\/\/marsavibe.com\/cs\/wp-json\/wp\/v2\/types\/product"}],"replies":[{"embeddable":true,"href":"https:\/\/marsavibe.com\/cs\/wp-json\/wp\/v2\/comments?post=14046"}],"wp:featuredmedia":[{"embeddable":true,"href":"https:\/\/marsavibe.com\/cs\/wp-json\/wp\/v2\/media\/14332"}],"wp:attachment":[{"href":"https:\/\/marsavibe.com\/cs\/wp-json\/wp\/v2\/media?parent=14046"}],"wp:term":[{"taxonomy":"product_brand","embeddable":true,"href":"https:\/\/marsavibe.com\/cs\/wp-json\/wp\/v2\/product_brand?post=14046"},{"taxonomy":"product_cat","embeddable":true,"href":"https:\/\/marsavibe.com\/cs\/wp-json\/wp\/v2\/product_cat?post=14046"},{"taxonomy":"product_tag","embeddable":true,"href":"https:\/\/marsavibe.com\/cs\/wp-json\/wp\/v2\/product_tag?post=14046"}],"curies":[{"name":"wp","href":"https:\/\/api.w.org\/{rel}","templated":true}]}}