{"id":11267,"date":"2024-09-19T08:54:47","date_gmt":"2024-09-19T04:54:47","guid":{"rendered":"https:\/\/travelwp.physcode.com\/main-demo\/?page_id=11267"},"modified":"2025-06-24T20:54:45","modified_gmt":"2025-06-24T20:54:45","slug":"terms-and-conditions","status":"publish","type":"page","link":"https:\/\/marsavibe.com\/de\/terms-and-conditions\/","title":{"rendered":"Bedingungen und Konditionen"},"content":{"rendered":"<div data-elementor-type=\"wp-page\" data-elementor-id=\"11267\" class=\"elementor elementor-11267\" data-elementor-settings=\"{&quot;ha_cmc_init_switcher&quot;:&quot;no&quot;}\" data-elementor-post-type=\"page\">\n\t\t\t\t<div class=\"elementor-element elementor-element-a2ef2e5 e-flex e-con-boxed e-con e-parent\" data-id=\"a2ef2e5\" data-element_type=\"container\" data-e-type=\"container\" data-settings=\"{&quot;_ha_eqh_enable&quot;:false,&quot;ekit_has_onepagescroll_dot&quot;:&quot;yes&quot;}\">\n\t\t\t\t\t<div class=\"e-con-inner\">\n\t\t\t\t<div class=\"elementor-element elementor-element-c8b8262 elementor-widget elementor-widget-thim-ekits-breadcrumb\" data-id=\"c8b8262\" data-element_type=\"widget\" data-e-type=\"widget\" data-settings=\"{&quot;ekit_we_effect_on&quot;:&quot;none&quot;}\" data-widget_type=\"thim-ekits-breadcrumb.default\">\n\t\t\t\t<div class=\"elementor-widget-container\">\n\t\t\t\t\t\n\t\t\t<div class=\"thim-ekit-breadcrumb\">\n\n\t\t\t\tStartseite\n\t\t\t<\/div>\n\n\t\t\t\t\t\t\t<\/div>\n\t\t\t\t<\/div>\n\t\t\t\t<div class=\"elementor-element elementor-element-4d6bdc4 elementor-widget__width-initial elementor-widget elementor-widget-thim-ekits-heading\" data-id=\"4d6bdc4\" data-element_type=\"widget\" data-e-type=\"widget\" data-settings=\"{&quot;ekit_we_effect_on&quot;:&quot;none&quot;}\" data-widget_type=\"thim-ekits-heading.default\">\n\t\t\t\t<div class=\"elementor-widget-container\">\n\t\t\t\t\t<div class=\"thim-ekits-heading thim-ekit__heading\"><h3 class=\"title\">Datenschutzbestimmungen <\/h3><h5 class=\"sub-heading\">Pr\u00fcfen Sie unsere Richtlinien f\u00fcr ein reibungsloses Reiseerlebnis<\/h5><\/div>\t\t\t\t<\/div>\n\t\t\t\t<\/div>\n\t\t\t\t\t<\/div>\n\t\t\t\t<\/div>\n\t\t<div class=\"elementor-element elementor-element-640d6af e-flex e-con-boxed e-con e-parent\" data-id=\"640d6af\" data-element_type=\"container\" data-e-type=\"container\" data-settings=\"{&quot;_ha_eqh_enable&quot;:false,&quot;ekit_has_onepagescroll_dot&quot;:&quot;yes&quot;}\">\n\t\t\t\t\t<div class=\"e-con-inner\">\n\t\t<div class=\"elementor-element elementor-element-d942f77 e-con-full e-flex e-con e-child\" data-id=\"d942f77\" data-element_type=\"container\" data-e-type=\"container\" data-settings=\"{&quot;_ha_eqh_enable&quot;:false,&quot;ekit_has_onepagescroll_dot&quot;:&quot;yes&quot;}\">\n\t\t\t\t<div class=\"elementor-element elementor-element-1d39d1b elementor-widget elementor-widget-text-editor\" data-id=\"1d39d1b\" data-element_type=\"widget\" data-e-type=\"widget\" data-settings=\"{&quot;ekit_we_effect_on&quot;:&quot;none&quot;}\" data-widget_type=\"text-editor.default\">\n\t\t\t\t<div class=\"elementor-widget-container\">\n\t\t\t\t\t\t\t\t\t<div style=\"color: #121212; margin-bottom: 16px;\"><ul class=\"content list-disc pl-5\"><li class=\"mb-2\"><div>Hallo, herzlich willkommen auf der Website von [Mercy Tours]. Die folgenden Bedingungen (im Folgenden als \"Bedingungen\" bezeichnet) legen die Bedingungen und Regeln f\u00fcr die Nutzung unserer Website und Dienstleistungen fest. Durch die Nutzung dieser Website erkl\u00e4ren Sie sich mit diesen Bedingungen einverstanden. Bitte lesen Sie diese Bedingungen sorgf\u00e4ltig durch, bevor Sie die Website nutzen. 1. Berechtigung Durch die Nutzung der Website erkl\u00e4ren Sie, dass Sie mindestens 18 Jahre alt sind oder die Website unter der Aufsicht eines Elternteils oder Erziehungsberechtigten nutzen. Wenn Sie mit diesen Bedingungen nicht einverstanden sind, nutzen Sie die Website bitte nicht. 2. Konto und Registrierung Um auf einige Funktionen oder Dienste der Website zugreifen zu k\u00f6nnen, m\u00fcssen Sie m\u00f6glicherweise ein Konto erstellen. Bei der Registrierung m\u00fcssen Sie genaue und vollst\u00e4ndige Angaben machen. Sie sind daf\u00fcr verantwortlich, die Vertraulichkeit Ihrer Kontoinformationen und Ihres Passworts zu wahren, und Sie stimmen zu, die Verantwortung f\u00fcr alle Aktivit\u00e4ten zu \u00fcbernehmen, die unter Ihrem Konto stattfinden. 3. Kauf- und Zahlungspreise: Alle auf der Website angegebenen Preise sind in Landesw\u00e4hrung und enthalten die geltenden Steuern, sofern nicht anders angegeben. Bezahlung: Wir akzeptieren die auf der Website angegebenen Zahlungsarten. Die Zahlung muss vollst\u00e4ndig erfolgen, bevor die Artikel versandt werden. Best\u00e4tigung: Nachdem Sie Ihre Bestellung aufgegeben haben, erhalten Sie eine E-Mail mit einer Best\u00e4tigung der Bestelldaten. 4. Versand und Lieferung Versand: Die Produkte werden an die von Ihnen w\u00e4hrend des Kaufvorgangs angegebene Adresse versandt. Die Versanddauer kann je nach geografischer Lage und den Richtlinien des Versandunternehmens variieren. Lieferung: Wir bem\u00fchen uns, Bestellungen p\u00fcnktlich zu liefern, \u00fcbernehmen jedoch keine Verantwortung f\u00fcr Verz\u00f6gerungen, die durch Umst\u00e4nde au\u00dferhalb unserer Kontrolle verursacht werden. 5. R\u00fcckgabe und Umtausch<\/div><\/li><\/ul><\/div>\t\t\t\t\t\t\t\t<\/div>\n\t\t\t\t<\/div>\n\t\t\t\t<\/div>\n\t\t\t\t\t<\/div>\n\t\t\t\t<\/div>\n\t\t\t\t<\/div>\n\t\t\n    <div class=\"xs_social_share_widget xs_share_url after_content \t\tmain_content  wslu-style-1 wslu-share-box-shaped wslu-fill-colored wslu-none wslu-share-horizontal wslu-theme-font-no wslu-main_content\">\n\n\t\t\n        <ul>\n\t\t\t        <\/ul>\n    <\/div>","protected":false},"excerpt":{"rendered":"<p>Startseite<br \/>\nDatenschutzbestimmungen <br \/>\nPr\u00fcfen Sie unsere Richtlinien f\u00fcr ein reibungsloses Reiseerlebnis<\/p>\n<p>hello, Welcome to the [Mercy Tours] website. The following terms and conditions (hereinafter referred to as \u201cTerms\u201d) <\/p>","protected":false},"author":4,"featured_media":0,"parent":0,"menu_order":0,"comment_status":"closed","ping_status":"closed","template":"elementor_header_footer","meta":{"postBodyCss":"","postBodyMargin":[],"postBodyPadding":[],"postBodyBackground":{"backgroundType":"classic","gradient":""},"footnotes":""},"class_list":["post-11267","page","type-page","status-publish","hentry"],"_links":{"self":[{"href":"https:\/\/marsavibe.com\/de\/wp-json\/wp\/v2\/pages\/11267","targetHints":{"allow":["GET"]}}],"collection":[{"href":"https:\/\/marsavibe.com\/de\/wp-json\/wp\/v2\/pages"}],"about":[{"href":"https:\/\/marsavibe.com\/de\/wp-json\/wp\/v2\/types\/page"}],"author":[{"embeddable":true,"href":"https:\/\/marsavibe.com\/de\/wp-json\/wp\/v2\/users\/4"}],"replies":[{"embeddable":true,"href":"https:\/\/marsavibe.com\/de\/wp-json\/wp\/v2\/comments?post=11267"}],"version-history":[{"count":3,"href":"https:\/\/marsavibe.com\/de\/wp-json\/wp\/v2\/pages\/11267\/revisions"}],"predecessor-version":[{"id":11986,"href":"https:\/\/marsavibe.com\/de\/wp-json\/wp\/v2\/pages\/11267\/revisions\/11986"}],"wp:attachment":[{"href":"https:\/\/marsavibe.com\/de\/wp-json\/wp\/v2\/media?parent=11267"}],"curies":[{"name":"wp","href":"https:\/\/api.w.org\/{rel}","templated":true}]}}