{"id":13816,"date":"2025-08-30T09:55:31","date_gmt":"2025-08-30T09:55:31","guid":{"rendered":"https:\/\/marsavibe.com\/?post_type=product&#038;p=13816"},"modified":"2025-12-07T19:42:58","modified_gmt":"2025-12-07T19:42:58","slug":"sataya-reef-dolphin-house-excursion","status":"publish","type":"product","link":"https:\/\/marsavibe.com\/tours\/sataya-reef-dolphin-house-excursion","title":{"rendered":"Sataya - Delfinhaus"},"content":{"rendered":"<h1 data-start=\"151\" data-end=\"198\">\ud83d\udc2c Delfinhaus - Sataya Riff Abenteuer \ud83c\udf0a<\/h1>\n<p data-start=\"200\" data-end=\"408\">Begeben Sie sich auf eine <strong data-start=\"213\" data-end=\"238\">unvergessliche Reise<\/strong> zu <strong data-start=\"242\" data-end=\"257\">Sataya Riff<\/strong>, bekannt als <em data-start=\"277\" data-end=\"292\">Haus Delphin<\/em>wo Sie Delfinen in ihrer nat\u00fcrlichen Umgebung begegnen und die atemberaubende Sch\u00f6nheit des Roten Meeres entdecken k\u00f6nnen.<\/p>\n<hr data-start=\"410\" data-end=\"413\" \/>\n<h2 data-start=\"415\" data-end=\"438\">\ud83d\udea4 H\u00f6hepunkte der Reise<\/h2>\n<ul data-start=\"439\" data-end=\"747\">\n<li data-start=\"439\" data-end=\"486\">\n<p data-start=\"441\" data-end=\"486\">\u2705 Abholung vom Hotel und R\u00fccktransport f\u00fcr Ihren Komfort<\/p>\n<\/li>\n<li data-start=\"487\" data-end=\"560\">\n<p data-start=\"489\" data-end=\"560\">\ud83d\udc2c Schwimmen mit Delfinen, gef\u00fchrt von einem professionellen Schnorchelausbilder<\/p>\n<\/li>\n<li data-start=\"561\" data-end=\"631\">\n<p data-start=\"563\" data-end=\"631\">\ud83e\udd3f Zwei Schnorchelstopps an lebhaften Korallenriffen voller Meeresleben<\/p>\n<\/li>\n<li data-start=\"632\" data-end=\"677\">\n<p data-start=\"634\" data-end=\"677\">\ud83c\udf74 Frisch zubereitetes Mittagessen wird an Bord serviert<\/p>\n<\/li>\n<li data-start=\"678\" data-end=\"747\">\n<p data-start=\"680\" data-end=\"747\">Unbegrenzte Anzahl von Getr\u00e4nken - Tee, Kaffee und Softdrinks w\u00e4hrend des ganzen Tages<\/p>\n<\/li>\n<\/ul>\n<p data-start=\"749\" data-end=\"848\">\ud83d\udcf8 <em data-start=\"752\" data-end=\"768\">Optionales Extra<\/em>: Professioneller Fotoservice auf Anfrage m\u00f6glich (gegen Aufpreis).<\/p>\n<hr data-start=\"850\" data-end=\"853\" \/>\n<h2 data-start=\"855\" data-end=\"869\">\ud83d\udcb0 Preise<\/h2>\n<ul data-start=\"870\" data-end=\"1003\">\n<li data-start=\"870\" data-end=\"910\">\n<p data-start=\"872\" data-end=\"910\"><strong data-start=\"872\" data-end=\"882\">Erwachsene<\/strong>: Von <strong data-start=\"889\" data-end=\"897\">52 \u20ac<\/strong> pro Person<\/p>\n<\/li>\n<li data-start=\"911\" data-end=\"958\">\n<p data-start=\"913\" data-end=\"958\"><strong data-start=\"913\" data-end=\"938\">Kinder (5-10 Jahre)<\/strong>: <strong data-start=\"940\" data-end=\"956\">50% Rabatt<\/strong><\/p>\n<\/li>\n<li data-start=\"959\" data-end=\"1003\">\n<p data-start=\"961\" data-end=\"1003\"><strong data-start=\"961\" data-end=\"981\">Kinder unter 5 Jahren<\/strong>: <strong data-start=\"983\" data-end=\"1001\">Unentgeltlich<\/strong><\/p>\n<\/li>\n<\/ul>\n<hr data-start=\"1005\" data-end=\"1008\" \/>\n<h2 data-start=\"1010\" data-end=\"1038\"><\/h2>\n<h2 data-start=\"1010\" data-end=\"1038\">\u2705 Im Preis inbegriffen<\/h2>\n<ul data-start=\"1039\" data-end=\"1275\">\n<li data-start=\"1039\" data-end=\"1070\">\n<p data-start=\"1041\" data-end=\"1070\">\ud83d\ude90 Abholung vom Hotel und R\u00fccktransport<\/p>\n<\/li>\n<li data-start=\"1071\" data-end=\"1131\">\n<p data-start=\"1073\" data-end=\"1131\">\ud83d\udee5\ufe0f Ganzt\u00e4gige Bootsfahrt auf einem modernen, gut ausgestatteten Schiff<\/p>\n<\/li>\n<li data-start=\"1132\" data-end=\"1185\">\n<p data-start=\"1134\" data-end=\"1185\">\ud83e\udd3f Schnorchelausr\u00fcstung (Maske, Flossen, Schwimmweste)<\/p>\n<\/li>\n<li data-start=\"1186\" data-end=\"1236\">\n<p data-start=\"1188\" data-end=\"1236\">\ud83d\udc68\u200d\ud83c\udfeb Professioneller Schnorchel-Lehrer\/F\u00fchrer<\/p>\n<\/li>\n<li data-start=\"1237\" data-end=\"1275\">\n<p data-start=\"1239\" data-end=\"1275\">\ud83c\udf74\ud83e\udd64 Mittagessen &amp; unbegrenzt alkoholfreie Getr\u00e4nke<\/p>\n<\/li>\n<\/ul>\n<hr data-start=\"1277\" data-end=\"1280\" \/>\n<h2 data-start=\"1282\" data-end=\"1301\"><\/h2>\n<h2 data-start=\"1282\" data-end=\"1301\">\u274c Nicht inbegriffen<\/h2>\n<ul data-start=\"1302\" data-end=\"1393\">\n<li data-start=\"1302\" data-end=\"1323\">\n<p data-start=\"1304\" data-end=\"1323\">Pers\u00f6nliche Ausgaben<\/p>\n<\/li>\n<li data-start=\"1324\" data-end=\"1343\">\n<p data-start=\"1326\" data-end=\"1343\">Tipps (fakultativ)<\/p>\n<\/li>\n<li data-start=\"1344\" data-end=\"1393\">\n<p data-start=\"1346\" data-end=\"1393\">Professioneller Fotoservice (zus\u00e4tzliche Kosten)<\/p>\n<\/li>\n<\/ul>\n<hr data-start=\"1395\" data-end=\"1398\" \/>\n<h2 data-start=\"1400\" data-end=\"1430\"><\/h2>\n<h2 data-start=\"1400\" data-end=\"1430\">\u2139\ufe0f Zus\u00e4tzliche Informationen<\/h2>\n<ul data-start=\"1431\" data-end=\"1608\">\n<li data-start=\"1431\" data-end=\"1504\">\n<p data-start=\"1433\" data-end=\"1504\">\ud83e\uddd2 Geeignet f\u00fcr <strong data-start=\"1449\" data-end=\"1461\">alle Altersgruppen<\/strong> (Kinder m\u00fcssen von den Eltern beaufsichtigt werden)<\/p>\n<\/li>\n<li data-start=\"1505\" data-end=\"1543\">\n<p data-start=\"1507\" data-end=\"1543\">\u23f1\ufe0f Dauer: <strong data-start=\"1520\" data-end=\"1541\">Ca. 7-8 Stunden<\/strong><\/p>\n<\/li>\n<li data-start=\"1544\" data-end=\"1608\">\n<p data-start=\"1546\" data-end=\"1608\">\ud83c\udf0d Verf\u00fcgbare Sprachen: <strong data-start=\"1570\" data-end=\"1606\">Englisch, Deutsch, Russisch, Arabisch<\/strong><\/p>\n<\/li>\n<\/ul>\n\n    <div class=\"xs_social_share_widget xs_share_url after_content \t\tmain_content  wslu-style-1 wslu-share-box-shaped wslu-fill-colored wslu-none wslu-share-horizontal wslu-theme-font-no wslu-main_content\">\n\n\t\t\n        <ul>\n\t\t\t        <\/ul>\n    <\/div>","protected":false},"excerpt":{"rendered":"<p>\ud83d\udc2c Delfinhaus - Sataya Riff Abenteuer \ud83c\udf0a<br \/>\nEmbark on an unforgettable journey to Sataya Reef, famously known as Dolphin House, where you\u2019ll encounter dolphins in their natural environment and <\/p>","protected":false},"featured_media":14337,"comment_status":"open","ping_status":"closed","template":"","meta":{"postBodyCss":"","postBodyMargin":[],"postBodyPadding":[],"postBodyBackground":{"backgroundType":"classic","gradient":""}},"product_brand":[],"product_cat":[],"product_tag":[],"class_list":{"0":"post-13816","1":"product","2":"type-product","3":"status-publish","4":"has-post-thumbnail","6":"tour_phys-marsa-alam-city-tours","7":"tour_phys-sea-trips","9":"first","10":"instock","11":"shipping-taxable","12":"purchasable","13":"product-type-tour_phys"},"_links":{"self":[{"href":"https:\/\/marsavibe.com\/de\/wp-json\/wp\/v2\/product\/13816","targetHints":{"allow":["GET"]}}],"collection":[{"href":"https:\/\/marsavibe.com\/de\/wp-json\/wp\/v2\/product"}],"about":[{"href":"https:\/\/marsavibe.com\/de\/wp-json\/wp\/v2\/types\/product"}],"replies":[{"embeddable":true,"href":"https:\/\/marsavibe.com\/de\/wp-json\/wp\/v2\/comments?post=13816"}],"wp:featuredmedia":[{"embeddable":true,"href":"https:\/\/marsavibe.com\/de\/wp-json\/wp\/v2\/media\/14337"}],"wp:attachment":[{"href":"https:\/\/marsavibe.com\/de\/wp-json\/wp\/v2\/media?parent=13816"}],"wp:term":[{"taxonomy":"product_brand","embeddable":true,"href":"https:\/\/marsavibe.com\/de\/wp-json\/wp\/v2\/product_brand?post=13816"},{"taxonomy":"product_cat","embeddable":true,"href":"https:\/\/marsavibe.com\/de\/wp-json\/wp\/v2\/product_cat?post=13816"},{"taxonomy":"product_tag","embeddable":true,"href":"https:\/\/marsavibe.com\/de\/wp-json\/wp\/v2\/product_tag?post=13816"}],"curies":[{"name":"wp","href":"https:\/\/api.w.org\/{rel}","templated":true}]}}