{"id":13821,"date":"2025-08-30T10:02:32","date_gmt":"2025-08-30T10:02:32","guid":{"rendered":"https:\/\/marsavibe.com\/?post_type=product&#038;p=13821"},"modified":"2025-12-07T19:41:43","modified_gmt":"2025-12-07T19:41:43","slug":"abu-dabbab-beach","status":"publish","type":"product","link":"https:\/\/marsavibe.com\/tours\/abu-dabbab-beach","title":{"rendered":"Abu Dabbab Strand"},"content":{"rendered":"<h2 data-start=\"129\" data-end=\"166\">\ud83d\udc22 <em>Abu Dabbab Bay - Turtle Beach:<\/em><\/h2>\n<p data-start=\"168\" data-end=\"455\">Willkommen bei <strong data-start=\"179\" data-end=\"197\">Abu Dabbab-Bucht<\/strong>eines der ber\u00fchmtesten und einzigartigsten Reiseziele in Marsa Alam. Weltweit bekannt als <strong data-start=\"275\" data-end=\"293\">\"Turtle Beach\"<\/strong>Dieses Naturparadies mit seinem weichen, wei\u00dfen Sand, dem kristallklaren Wasser und der pulsierenden Unterwasserwelt ist ein Muss f\u00fcr Schnorchler und Naturliebhaber gleicherma\u00dfen.<\/p>\n<h3 data-start=\"457\" data-end=\"481\">\ud83c\udf0a<em> Was Sie erwartet:<\/em><\/h3>\n<ul>\n<li>\ud83d\udc22 <strong data-start=\"487\" data-end=\"502\">Meeresschildkr\u00f6ten<\/strong> - Beobachten Sie gr\u00fcne Schildkr\u00f6ten und Echte Karettschildkr\u00f6ten beim F\u00fcttern oder Nisten am Strand.<\/li>\n<li>\ud83e\udda6 <strong data-start=\"579\" data-end=\"594\">Seltener Dugong<\/strong> - Entdecken Sie die sanfte \"Seekuh\", die auf den Seegraswiesen grast.<\/li>\n<li>\ud83e\udd3f <strong data-start=\"663\" data-end=\"686\">Schnorcheln &amp; Tauchen<\/strong> - Erkunden Sie zwei atemberaubende Hausriffe mit bunten Korallen, Rifffischen, Rochen und sogar kleinen Wracks.<\/li>\n<li>\ud83d\udc20 <strong data-start=\"798\" data-end=\"818\">Meeresvielfalt<\/strong> - Entdecken Sie Rotfeuerfische, Falterfische, Gitarrenhaie und unz\u00e4hlige andere Unterwasserarten.<\/li>\n<\/ul>\n<h3 data-start=\"913\" data-end=\"940\">\ud83c\udfdd\ufe0f Perfekter Strandtag:<\/h3>\n<ul>\n<li data-start=\"943\" data-end=\"1015\">\ud83c\udfd6\ufe0f Entspannen Sie sich am weichen Sandstrand mit Liegen, Sonnenschirmen und Strandeinrichtungen.<\/li>\n<li data-start=\"1018\" data-end=\"1096\">\ud83d\udeb6\u200d\u2642\ufe0f Einfacher Einstieg ins Wasser, ideal f\u00fcr Anf\u00e4nger und erfahrene Schnorchler.<\/li>\n<li data-start=\"1099\" data-end=\"1162\">\ud83d\udcf8 Halten Sie unvergessliche Momente \u00fcber und unter der Wasseroberfl\u00e4che fest.<\/li>\n<\/ul>\n<h3 data-start=\"1164\" data-end=\"1187\">\u2705 Was ist im Lieferumfang enthalten?<\/h3>\n<ul>\n<li data-start=\"1190\" data-end=\"1251\">\ud83d\ude90 Abholung vom Hotel und R\u00fccktransport in einem klimatisierten Fahrzeug<\/li>\n<li data-start=\"63\" data-end=\"185\">\ud83e\udd3f Schnorchelausr\u00fcstung und Schwimmwesten <em data-start=\"102\" data-end=\"128\">(auf Anfrage erh\u00e4ltlich)<\/em><\/li>\n<li data-start=\"63\" data-end=\"185\">\ud83d\udc68\u200d\ud83c\udfeb Professioneller Schnorchelf\u00fchrer <em data-start=\"167\" data-end=\"183\">(auf Anfrage)<\/em><\/li>\n<li data-start=\"1337\" data-end=\"1386\">\ud83e\udd57 Mittagessen und alkoholfreie Getr\u00e4nke (je nach Paket)<\/li>\n<li data-start=\"1389\" data-end=\"1437\">\ud83c\udfd6\ufe0f Vollst\u00e4ndiger Zugang zu den Einrichtungen des Abu Dabbab Beach<\/li>\n<\/ul>\n<h3 data-start=\"1439\" data-end=\"1469\">\u2139\ufe0f Wichtige Informationen:<\/h3>\n<ul>\n<li data-start=\"1572\" data-end=\"1672\">\ud83d\udee1\ufe0f Dies ist eine <strong data-start=\"1586\" data-end=\"1611\">Meeresschutzgebiet<\/strong> - Bitte vermeiden Sie es, die Korallen zu ber\u00fchren oder die Tierwelt zu st\u00f6ren.<\/li>\n<li data-start=\"1675\" data-end=\"1743\">\u23f3 Ganzt\u00e4giger Ausflug: typischerweise <strong data-start=\"1702\" data-end=\"1740\">fr\u00fcher Morgen bis sp\u00e4ter Nachmittag<\/strong>.<\/li>\n<li data-start=\"1746\" data-end=\"1799\">\ud83d\udccd Standort: ~30-35 km s\u00fcdlich des Flughafens Marsa Alam.<\/li>\n<\/ul>\n<p data-start=\"1801\" data-end=\"1987\">Ob Sie nun davon tr\u00e4umen, neben Schildkr\u00f6ten zu schwimmen, auf eine magische Dugong-Begegnung zu hoffen oder einfach nur im Paradies zu entspannen, <strong data-start=\"1923\" data-end=\"1985\">Abu Dabbab Bay bietet ein unvergessliches Erlebnis am Roten Meer.<\/strong><\/p>\n\n    <div class=\"xs_social_share_widget xs_share_url after_content \t\tmain_content  wslu-style-1 wslu-share-box-shaped wslu-fill-colored wslu-none wslu-share-horizontal wslu-theme-font-no wslu-main_content\">\n\n\t\t\n        <ul>\n\t\t\t        <\/ul>\n    <\/div>","protected":false},"excerpt":{"rendered":"<p>\ud83d\udc22 Abu Dabbab Bay \u2013 Turtle Beach:<br \/>\nWelcome to Abu Dabbab Bay, one of Marsa Alam\u2019s most iconic and unique destinations. Known worldwide as \u201cTurtle Beach\u201d, this natural paradise combines <\/p>","protected":false},"featured_media":14465,"comment_status":"open","ping_status":"closed","template":"","meta":{"postBodyCss":"","postBodyMargin":[],"postBodyPadding":[],"postBodyBackground":{"backgroundType":"classic","gradient":""}},"product_brand":[],"product_cat":[],"product_tag":[],"class_list":{"0":"post-13821","1":"product","2":"type-product","3":"status-publish","4":"has-post-thumbnail","6":"tour_phys-city-tour","7":"tour_phys-marsa-alam-city-tours","8":"tour_phys-sea-trips","9":"tour_phys-sedan-cars","10":"tour_phys-suv-family-cars","12":"first","13":"instock","14":"shipping-taxable","15":"purchasable","16":"product-type-tour_phys"},"_links":{"self":[{"href":"https:\/\/marsavibe.com\/de\/wp-json\/wp\/v2\/product\/13821","targetHints":{"allow":["GET"]}}],"collection":[{"href":"https:\/\/marsavibe.com\/de\/wp-json\/wp\/v2\/product"}],"about":[{"href":"https:\/\/marsavibe.com\/de\/wp-json\/wp\/v2\/types\/product"}],"replies":[{"embeddable":true,"href":"https:\/\/marsavibe.com\/de\/wp-json\/wp\/v2\/comments?post=13821"}],"wp:featuredmedia":[{"embeddable":true,"href":"https:\/\/marsavibe.com\/de\/wp-json\/wp\/v2\/media\/14465"}],"wp:attachment":[{"href":"https:\/\/marsavibe.com\/de\/wp-json\/wp\/v2\/media?parent=13821"}],"wp:term":[{"taxonomy":"product_brand","embeddable":true,"href":"https:\/\/marsavibe.com\/de\/wp-json\/wp\/v2\/product_brand?post=13821"},{"taxonomy":"product_cat","embeddable":true,"href":"https:\/\/marsavibe.com\/de\/wp-json\/wp\/v2\/product_cat?post=13821"},{"taxonomy":"product_tag","embeddable":true,"href":"https:\/\/marsavibe.com\/de\/wp-json\/wp\/v2\/product_tag?post=13821"}],"curies":[{"name":"wp","href":"https:\/\/api.w.org\/{rel}","templated":true}]}}