{"id":13841,"date":"2025-08-30T10:27:23","date_gmt":"2025-08-30T10:27:23","guid":{"rendered":"https:\/\/marsavibe.com\/?post_type=product&#038;p=13841"},"modified":"2025-12-07T19:36:03","modified_gmt":"2025-12-07T19:36:03","slug":"13841","status":"publish","type":"product","link":"https:\/\/marsavibe.com\/tours\/13841","title":{"rendered":"Quad-Safari"},"content":{"rendered":"<p data-start=\"100\" data-end=\"132\"><strong data-start=\"100\" data-end=\"130\">W\u00fcsten-Quad-Bike-Abenteuer 3 Stunden &amp;<\/strong><strong data-start=\"50\" data-end=\"96\">\u00a0Erlebnis Beduinen<\/strong><\/p>\n<p data-start=\"100\" data-end=\"132\"><br data-start=\"96\" data-end=\"99\" \/>Begeben Sie sich auf eine aufregende Quad-Tour durch die \u00f6stliche W\u00fcste und tauchen Sie dann in die authentische Beduinenkultur mit Kamelritten, traditioneller Shisha und lebhaften Folklore-Shows ein. Genie\u00dfen Sie ein k\u00f6stliches Barbecue-Abendessen, w\u00e4hrend Sie den Sonnenuntergang in der W\u00fcste bewundern - Hin- und R\u00fccktransfer zum Hotel inklusive.<\/p>\n<p data-start=\"397\" data-end=\"416\">\u2705 <strong data-start=\"399\" data-end=\"414\">H\u00f6hepunkte:<\/strong><\/p>\n<ul data-start=\"417\" data-end=\"597\">\n<li data-start=\"417\" data-end=\"465\">\n<p data-start=\"419\" data-end=\"465\">Kostenlose Stornierung bis zu 24 Stunden im Voraus.<\/p>\n<\/li>\n<li data-start=\"466\" data-end=\"518\">\n<p data-start=\"468\" data-end=\"518\">Jetzt reservieren und sp\u00e4ter bezahlen f\u00fcr maximale Flexibilit\u00e4t.<\/p>\n<\/li>\n<li data-start=\"519\" data-end=\"597\">\n<p data-start=\"521\" data-end=\"597\">Tiefstpreisgarantie - Erstattung der Preisdifferenz, wenn Sie das Produkt g\u00fcnstiger finden.<\/p>\n<\/li>\n<\/ul>\n<p data-start=\"429\" data-end=\"549\">Ihre Reise endet auf die unvergesslichste Weise - mit einem Halt, um einen atemberaubenden Sonnenuntergang \u00fcber den W\u00fcstend\u00fcnen zu erleben. \ud83c\udf05<\/p>\n\n    <div class=\"xs_social_share_widget xs_share_url after_content \t\tmain_content  wslu-style-1 wslu-share-box-shaped wslu-fill-colored wslu-none wslu-share-horizontal wslu-theme-font-no wslu-main_content\">\n\n\t\t\n        <ul>\n\t\t\t        <\/ul>\n    <\/div>","protected":false},"excerpt":{"rendered":"<p>Desert Quad Bike Adventure 3 Hours &amp;\u00a0Bedouin Experience<br \/>\nEmbark on an exhilarating quad bike ride across the Eastern Desert, then immerse yourself in authentic Bedouin culture with camel rides, traditional <\/p>","protected":false},"featured_media":14328,"comment_status":"open","ping_status":"closed","template":"","meta":{"postBodyCss":"","postBodyMargin":[],"postBodyPadding":[],"postBodyBackground":{"backgroundType":"classic","gradient":""}},"product_brand":[],"product_cat":[],"product_tag":[],"class_list":{"0":"post-13841","1":"product","2":"type-product","3":"status-publish","4":"has-post-thumbnail","6":"tour_phys-safari-tours","8":"first","9":"instock","10":"shipping-taxable","11":"purchasable","12":"product-type-tour_phys"},"_links":{"self":[{"href":"https:\/\/marsavibe.com\/de\/wp-json\/wp\/v2\/product\/13841","targetHints":{"allow":["GET"]}}],"collection":[{"href":"https:\/\/marsavibe.com\/de\/wp-json\/wp\/v2\/product"}],"about":[{"href":"https:\/\/marsavibe.com\/de\/wp-json\/wp\/v2\/types\/product"}],"replies":[{"embeddable":true,"href":"https:\/\/marsavibe.com\/de\/wp-json\/wp\/v2\/comments?post=13841"}],"wp:featuredmedia":[{"embeddable":true,"href":"https:\/\/marsavibe.com\/de\/wp-json\/wp\/v2\/media\/14328"}],"wp:attachment":[{"href":"https:\/\/marsavibe.com\/de\/wp-json\/wp\/v2\/media?parent=13841"}],"wp:term":[{"taxonomy":"product_brand","embeddable":true,"href":"https:\/\/marsavibe.com\/de\/wp-json\/wp\/v2\/product_brand?post=13841"},{"taxonomy":"product_cat","embeddable":true,"href":"https:\/\/marsavibe.com\/de\/wp-json\/wp\/v2\/product_cat?post=13841"},{"taxonomy":"product_tag","embeddable":true,"href":"https:\/\/marsavibe.com\/de\/wp-json\/wp\/v2\/product_tag?post=13841"}],"curies":[{"name":"wp","href":"https:\/\/api.w.org\/{rel}","templated":true}]}}