{"id":13848,"date":"2025-08-30T10:34:42","date_gmt":"2025-08-30T10:34:42","guid":{"rendered":"https:\/\/marsavibe.com\/?post_type=product&#038;p=13848"},"modified":"2025-12-07T19:34:46","modified_gmt":"2025-12-07T19:34:46","slug":"horse-riding-adventure","status":"publish","type":"product","link":"https:\/\/marsavibe.com\/tours\/horse-riding-adventure","title":{"rendered":"Abenteuer Reiten"},"content":{"rendered":"<p data-start=\"100\" data-end=\"143\"><strong data-start=\"100\" data-end=\"141\">Erlebnis Reiten in Marsa Alam<\/strong><\/p>\n<p data-start=\"145\" data-end=\"419\">\ud83d\udc0e <strong data-start=\"47\" data-end=\"77\">Reiten in Port Ghalip<\/strong><\/p>\n<p data-start=\"145\" data-end=\"419\">\u2728 2-st\u00fcndiges Abenteuer durch die goldene W\u00fcste und entlang des Roten Meeres \ud83c\udf0a<br data-start=\"143\" data-end=\"146\" \/>\ud83d\udc69\u200d\ud83c\udfeb Gef\u00fchrt von professionellen Reitern<br data-start=\"186\" data-end=\"189\" \/>\ud83d\udcab Perfekt f\u00fcr Anf\u00e4nger und erfahrene Reiter gleicherma\u00dfen<br data-start=\"240\" data-end=\"243\" \/>\ud83d\udcf8 Unvergessliche Erinnerungen in der Sch\u00f6nheit der Natur<\/p>\n<p data-start=\"683\" data-end=\"708\">\u2705 <strong data-start=\"685\" data-end=\"706\">Was enthalten ist:<\/strong><\/p>\n<ul data-start=\"709\" data-end=\"935\">\n<li data-start=\"709\" data-end=\"751\">\n<p data-start=\"711\" data-end=\"751\">Abholung vom Hotel und R\u00fccktransport <strong>(falls gew\u00e4hlt)<\/strong><\/p>\n<\/li>\n<li data-start=\"752\" data-end=\"795\">\n<p data-start=\"754\" data-end=\"795\">Professionelle F\u00fchrung und Sicherheitsausr\u00fcstung<\/p>\n<\/li>\n<li data-start=\"796\" data-end=\"862\">\n<p data-start=\"798\" data-end=\"862\">Zweist\u00fcndiger Ausritt am Strand und in der W\u00fcste <strong>(falls gew\u00e4hlt)<\/strong><\/p>\n<\/li>\n<li data-start=\"863\" data-end=\"935\">\n<p data-start=\"865\" data-end=\"935\">Dreist\u00fcndiges Programm mit W\u00fcste, Strand und Schwimmen <strong>(falls gew\u00e4hlt)<\/strong><\/p>\n<\/li>\n<\/ul>\n<hr data-start=\"937\" data-end=\"942\" \/>\n<p data-start=\"944\" data-end=\"1116\" data-is-last-node=\"\" data-is-only-node=\"\">\n\n    <div class=\"xs_social_share_widget xs_share_url after_content \t\tmain_content  wslu-style-1 wslu-share-box-shaped wslu-fill-colored wslu-none wslu-share-horizontal wslu-theme-font-no wslu-main_content\">\n\n\t\t\n        <ul>\n\t\t\t        <\/ul>\n    <\/div>","protected":false},"excerpt":{"rendered":"<p>Erlebnis Reiten in Marsa Alam<br \/>\n\ud83d\udc0e Horse Riding in Port Ghalip<br \/>\n\u2728 2-hour adventure through golden desert &amp; along the Red Sea \ud83c\udf0a\ud83d\udc69\u200d\ud83c\udfeb Guided by professional equestrians\ud83d\udcab Perfect for <\/p>","protected":false},"featured_media":14435,"comment_status":"open","ping_status":"closed","template":"","meta":{"postBodyCss":"","postBodyMargin":[],"postBodyPadding":[],"postBodyBackground":{"backgroundType":"classic","gradient":""}},"product_brand":[],"product_cat":[],"product_tag":[],"class_list":{"0":"post-13848","1":"product","2":"type-product","3":"status-publish","4":"has-post-thumbnail","6":"tour_phys-safari-tours","8":"first","9":"instock","10":"shipping-taxable","11":"purchasable","12":"product-type-tour_phys"},"_links":{"self":[{"href":"https:\/\/marsavibe.com\/de\/wp-json\/wp\/v2\/product\/13848","targetHints":{"allow":["GET"]}}],"collection":[{"href":"https:\/\/marsavibe.com\/de\/wp-json\/wp\/v2\/product"}],"about":[{"href":"https:\/\/marsavibe.com\/de\/wp-json\/wp\/v2\/types\/product"}],"replies":[{"embeddable":true,"href":"https:\/\/marsavibe.com\/de\/wp-json\/wp\/v2\/comments?post=13848"}],"wp:featuredmedia":[{"embeddable":true,"href":"https:\/\/marsavibe.com\/de\/wp-json\/wp\/v2\/media\/14435"}],"wp:attachment":[{"href":"https:\/\/marsavibe.com\/de\/wp-json\/wp\/v2\/media?parent=13848"}],"wp:term":[{"taxonomy":"product_brand","embeddable":true,"href":"https:\/\/marsavibe.com\/de\/wp-json\/wp\/v2\/product_brand?post=13848"},{"taxonomy":"product_cat","embeddable":true,"href":"https:\/\/marsavibe.com\/de\/wp-json\/wp\/v2\/product_cat?post=13848"},{"taxonomy":"product_tag","embeddable":true,"href":"https:\/\/marsavibe.com\/de\/wp-json\/wp\/v2\/product_tag?post=13848"}],"curies":[{"name":"wp","href":"https:\/\/api.w.org\/{rel}","templated":true}]}}