{"id":13859,"date":"2025-08-30T10:43:16","date_gmt":"2025-08-30T10:43:16","guid":{"rendered":"https:\/\/marsavibe.com\/?post_type=product&#038;p=13859"},"modified":"2025-12-07T19:33:22","modified_gmt":"2025-12-07T19:33:22","slug":"luxor","status":"publish","type":"product","link":"https:\/\/marsavibe.com\/tours\/luxor","title":{"rendered":"Luxor"},"content":{"rendered":"<h2 data-start=\"87\" data-end=\"135\"><\/h2>\n<h2 data-start=\"87\" data-end=\"135\"><em>\u2728 Luxor - Entdecken Sie das alte \u00c4gypten an einem Tag<\/em><\/h2>\n<p data-start=\"137\" data-end=\"235\">\u23f3 <strong data-start=\"139\" data-end=\"152\">Dauer:<\/strong> Ganzt\u00e4gig (ab <strong data-start=\"168\" data-end=\"184\">3:00-4:00 UHR<\/strong> bis <strong data-start=\"191\" data-end=\"207\">19:00-8:00 UHR<\/strong>)<br data-start=\"208\" data-end=\"211\" \/>\ud83d\udccd <strong data-start=\"214\" data-end=\"227\">Standort:<\/strong> Luxor<\/p>\n<p data-start=\"237\" data-end=\"384\">Machen Sie einen Schritt zur\u00fcck in die Vergangenheit auf einer privaten Tour unter der Leitung eines professionellen \u00c4gyptologen \ud83c\udf1f. Entdecken Sie die Sch\u00e4tze des alten \u00c4gyptens in nur einem unvergesslichen Tag.<\/p>\n<h3 data-start=\"386\" data-end=\"410\"><em>\ud83d\udccc Top Highlights:<\/em><\/h3>\n<p data-start=\"411\" data-end=\"693\">\ud83c\udfdb\ufe0f Tal der K\u00f6nige - Gr\u00e4ber der Pharaonen<br data-start=\"458\" data-end=\"461\" \/>\ud83d\udc51 Tempel der K\u00f6nigin Hatschepsut - Ikone der Macht und Architektur<br data-start=\"521\" data-end=\"524\" \/>\u26e9\ufe0f Karnak-Tempel - Der gr\u00f6\u00dfte religi\u00f6se Komplex der Welt<br data-start=\"580\" data-end=\"583\" \/>\ud83c\udf05 Luxor-Tempel - ein geschichtstr\u00e4chtiges Meisterwerk<br data-start=\"635\" data-end=\"638\" \/>\ud83d\uddff Kolosse von Memnon - Riesige Statuen von Amenhotep III<\/p>\n<h3 data-start=\"695\" data-end=\"712\"><em>\u2705 Enth\u00e4lt:<\/em><\/h3>\n<p data-start=\"713\" data-end=\"891\">\ud83d\ude90 Privater, klimatisierter Transfer von\/zu Ihrem Hotel<br data-start=\"768\" data-end=\"771\" \/>\ud83c\udf93 Lizensierter \u00c4gyptologe als F\u00fchrer<br data-start=\"801\" data-end=\"804\" \/>\ud83c\udf9f\ufe0f Zutritt zu allen aufgef\u00fchrten St\u00e4tten<br data-start=\"837\" data-end=\"840\" \/>\ud83c\udf74 Mittagessen in einem lokalen Restaurant<br data-start=\"870\" data-end=\"873\" \/>\ud83d\udca7 Wasser in Flaschen<\/p>\n\n    <div class=\"xs_social_share_widget xs_share_url after_content \t\tmain_content  wslu-style-1 wslu-share-box-shaped wslu-fill-colored wslu-none wslu-share-horizontal wslu-theme-font-no wslu-main_content\">\n\n\t\t\n        <ul>\n\t\t\t        <\/ul>\n    <\/div>","protected":false},"excerpt":{"rendered":"<p>\n\u2728 Luxor - Entdecken Sie das alte \u00c4gypten an einem Tag<br \/>\n\u23f3 Duration: Full Day (from 3:00\u20134:00 AM until 7:00\u20138:00 PM)\ud83d\udccd Location: Luxor<br \/>\nStep back in time on a private tour <\/p>","protected":false},"featured_media":14411,"comment_status":"open","ping_status":"closed","template":"","meta":{"postBodyCss":"","postBodyMargin":[],"postBodyPadding":[],"postBodyBackground":{"backgroundType":"classic","gradient":""}},"product_brand":[],"product_cat":[],"product_tag":[],"class_list":{"0":"post-13859","1":"product","2":"type-product","3":"status-publish","4":"has-post-thumbnail","6":"tour_phys-city-tour","7":"tour_phys-coaster-buses","8":"tour_phys-cultural-trips","9":"tour_phys-mini-buses","10":"tour_phys-sedan-cars","11":"tour_phys-suv-family-cars","13":"first","14":"instock","15":"shipping-taxable","16":"purchasable","17":"product-type-tour_phys"},"_links":{"self":[{"href":"https:\/\/marsavibe.com\/de\/wp-json\/wp\/v2\/product\/13859","targetHints":{"allow":["GET"]}}],"collection":[{"href":"https:\/\/marsavibe.com\/de\/wp-json\/wp\/v2\/product"}],"about":[{"href":"https:\/\/marsavibe.com\/de\/wp-json\/wp\/v2\/types\/product"}],"replies":[{"embeddable":true,"href":"https:\/\/marsavibe.com\/de\/wp-json\/wp\/v2\/comments?post=13859"}],"wp:featuredmedia":[{"embeddable":true,"href":"https:\/\/marsavibe.com\/de\/wp-json\/wp\/v2\/media\/14411"}],"wp:attachment":[{"href":"https:\/\/marsavibe.com\/de\/wp-json\/wp\/v2\/media?parent=13859"}],"wp:term":[{"taxonomy":"product_brand","embeddable":true,"href":"https:\/\/marsavibe.com\/de\/wp-json\/wp\/v2\/product_brand?post=13859"},{"taxonomy":"product_cat","embeddable":true,"href":"https:\/\/marsavibe.com\/de\/wp-json\/wp\/v2\/product_cat?post=13859"},{"taxonomy":"product_tag","embeddable":true,"href":"https:\/\/marsavibe.com\/de\/wp-json\/wp\/v2\/product_tag?post=13859"}],"curies":[{"name":"wp","href":"https:\/\/api.w.org\/{rel}","templated":true}]}}