{"id":13898,"date":"2025-08-30T11:34:54","date_gmt":"2025-08-30T11:34:54","guid":{"rendered":"https:\/\/marsavibe.com\/?post_type=product&#038;p=13898"},"modified":"2025-12-07T19:46:18","modified_gmt":"2025-12-07T19:46:18","slug":"jeep-safari-2","status":"publish","type":"product","link":"https:\/\/marsavibe.com\/tours\/jeep-safari-2","title":{"rendered":"Super Safari"},"content":{"rendered":"<p>\ud83c\udf35<strong> W\u00fcstensafari und Beduinenerlebnis:<\/strong><\/p>\n<p>Fahren Sie mit einem ATV in das Herz der W\u00fcste und besuchen Sie ein traditionelles Beduinendorf. Genie\u00dfen Sie ein k\u00f6stliches Grillabendessen unter dem Sternenhimmel, probieren Sie eine traditionelle Shisha, machen Sie einen Kamelritt und beenden Sie den Abend mit Live-Musik und Tanzvorf\u00fchrungen, bevor Sie zu Ihrem Hotel zur\u00fcckkehren.<\/p>\n<p>\u23f3 <strong>Dauer<\/strong>7 Stunden<br \/>\n\ud83d\udc65 Gruppengr\u00f6\u00dfe: Bis zu 18 G\u00e4ste<br \/>\n\ud83d\udde3 Sprachen: (Live-Guide)<br \/>\n\ud83d\udc68\u200d\ud83d\udc69\u200d\ud83d\udc67\u200d\ud83d\udc66 Geeignet f\u00fcr: Alle Altersgruppen<\/p>\n<p>\u2705 <strong>Was ist inbegriffen?<\/strong><\/p>\n<p>\ud83d\ude90 Abholung vom Hotel und R\u00fccktransport<br \/>\n\ud83c\udfdc Bis zu 7 Stunden ATV Quad Super Safari Programm<br \/>\n\ud83c\udfcd Motorrad fahren &amp; \ud83d\udc2a Kamel reiten<br \/>\n\u26fa Beduinenzelt und traditioneller Beduinentee<br \/>\n\ud83d\udc83 Tanzen zeigen<br \/>\n\ud83c\udf7d Abendessen und Wasser bei den Beduinen<\/p>\n\n    <div class=\"xs_social_share_widget xs_share_url after_content \t\tmain_content  wslu-style-1 wslu-share-box-shaped wslu-fill-colored wslu-none wslu-share-horizontal wslu-theme-font-no wslu-main_content\">\n\n\t\t\n        <ul>\n\t\t\t        <\/ul>\n    <\/div>","protected":false},"excerpt":{"rendered":"<p>\ud83c\udf35 Desert Safari &amp; Bedouin Experience:<br \/>\nRide an ATV into the heart of the desert and visit a traditional Bedouin village. Enjoy a delicious barbecue dinner under the stars, try <\/p>","protected":false},"featured_media":14329,"comment_status":"open","ping_status":"closed","template":"","meta":{"postBodyCss":"","postBodyMargin":[],"postBodyPadding":[],"postBodyBackground":{"backgroundType":"classic","gradient":""}},"product_brand":[],"product_cat":[],"product_tag":[],"class_list":{"0":"post-13898","1":"product","2":"type-product","3":"status-publish","4":"has-post-thumbnail","6":"tour_phys-safari-tours","8":"first","9":"instock","10":"shipping-taxable","11":"purchasable","12":"product-type-tour_phys"},"_links":{"self":[{"href":"https:\/\/marsavibe.com\/de\/wp-json\/wp\/v2\/product\/13898","targetHints":{"allow":["GET"]}}],"collection":[{"href":"https:\/\/marsavibe.com\/de\/wp-json\/wp\/v2\/product"}],"about":[{"href":"https:\/\/marsavibe.com\/de\/wp-json\/wp\/v2\/types\/product"}],"replies":[{"embeddable":true,"href":"https:\/\/marsavibe.com\/de\/wp-json\/wp\/v2\/comments?post=13898"}],"wp:featuredmedia":[{"embeddable":true,"href":"https:\/\/marsavibe.com\/de\/wp-json\/wp\/v2\/media\/14329"}],"wp:attachment":[{"href":"https:\/\/marsavibe.com\/de\/wp-json\/wp\/v2\/media?parent=13898"}],"wp:term":[{"taxonomy":"product_brand","embeddable":true,"href":"https:\/\/marsavibe.com\/de\/wp-json\/wp\/v2\/product_brand?post=13898"},{"taxonomy":"product_cat","embeddable":true,"href":"https:\/\/marsavibe.com\/de\/wp-json\/wp\/v2\/product_cat?post=13898"},{"taxonomy":"product_tag","embeddable":true,"href":"https:\/\/marsavibe.com\/de\/wp-json\/wp\/v2\/product_tag?post=13898"}],"curies":[{"name":"wp","href":"https:\/\/api.w.org\/{rel}","templated":true}]}}