{"id":11267,"date":"2024-09-19T08:54:47","date_gmt":"2024-09-19T04:54:47","guid":{"rendered":"https:\/\/travelwp.physcode.com\/main-demo\/?page_id=11267"},"modified":"2025-06-24T20:54:45","modified_gmt":"2025-06-24T20:54:45","slug":"terms-and-conditions","status":"publish","type":"page","link":"https:\/\/marsavibe.com\/pl\/terms-and-conditions\/","title":{"rendered":"Zasady i warunki"},"content":{"rendered":"<div data-elementor-type=\"wp-page\" data-elementor-id=\"11267\" class=\"elementor elementor-11267\" data-elementor-settings=\"{&quot;ha_cmc_init_switcher&quot;:&quot;no&quot;}\" data-elementor-post-type=\"page\">\n\t\t\t\t<div class=\"elementor-element elementor-element-a2ef2e5 e-flex e-con-boxed e-con e-parent\" data-id=\"a2ef2e5\" data-element_type=\"container\" data-e-type=\"container\" data-settings=\"{&quot;_ha_eqh_enable&quot;:false,&quot;ekit_has_onepagescroll_dot&quot;:&quot;yes&quot;}\">\n\t\t\t\t\t<div class=\"e-con-inner\">\n\t\t\t\t<div class=\"elementor-element elementor-element-c8b8262 elementor-widget elementor-widget-thim-ekits-breadcrumb\" data-id=\"c8b8262\" data-element_type=\"widget\" data-e-type=\"widget\" data-settings=\"{&quot;ekit_we_effect_on&quot;:&quot;none&quot;}\" data-widget_type=\"thim-ekits-breadcrumb.default\">\n\t\t\t\t<div class=\"elementor-widget-container\">\n\t\t\t\t\t\n\t\t\t<div class=\"thim-ekit-breadcrumb\">\n\n\t\t\t\tStrona g\u0142\u00f3wna\n\t\t\t<\/div>\n\n\t\t\t\t\t\t\t<\/div>\n\t\t\t\t<\/div>\n\t\t\t\t<div class=\"elementor-element elementor-element-4d6bdc4 elementor-widget__width-initial elementor-widget elementor-widget-thim-ekits-heading\" data-id=\"4d6bdc4\" data-element_type=\"widget\" data-e-type=\"widget\" data-settings=\"{&quot;ekit_we_effect_on&quot;:&quot;none&quot;}\" data-widget_type=\"thim-ekits-heading.default\">\n\t\t\t\t<div class=\"elementor-widget-container\">\n\t\t\t\t\t<div class=\"thim-ekits-heading thim-ekit__heading\"><h3 class=\"title\">Polityka prywatno\u015bci <\/h3><h5 class=\"sub-heading\">Zapoznaj si\u0119 z naszymi zasadami, aby podr\u00f3\u017c przebiega\u0142a bez zak\u0142\u00f3ce\u0144<\/h5><\/div>\t\t\t\t<\/div>\n\t\t\t\t<\/div>\n\t\t\t\t\t<\/div>\n\t\t\t\t<\/div>\n\t\t<div class=\"elementor-element elementor-element-640d6af e-flex e-con-boxed e-con e-parent\" data-id=\"640d6af\" data-element_type=\"container\" data-e-type=\"container\" data-settings=\"{&quot;_ha_eqh_enable&quot;:false,&quot;ekit_has_onepagescroll_dot&quot;:&quot;yes&quot;}\">\n\t\t\t\t\t<div class=\"e-con-inner\">\n\t\t<div class=\"elementor-element elementor-element-d942f77 e-con-full e-flex e-con e-child\" data-id=\"d942f77\" data-element_type=\"container\" data-e-type=\"container\" data-settings=\"{&quot;_ha_eqh_enable&quot;:false,&quot;ekit_has_onepagescroll_dot&quot;:&quot;yes&quot;}\">\n\t\t\t\t<div class=\"elementor-element elementor-element-1d39d1b elementor-widget elementor-widget-text-editor\" data-id=\"1d39d1b\" data-element_type=\"widget\" data-e-type=\"widget\" data-settings=\"{&quot;ekit_we_effect_on&quot;:&quot;none&quot;}\" data-widget_type=\"text-editor.default\">\n\t\t\t\t<div class=\"elementor-widget-container\">\n\t\t\t\t\t\t\t\t\t<div style=\"color: #121212; margin-bottom: 16px;\"><ul class=\"content list-disc pl-5\"><li class=\"mb-2\"><div>witamy, Witamy na stronie internetowej [Mercy Tours]. Poni\u017csze warunki (zwane dalej \"Warunkami\") okre\u015blaj\u0105 warunki i zasady korzystania z naszej strony internetowej i us\u0142ug. Korzystaj\u0105c z tej witryny, u\u017cytkownik wyra\u017ca zgod\u0119 na przestrzeganie niniejszych warunk\u00f3w. Prosimy o uwa\u017cne zapoznanie si\u0119 z niniejszymi warunkami przed rozpocz\u0119ciem korzystania z Witryny. 1. Kwalifikowalno\u015b\u0107 Korzystaj\u0105c z Witryny, u\u017cytkownik o\u015bwiadcza, \u017ce ma co najmniej 18 lat lub korzysta z Witryny pod nadzorem rodzica lub opiekuna prawnego. Je\u015bli u\u017cytkownik nie akceptuje niniejszych warunk\u00f3w, nie powinien korzysta\u0107 z Witryny. 2. Konto i rejestracja Aby uzyska\u0107 dost\u0119p do niekt\u00f3rych funkcji lub us\u0142ug Witryny, mo\u017ce by\u0107 konieczne utworzenie konta. Podczas rejestracji nale\u017cy poda\u0107 dok\u0142adne i kompletne informacje. U\u017cytkownik jest odpowiedzialny za zachowanie poufno\u015bci informacji o swoim koncie i has\u0142a oraz zgadza si\u0119 przyj\u0105\u0107 odpowiedzialno\u015b\u0107 za wszystkie dzia\u0142ania, kt\u00f3re maj\u0105 miejsce na jego koncie. 3. Ceny zakupu i p\u0142atno\u015bci: Wszystkie ceny wy\u015bwietlane na stronie internetowej s\u0105 w walucie lokalnej i zawieraj\u0105 obowi\u0105zuj\u0105ce podatki, chyba \u017ce okre\u015blono inaczej. P\u0142atno\u015bci: Akceptujemy zatwierdzone metody p\u0142atno\u015bci wskazane na stronie internetowej. P\u0142atno\u015b\u0107 musi by\u0107 dokonana w ca\u0142o\u015bci przed wysy\u0142k\u0105 produkt\u00f3w. Potwierdzenie: Po z\u0142o\u017ceniu zam\u00f3wienia otrzymasz wiadomo\u015b\u0107 e-mail potwierdzaj\u0105c\u0105 szczeg\u00f3\u0142y zam\u00f3wienia. 4. Wysy\u0142ka i dostawa Wysy\u0142ka: Produkty zostan\u0105 wys\u0142ane na adres podany podczas procesu zakupu. Czas wysy\u0142ki mo\u017ce si\u0119 r\u00f3\u017cni\u0107 w zale\u017cno\u015bci od po\u0142o\u017cenia geograficznego i zasad firmy przewozowej. Dostawa: Dok\u0142adamy wszelkich stara\u0144, aby dostarcza\u0107 zam\u00f3wienia na czas, ale nie ponosimy odpowiedzialno\u015bci za op\u00f3\u017anienia spowodowane okoliczno\u015bciami, na kt\u00f3re nie mamy wp\u0142ywu. 5. Zwroty i wymiany<\/div><\/li><\/ul><\/div>\t\t\t\t\t\t\t\t<\/div>\n\t\t\t\t<\/div>\n\t\t\t\t<\/div>\n\t\t\t\t\t<\/div>\n\t\t\t\t<\/div>\n\t\t\t\t<\/div>\n\t\t\n    <div class=\"xs_social_share_widget xs_share_url after_content \t\tmain_content  wslu-style-1 wslu-share-box-shaped wslu-fill-colored wslu-none wslu-share-horizontal wslu-theme-font-no wslu-main_content\">\n\n\t\t\n        <ul>\n\t\t\t        <\/ul>\n    <\/div>","protected":false},"excerpt":{"rendered":"<p>Strona g\u0142\u00f3wna<br \/>\nPolityka prywatno\u015bci <br \/>\nZapoznaj si\u0119 z naszymi zasadami, aby podr\u00f3\u017c przebiega\u0142a bez zak\u0142\u00f3ce\u0144<\/p>\n<p>hello, Welcome to the [Mercy Tours] website. The following terms and conditions (hereinafter referred to as \u201cTerms\u201d) <\/p>","protected":false},"author":4,"featured_media":0,"parent":0,"menu_order":0,"comment_status":"closed","ping_status":"closed","template":"elementor_header_footer","meta":{"postBodyCss":"","postBodyMargin":[],"postBodyPadding":[],"postBodyBackground":{"backgroundType":"classic","gradient":""},"footnotes":""},"class_list":["post-11267","page","type-page","status-publish","hentry"],"_links":{"self":[{"href":"https:\/\/marsavibe.com\/pl\/wp-json\/wp\/v2\/pages\/11267","targetHints":{"allow":["GET"]}}],"collection":[{"href":"https:\/\/marsavibe.com\/pl\/wp-json\/wp\/v2\/pages"}],"about":[{"href":"https:\/\/marsavibe.com\/pl\/wp-json\/wp\/v2\/types\/page"}],"author":[{"embeddable":true,"href":"https:\/\/marsavibe.com\/pl\/wp-json\/wp\/v2\/users\/4"}],"replies":[{"embeddable":true,"href":"https:\/\/marsavibe.com\/pl\/wp-json\/wp\/v2\/comments?post=11267"}],"version-history":[{"count":3,"href":"https:\/\/marsavibe.com\/pl\/wp-json\/wp\/v2\/pages\/11267\/revisions"}],"predecessor-version":[{"id":11986,"href":"https:\/\/marsavibe.com\/pl\/wp-json\/wp\/v2\/pages\/11267\/revisions\/11986"}],"wp:attachment":[{"href":"https:\/\/marsavibe.com\/pl\/wp-json\/wp\/v2\/media?parent=11267"}],"curies":[{"name":"wp","href":"https:\/\/api.w.org\/{rel}","templated":true}]}}