{"id":12781,"date":"2025-08-21T20:51:10","date_gmt":"2025-08-21T20:51:10","guid":{"rendered":"https:\/\/marsavibe.com\/?post_type=product&#038;p=12781"},"modified":"2025-09-24T16:33:40","modified_gmt":"2025-09-24T16:33:40","slug":"tourist-minibus-toyota","status":"publish","type":"product","link":"https:\/\/marsavibe.com\/tours\/tourist-minibus-toyota","title":{"rendered":"Hyundai Elantra"},"content":{"rendered":"<p data-start=\"87\" data-end=\"140\">\ud83d\ude96\u2728 <strong data-start=\"91\" data-end=\"138\">Hyundai Elantra - us\u0142ugi prywatnej limuzyny<\/strong><\/p>\n<p data-start=\"142\" data-end=\"309\">Podr\u00f3\u017c w <strong data-start=\"152\" data-end=\"173\">styl i komfort<\/strong> z nowoczesnym Hyundaiem Elantra. Idealny dla os\u00f3b indywidualnych, par lub ma\u0142ych grup poszukuj\u0105cych wydajno\u015bci, luksusu i p\u0142ynnej jazdy.<\/p>\n<p data-start=\"311\" data-end=\"328\">\u2705 <strong data-start=\"313\" data-end=\"326\">Cechy:<\/strong><\/p>\n<p data-start=\"330\" data-end=\"586\">\ud83e\uddd1\u200d\ud83e\udd1d\u200d\ud83e\uddd1 Miejsca do <strong data-start=\"351\" data-end=\"369\">3-4 pasa\u017cer\u00f3w<\/strong> z komfortem.<br data-start=\"383\" data-end=\"386\" \/>\u2744\ufe0f <strong data-start=\"389\" data-end=\"430\">Fotele premium i pe\u0142na klimatyzacja<\/strong>.<br data-start=\"431\" data-end=\"434\" \/>\ud83d\udc68\u200d\u2708\ufe0f <strong data-start=\"440\" data-end=\"463\">Profesjonalny kierowca<\/strong> zapewniaj\u0105c bezpiecze\u0144stwo i wygod\u0119.<br data-start=\"496\" data-end=\"499\" \/>Idealny dla <strong data-start=\"512\" data-end=\"583\" data-is-only-node=\"\">transfery lotniskowe, odbi\u00f3r z hotelu, podr\u00f3\u017ce s\u0142u\u017cbowe lub przejazdy prywatne<\/strong>.<\/p>\n<p data-start=\"588\" data-end=\"698\">Hyundai Elantra to samoch\u00f3d, kt\u00f3ry jest w stanie <strong data-start=\"617\" data-end=\"695\">Inteligentny wyb\u00f3r dla os\u00f3b ceni\u0105cych komfort, niezawodno\u015b\u0107 i nowoczesn\u0105 elegancj\u0119<\/strong>.<\/p>\n<p data-start=\"588\" data-end=\"698\"><em><strong>Uwaga:<\/strong> ceny zaczynaj\u0105 si\u0119 od 10 i zale\u017c\u0105 od tego, gdzie si\u0119 wybierasz<\/em><\/p>\n\n    <div class=\"xs_social_share_widget xs_share_url after_content \t\tmain_content  wslu-style-1 wslu-share-box-shaped wslu-fill-colored wslu-none wslu-share-horizontal wslu-theme-font-no wslu-main_content\">\n\n\t\t\n        <ul>\n\t\t\t        <\/ul>\n    <\/div>","protected":false},"excerpt":{"rendered":"<p>&nbsp;<\/p>\n<div id=\"simple-translate\" class=\"simple-translate-system-theme\">\n<div>\n<div class=\"simple-translate-button isShow\" style=\"background-image: url('chrome-extension:\/\/cllnohpbfenopiakdcjmjcbaeapmkcdl\/icons\/512.png'); height: 22px; width: 22px; top: 33px; left: -20px;\"><\/div>\n<div class=\"simple-translate-panel\" style=\"width: 300px; height: 200px; top: 0px; left: 0px; font-size: 13px;\">\n<div class=\"simple-translate-result-wrapper\" style=\"overflow: hidden;\">\n<div class=\"simple-translate-move\" draggable=\"true\"><\/div>\n<div class=\"simple-translate-result-contents\">\n<p class=\"simple-translate-candidate\" dir=\"auto\">\n<\/div>\n<\/div>\n<\/div>\n<\/div>\n<\/div>","protected":false},"featured_media":13924,"comment_status":"open","ping_status":"closed","template":"","meta":{"postBodyCss":"","postBodyMargin":[],"postBodyPadding":[],"postBodyBackground":{"backgroundType":"classic","gradient":""}},"product_brand":[],"product_cat":[],"product_tag":[],"class_list":{"0":"post-12781","1":"product","2":"type-product","3":"status-publish","4":"has-post-thumbnail","6":"tour_phys-sedan-cars","7":"pa_destination-mini-buses","8":"pa_month-april","9":"pa_month-december","10":"pa_month-september","12":"first","13":"instock","14":"shipping-taxable","15":"purchasable","16":"product-type-tour_phys"},"_links":{"self":[{"href":"https:\/\/marsavibe.com\/pl\/wp-json\/wp\/v2\/product\/12781","targetHints":{"allow":["GET"]}}],"collection":[{"href":"https:\/\/marsavibe.com\/pl\/wp-json\/wp\/v2\/product"}],"about":[{"href":"https:\/\/marsavibe.com\/pl\/wp-json\/wp\/v2\/types\/product"}],"replies":[{"embeddable":true,"href":"https:\/\/marsavibe.com\/pl\/wp-json\/wp\/v2\/comments?post=12781"}],"wp:featuredmedia":[{"embeddable":true,"href":"https:\/\/marsavibe.com\/pl\/wp-json\/wp\/v2\/media\/13924"}],"wp:attachment":[{"href":"https:\/\/marsavibe.com\/pl\/wp-json\/wp\/v2\/media?parent=12781"}],"wp:term":[{"taxonomy":"product_brand","embeddable":true,"href":"https:\/\/marsavibe.com\/pl\/wp-json\/wp\/v2\/product_brand?post=12781"},{"taxonomy":"product_cat","embeddable":true,"href":"https:\/\/marsavibe.com\/pl\/wp-json\/wp\/v2\/product_cat?post=12781"},{"taxonomy":"product_tag","embeddable":true,"href":"https:\/\/marsavibe.com\/pl\/wp-json\/wp\/v2\/product_tag?post=12781"}],"curies":[{"name":"wp","href":"https:\/\/api.w.org\/{rel}","templated":true}]}}