{"id":12782,"date":"2025-08-21T20:56:18","date_gmt":"2025-08-21T20:56:18","guid":{"rendered":"https:\/\/marsavibe.com\/?post_type=product&#038;p=12782"},"modified":"2025-09-24T16:48:13","modified_gmt":"2025-09-24T16:48:13","slug":"hyundai-elantra","status":"publish","type":"product","link":"https:\/\/marsavibe.com\/tours\/hyundai-elantra","title":{"rendered":"Transfer lotniskowy"},"content":{"rendered":"<p>\u2708\ufe0f <strong><em>Us\u0142uga transferu na lotnisko<\/em><\/strong><\/p>\n<p>Ciesz si\u0119 sprawnym i niezawodnym transferem lotniskowym dzi\u0119ki nowoczesnym pojazdom i profesjonalnym kierowcom. Zapewniamy dotarcie na czas, bez stresu i w pe\u0142nym komforcie. Niezale\u017cnie od tego, czy podr\u00f3\u017cujesz w celach biznesowych, czy turystycznych, zapewniamy p\u0142ynn\u0105 podr\u00f3\u017c z monitorowaniem lotu w czasie rzeczywistym. \ud83d\udd52<\/p>\n<p>- **\ud83d\udd50 Punktualno\u015b\u0107**: Monitorujemy Tw\u00f3j lot w czasie rzeczywistym, dostosowuj\u0105c godziny odbioru, aby\u015b nigdy nie musia\u0142 czeka\u0107.<br \/>\n- **\ud83d\ude97 Komfortowe przejazdy**: Podr\u00f3\u017cuj w dobrym stylu; nasze pojazdy s\u0105 wyposa\u017cone we wszystkie udogodnienia potrzebne do przyjemnej podr\u00f3\u017cy.<br \/>\n- **\ud83d\udc68\u200d\u2708\ufe0f Profesjonalni kierowcy**: Nasi kierowcy znaj\u0105 okolic\u0119 i zapewniaj\u0105 doskona\u0142\u0105 obs\u0142ug\u0119 klienta.<br \/>\n- **\ud83d\udc68\u200d\ud83d\udc69\u200d\ud83d\udc67\u200d\ud83d\udc66 Elastyczne opcje**: Niezale\u017cnie od tego, czy podr\u00f3\u017cujesz sam, z rodzin\u0105 czy w grupie, mamy odpowiedni pojazd, kt\u00f3ry spe\u0142ni Twoje potrzeby.<br \/>\n- **\ud83d\udcbc Biznes i wypoczynek**: Bez wzgl\u0119du na cel podr\u00f3\u017cy, nasze us\u0142ugi s\u0105 dostosowane do zapewnienia p\u0142ynnej jazdy dla ka\u017cdego.<\/p>\n<p>Zarezerwuj transfer lotniskowy ju\u017c dzi\u015b i ciesz si\u0119 spokojem ducha, wiedz\u0105c, \u017ce dotrzesz do celu na czas i w komfortowych warunkach. \ud83c\udf1f<\/p>\n\n    <div class=\"xs_social_share_widget xs_share_url after_content \t\tmain_content  wslu-style-1 wslu-share-box-shaped wslu-fill-colored wslu-none wslu-share-horizontal wslu-theme-font-no wslu-main_content\">\n\n\t\t\n        <ul>\n\t\t\t        <\/ul>\n    <\/div>","protected":false},"excerpt":{"rendered":"<p>&nbsp;<\/p>\n<div id=\"simple-translate\" class=\"simple-translate-system-theme\">\n<div>\n<div class=\"simple-translate-button isShow\" style=\"background-image: url('chrome-extension:\/\/cllnohpbfenopiakdcjmjcbaeapmkcdl\/icons\/512.png'); height: 22px; width: 22px; top: 33px; left: -20px;\"><\/div>\n<div class=\"simple-translate-panel\" style=\"width: 300px; height: 200px; top: 0px; left: 0px; font-size: 13px;\">\n<div class=\"simple-translate-result-wrapper\" style=\"overflow: hidden;\">\n<div class=\"simple-translate-move\" draggable=\"true\"><\/div>\n<div class=\"simple-translate-result-contents\">\n<p class=\"simple-translate-candidate\" dir=\"auto\">\n<\/div>\n<\/div>\n<\/div>\n<\/div>\n<\/div>","protected":false},"featured_media":14277,"comment_status":"open","ping_status":"closed","template":"","meta":{"postBodyCss":"","postBodyMargin":[],"postBodyPadding":[],"postBodyBackground":{"backgroundType":"classic","gradient":""}},"product_brand":[],"product_cat":[],"product_tag":[],"class_list":{"0":"post-12782","1":"product","2":"type-product","3":"status-publish","4":"has-post-thumbnail","6":"tour_phys-mini-buses","7":"tour_phys-suv-family-cars","8":"pa_destination-sedan-cars","9":"pa_month-april","10":"pa_month-december","11":"pa_month-september","13":"first","14":"instock","15":"sale","16":"shipping-taxable","17":"purchasable","18":"product-type-tour_phys"},"_links":{"self":[{"href":"https:\/\/marsavibe.com\/pl\/wp-json\/wp\/v2\/product\/12782","targetHints":{"allow":["GET"]}}],"collection":[{"href":"https:\/\/marsavibe.com\/pl\/wp-json\/wp\/v2\/product"}],"about":[{"href":"https:\/\/marsavibe.com\/pl\/wp-json\/wp\/v2\/types\/product"}],"replies":[{"embeddable":true,"href":"https:\/\/marsavibe.com\/pl\/wp-json\/wp\/v2\/comments?post=12782"}],"wp:featuredmedia":[{"embeddable":true,"href":"https:\/\/marsavibe.com\/pl\/wp-json\/wp\/v2\/media\/14277"}],"wp:attachment":[{"href":"https:\/\/marsavibe.com\/pl\/wp-json\/wp\/v2\/media?parent=12782"}],"wp:term":[{"taxonomy":"product_brand","embeddable":true,"href":"https:\/\/marsavibe.com\/pl\/wp-json\/wp\/v2\/product_brand?post=12782"},{"taxonomy":"product_cat","embeddable":true,"href":"https:\/\/marsavibe.com\/pl\/wp-json\/wp\/v2\/product_cat?post=12782"},{"taxonomy":"product_tag","embeddable":true,"href":"https:\/\/marsavibe.com\/pl\/wp-json\/wp\/v2\/product_tag?post=12782"}],"curies":[{"name":"wp","href":"https:\/\/api.w.org\/{rel}","templated":true}]}}