{"id":13805,"date":"2025-08-30T09:44:03","date_gmt":"2025-08-30T09:44:03","guid":{"rendered":"https:\/\/marsavibe.com\/?post_type=product&#038;p=13805"},"modified":"2025-12-07T19:45:33","modified_gmt":"2025-12-07T19:45:33","slug":"marsa-mubarak-trip-7-hours","status":"publish","type":"product","link":"https:\/\/marsavibe.com\/tours\/marsa-mubarak-trip-7-hours","title":{"rendered":"Marsa Mubarak (dugong)"},"content":{"rendered":"<p><strong><em>Przygoda ze snorkelingiem w Morzu Czerwonym \ud83c\udf0a\ud83d\udc20<\/em><\/strong><\/p>\n<p>Wyp\u0142y\u0144 z Port Ghalib Marina i zanurz si\u0119 w cudownym \u015bwiecie pod falami!<\/p>\n<p>\u2e3b<\/p>\n<p>\u2b50<strong><em> Najwa\u017cniejsze wydarzenia:<\/em><\/strong><br \/>\n- Marsa Mubarak i rafy Shoney - odkryj t\u0119tni\u0105ce \u017cyciem koralowce pe\u0142ne \u017cycia morskiego<br \/>\n- \u017b\u00f3\u0142wie i diugonie - P\u0142ywaj z wdzi\u0119cznymi \u017c\u00f3\u0142wiami morskimi i rzadk\u0105 krow\u0105 morsk\u0105<br \/>\n- Kolorowe ryby tropikalne - odkryj \u0142awice ol\u015bniewaj\u0105cych ryb w krystalicznie czystych wodach<br \/>\n- Pyszny lunch na pok\u0142adzie - \u015bwie\u017co przygotowany posi\u0142ek z nieograniczon\u0105 ilo\u015bci\u0105 napoj\u00f3w bezalkoholowych<br \/>\n- Sprz\u0119t do snorkelingu w zestawie - maska, p\u0142etwy i kamizelka ratunkowa zapewniaj\u0105 komfort i bezpiecze\u0144stwo.<\/p>\n<p>\u2e3b<\/p>\n<p>\u23f1<strong><em> Czas trwania:<\/em><\/strong><\/p>\n<p>Wycieczka ca\u0142odniowa - oko\u0142o 7-8 godzin<\/p>\n<p>\u2e3b<\/p>\n<p>\ud83c\udf1e <strong><em>Idealne dla:<\/em><\/strong><\/p>\n<p>Pocz\u0105tkuj\u0105cy i do\u015bwiadczeni snorkelerzy<br \/>\nRodziny, pary i przyjaciele<br \/>\nKa\u017cdy, kto szuka niezapomnianej przygody nad Morzem Czerwonym \u2728<\/p>\n<p>\u2e3b<\/p>\n<p>Zarezerwuj swoj\u0105 przygod\u0119 ze snorkelingiem ju\u017c dzi\u015b!<\/p>\n<p>Liczba miejsc ograniczona - nie przegap szansy na odkrycie magii Marsa Mubarak i Shoney Reefs \ud83d\udc22\ud83d\udc20\ud83d\udea4<\/p>\n<p>&nbsp;<\/p>\n<div id=\"gtx-trans\" style=\"position: absolute; left: 198px; top: 47.8px;\">\n<div class=\"gtx-trans-icon\"><\/div>\n<\/div>\n<div id=\"gtx-trans\" style=\"position: absolute; left: 198px; top: 47.8px;\">\n<div class=\"gtx-trans-icon\"><\/div>\n<\/div>\n\n    <div class=\"xs_social_share_widget xs_share_url after_content \t\tmain_content  wslu-style-1 wslu-share-box-shaped wslu-fill-colored wslu-none wslu-share-horizontal wslu-theme-font-no wslu-main_content\">\n\n\t\t\n        <ul>\n\t\t\t        <\/ul>\n    <\/div>","protected":false},"excerpt":{"rendered":"<p>Przygoda ze snorkelingiem w Morzu Czerwonym \ud83c\udf0a\ud83d\udc20<br \/>\nWyp\u0142y\u0144 z Port Ghalib Marina i zanurz si\u0119 w cudownym \u015bwiecie pod falami!<br \/>\n\u2e3b<br \/>\nNajwa\u017cniejsze wydarzenia:<br \/>\n\u2022 \ud83e\udeb8 Marsa <\/p>","protected":false},"featured_media":14527,"comment_status":"open","ping_status":"closed","template":"","meta":{"postBodyCss":"","postBodyMargin":[],"postBodyPadding":[],"postBodyBackground":{"backgroundType":"classic","gradient":""}},"product_brand":[],"product_cat":[],"product_tag":[],"class_list":{"0":"post-13805","1":"product","2":"type-product","3":"status-publish","4":"has-post-thumbnail","6":"tour_phys-sea-trips","8":"first","9":"instock","10":"shipping-taxable","11":"purchasable","12":"product-type-tour_phys"},"_links":{"self":[{"href":"https:\/\/marsavibe.com\/pl\/wp-json\/wp\/v2\/product\/13805","targetHints":{"allow":["GET"]}}],"collection":[{"href":"https:\/\/marsavibe.com\/pl\/wp-json\/wp\/v2\/product"}],"about":[{"href":"https:\/\/marsavibe.com\/pl\/wp-json\/wp\/v2\/types\/product"}],"replies":[{"embeddable":true,"href":"https:\/\/marsavibe.com\/pl\/wp-json\/wp\/v2\/comments?post=13805"}],"wp:featuredmedia":[{"embeddable":true,"href":"https:\/\/marsavibe.com\/pl\/wp-json\/wp\/v2\/media\/14527"}],"wp:attachment":[{"href":"https:\/\/marsavibe.com\/pl\/wp-json\/wp\/v2\/media?parent=13805"}],"wp:term":[{"taxonomy":"product_brand","embeddable":true,"href":"https:\/\/marsavibe.com\/pl\/wp-json\/wp\/v2\/product_brand?post=13805"},{"taxonomy":"product_cat","embeddable":true,"href":"https:\/\/marsavibe.com\/pl\/wp-json\/wp\/v2\/product_cat?post=13805"},{"taxonomy":"product_tag","embeddable":true,"href":"https:\/\/marsavibe.com\/pl\/wp-json\/wp\/v2\/product_tag?post=13805"}],"curies":[{"name":"wp","href":"https:\/\/api.w.org\/{rel}","templated":true}]}}