{"id":13811,"date":"2025-08-30T09:52:48","date_gmt":"2025-08-30T09:52:48","guid":{"rendered":"https:\/\/marsavibe.com\/?post_type=product&#038;p=13811"},"modified":"2025-12-07T19:45:09","modified_gmt":"2025-12-07T19:45:09","slug":"samadai-reef-dolphin-house","status":"publish","type":"product","link":"https:\/\/marsavibe.com\/tours\/samadai-reef-dolphin-house","title":{"rendered":"Samadai \"Dolphin House\""},"content":{"rendered":"<h2 data-start=\"88\" data-end=\"140\"><strong><em>Do\u015bwiadczenie z delfinami - przygoda nad Morzem Czerwonym<\/em><\/strong><\/h2>\n<p data-start=\"142\" data-end=\"222\">\ud83d\udcdd<strong data-start=\"90\" data-end=\"134\"><em>Czas trwania:<\/em>\u00a0 <\/strong><strong><em>od (7-8 do 3-4)<\/em><\/strong><\/p>\n<p>\ud83d\udc2c Odkryj magi\u0119 Samadai (Dolphin House)! \ud83c\udf0a\u2728<\/p>\n<p>Do\u0142\u0105cz do nas na niezapomnian\u0105 8-godzinn\u0105 przygod\u0119 w Morzu Czerwonym i poznaj s\u0142ynn\u0105 na ca\u0142ym \u015bwiecie raf\u0119 Samadai - dom delfin\u00f3w.<\/p>\n<p>\u2e3b<\/p>\n<p>\u2b50 <em><strong>Najwa\u017cniejsze wydarzenia:<\/strong><\/em><br \/>\n- Dwa przystanki snorkelingu - p\u0142ywanie w\u015br\u00f3d kolorowych ryb i raf koralowych<br \/>\n- Wizyta w Samadai Dolphin House - ogl\u0105danie delfin\u00f3w w ich naturalnym \u015brodowisku<br \/>\n- Przygoda ze snorkelingiem z przewodnikiem - bezpieczna i przyjemna zabawa z profesjonalnymi instruktorami<br \/>\n- Obserwacja dzikiej przyrody - zobacz egzotyczne ptaki i t\u0119tni\u0105ce \u017cyciem \u017cycie morskie<\/p>\n<p>\u2e3b<\/p>\n<p>\ud83c\udf81 <strong><em>Co wchodzi w sk\u0142ad zestawu:<\/em><\/strong><br \/>\n- Transfery hotelowe - odbi\u00f3r i dow\u00f3z komfortowym pojazdem z klimatyzacj\u0105<br \/>\n- Zapewniony sprz\u0119t do snorkelingu - maska, p\u0142etwy, fajka i kamizelka ratunkowa<br \/>\n- Lunch i napoje bezalkoholowe - pyszny posi\u0142ek serwowany na pok\u0142adzie<br \/>\n- \ud83d\udc68\u200d\ud83c\udfeb Przewodnicy-eksperci - pomoc zar\u00f3wno dla pocz\u0105tkuj\u0105cych, jak i do\u015bwiadczonych snorkeler\u00f3w.<\/p>\n<p>\u2e3b<\/p>\n<p>Idealne po\u0142\u0105czenie przygody i relaksu:<\/p>\n<p>Nurkowanie z rurk\u0105 na dziewiczych rafach \ud83d\udc1f<br \/>\nSpotkanie z delfinami w Samadai \ud83d\udc2c<br \/>\nRelaks i lunch na pok\u0142adzie \ud83c\udf72<br \/>\nTworzenie niezapomnianych wspomnie\u0144 z Morza Czerwonego \u2728<\/p>\n<p>\u2e3b<\/p>\n<p><strong><em>Zarezerwuj do\u015bwiadczenie Samadai ju\u017c dzi\u015b!<\/em><\/strong><\/p>\n<p>Liczba miejsc jest ograniczona - nie przegap swojej szansy na p\u0142ywanie tam, gdzie bawi\u0105 si\u0119 delfiny! \ud83c\udf0a\ud83d\udc2c\ud83d\udea4<\/p>\n\n    <div class=\"xs_social_share_widget xs_share_url after_content \t\tmain_content  wslu-style-1 wslu-share-box-shaped wslu-fill-colored wslu-none wslu-share-horizontal wslu-theme-font-no wslu-main_content\">\n\n\t\t\n        <ul>\n\t\t\t        <\/ul>\n    <\/div>","protected":false},"excerpt":{"rendered":"<p>Do\u015bwiadczenie z delfinami - przygoda nad Morzem Czerwonym<br \/>\n\ud83d\udcddDuration:\u00a0 from (7-8 to 3-4)<br \/>\n\ud83d\udc2c Odkryj magi\u0119 Samadai (Dolphin House)! \ud83c\udf0a\u2728<br \/>\nJoin us for an unforgettable 8-hour Red Sea <\/p>","protected":false},"featured_media":14430,"comment_status":"open","ping_status":"closed","template":"","meta":{"postBodyCss":"","postBodyMargin":[],"postBodyPadding":[],"postBodyBackground":{"backgroundType":"classic","gradient":""}},"product_brand":[],"product_cat":[],"product_tag":[],"class_list":{"0":"post-13811","1":"product","2":"type-product","3":"status-publish","4":"has-post-thumbnail","6":"tour_phys-sea-trips","8":"first","9":"instock","10":"shipping-taxable","11":"purchasable","12":"product-type-tour_phys"},"_links":{"self":[{"href":"https:\/\/marsavibe.com\/pl\/wp-json\/wp\/v2\/product\/13811","targetHints":{"allow":["GET"]}}],"collection":[{"href":"https:\/\/marsavibe.com\/pl\/wp-json\/wp\/v2\/product"}],"about":[{"href":"https:\/\/marsavibe.com\/pl\/wp-json\/wp\/v2\/types\/product"}],"replies":[{"embeddable":true,"href":"https:\/\/marsavibe.com\/pl\/wp-json\/wp\/v2\/comments?post=13811"}],"wp:featuredmedia":[{"embeddable":true,"href":"https:\/\/marsavibe.com\/pl\/wp-json\/wp\/v2\/media\/14430"}],"wp:attachment":[{"href":"https:\/\/marsavibe.com\/pl\/wp-json\/wp\/v2\/media?parent=13811"}],"wp:term":[{"taxonomy":"product_brand","embeddable":true,"href":"https:\/\/marsavibe.com\/pl\/wp-json\/wp\/v2\/product_brand?post=13811"},{"taxonomy":"product_cat","embeddable":true,"href":"https:\/\/marsavibe.com\/pl\/wp-json\/wp\/v2\/product_cat?post=13811"},{"taxonomy":"product_tag","embeddable":true,"href":"https:\/\/marsavibe.com\/pl\/wp-json\/wp\/v2\/product_tag?post=13811"}],"curies":[{"name":"wp","href":"https:\/\/api.w.org\/{rel}","templated":true}]}}