{"id":13816,"date":"2025-08-30T09:55:31","date_gmt":"2025-08-30T09:55:31","guid":{"rendered":"https:\/\/marsavibe.com\/?post_type=product&#038;p=13816"},"modified":"2025-12-07T19:42:58","modified_gmt":"2025-12-07T19:42:58","slug":"sataya-reef-dolphin-house-excursion","status":"publish","type":"product","link":"https:\/\/marsavibe.com\/tours\/sataya-reef-dolphin-house-excursion","title":{"rendered":"Sataya - Dolphin House"},"content":{"rendered":"<h1 data-start=\"151\" data-end=\"198\">Dom delfin\u00f3w - przygoda na rafie Sataya \ud83c\udf0a<\/h1>\n<p data-start=\"200\" data-end=\"408\">Wyrusz w podr\u00f3\u017c <strong data-start=\"213\" data-end=\"238\">niezapomniana podr\u00f3\u017c<\/strong> do <strong data-start=\"242\" data-end=\"257\">Rafa Sataya<\/strong>znany jako <em data-start=\"277\" data-end=\"292\">Dolphin House<\/em>gdzie spotkasz delfiny w ich naturalnym \u015brodowisku i odkryjesz zapieraj\u0105ce dech w piersiach pi\u0119kno Morza Czerwonego.<\/p>\n<hr data-start=\"410\" data-end=\"413\" \/>\n<h2 data-start=\"415\" data-end=\"438\">Najwa\u017cniejsze wydarzenia z podr\u00f3\u017cy<\/h2>\n<ul data-start=\"439\" data-end=\"747\">\n<li data-start=\"439\" data-end=\"486\">\n<p data-start=\"441\" data-end=\"486\">Odbi\u00f3r i dow\u00f3z do hotelu dla Twojej wygody<\/p>\n<\/li>\n<li data-start=\"487\" data-end=\"560\">\n<p data-start=\"489\" data-end=\"560\">\ud83d\udc2c P\u0142ywanie z delfinami pod okiem profesjonalnego instruktora snorkelingu<\/p>\n<\/li>\n<li data-start=\"561\" data-end=\"631\">\n<p data-start=\"563\" data-end=\"631\">Dwa przystanki na snorkeling na t\u0119tni\u0105cych \u017cyciem rafach koralowych pe\u0142nych \u017cycia morskiego<\/p>\n<\/li>\n<li data-start=\"632\" data-end=\"677\">\n<p data-start=\"634\" data-end=\"677\">\u015awie\u017co przygotowany lunch serwowany na pok\u0142adzie<\/p>\n<\/li>\n<li data-start=\"678\" data-end=\"747\">\n<p data-start=\"680\" data-end=\"747\">Nielimitowane napoje - herbata, kawa i napoje bezalkoholowe przez ca\u0142y dzie\u0144<\/p>\n<\/li>\n<\/ul>\n<p data-start=\"749\" data-end=\"848\">\ud83d\udcf8 <em data-start=\"752\" data-end=\"768\">Opcja dodatkowa<\/em>: Profesjonalne us\u0142ugi fotograficzne dost\u0119pne s\u0105 na \u017cyczenie (za dodatkow\u0105 op\u0142at\u0105).<\/p>\n<hr data-start=\"850\" data-end=\"853\" \/>\n<h2 data-start=\"855\" data-end=\"869\">Ceny<\/h2>\n<ul data-start=\"870\" data-end=\"1003\">\n<li data-start=\"870\" data-end=\"910\">\n<p data-start=\"872\" data-end=\"910\"><strong data-start=\"872\" data-end=\"882\">Doro\u015bli<\/strong>: Od <strong data-start=\"889\" data-end=\"897\">52 \u20ac<\/strong> na osob\u0119<\/p>\n<\/li>\n<li data-start=\"911\" data-end=\"958\">\n<p data-start=\"913\" data-end=\"958\"><strong data-start=\"913\" data-end=\"938\">Dzieci (5-10 lat)<\/strong>: <strong data-start=\"940\" data-end=\"956\">50% zni\u017cka<\/strong><\/p>\n<\/li>\n<li data-start=\"959\" data-end=\"1003\">\n<p data-start=\"961\" data-end=\"1003\"><strong data-start=\"961\" data-end=\"981\">Dzieci poni\u017cej 5 lat<\/strong>: <strong data-start=\"983\" data-end=\"1001\">Bezp\u0142atnie<\/strong><\/p>\n<\/li>\n<\/ul>\n<hr data-start=\"1005\" data-end=\"1008\" \/>\n<h2 data-start=\"1010\" data-end=\"1038\"><\/h2>\n<h2 data-start=\"1010\" data-end=\"1038\">Wliczone w cen\u0119<\/h2>\n<ul data-start=\"1039\" data-end=\"1275\">\n<li data-start=\"1039\" data-end=\"1070\">\n<p data-start=\"1041\" data-end=\"1070\">Odbi\u00f3r i dow\u00f3z do hotelu<\/p>\n<\/li>\n<li data-start=\"1071\" data-end=\"1131\">\n<p data-start=\"1073\" data-end=\"1131\">\ud83d\udee5\ufe0f Ca\u0142odniowa wycieczka \u0142odzi\u0105 na nowoczesnym, dobrze wyposa\u017conym statku<\/p>\n<\/li>\n<li data-start=\"1132\" data-end=\"1185\">\n<p data-start=\"1134\" data-end=\"1185\">Sprz\u0119t do snorkelingu (maska, p\u0142etwy, kamizelka ratunkowa)<\/p>\n<\/li>\n<li data-start=\"1186\" data-end=\"1236\">\n<p data-start=\"1188\" data-end=\"1236\">\ud83d\udc68\u200d\ud83c\udfeb Profesjonalny instruktor\/przewodnik nurkowania z rurk\u0105<\/p>\n<\/li>\n<li data-start=\"1237\" data-end=\"1275\">\n<p data-start=\"1239\" data-end=\"1275\">Lunch i napoje bezalkoholowe bez ogranicze\u0144<\/p>\n<\/li>\n<\/ul>\n<hr data-start=\"1277\" data-end=\"1280\" \/>\n<h2 data-start=\"1282\" data-end=\"1301\"><\/h2>\n<h2 data-start=\"1282\" data-end=\"1301\">Nie wchodzi w sk\u0142ad zestawu<\/h2>\n<ul data-start=\"1302\" data-end=\"1393\">\n<li data-start=\"1302\" data-end=\"1323\">\n<p data-start=\"1304\" data-end=\"1323\">Wydatki osobiste<\/p>\n<\/li>\n<li data-start=\"1324\" data-end=\"1343\">\n<p data-start=\"1326\" data-end=\"1343\">Wskaz\u00f3wki (opcjonalnie)<\/p>\n<\/li>\n<li data-start=\"1344\" data-end=\"1393\">\n<p data-start=\"1346\" data-end=\"1393\">Profesjonalna us\u0142uga fotograficzna (dodatkowa op\u0142ata)<\/p>\n<\/li>\n<\/ul>\n<hr data-start=\"1395\" data-end=\"1398\" \/>\n<h2 data-start=\"1400\" data-end=\"1430\"><\/h2>\n<h2 data-start=\"1400\" data-end=\"1430\">\u2139\ufe0f Dodatkowe informacje<\/h2>\n<ul data-start=\"1431\" data-end=\"1608\">\n<li data-start=\"1431\" data-end=\"1504\">\n<p data-start=\"1433\" data-end=\"1504\">Odpowiedni dla <strong data-start=\"1449\" data-end=\"1461\">wszystkie grupy wiekowe<\/strong> (dzieci musz\u0105 by\u0107 nadzorowane przez rodzic\u00f3w)<\/p>\n<\/li>\n<li data-start=\"1505\" data-end=\"1543\">\n<p data-start=\"1507\" data-end=\"1543\">\u23f1\ufe0f Czas trwania: <strong data-start=\"1520\" data-end=\"1541\">Oko\u0142o 7-8 godzin<\/strong><\/p>\n<\/li>\n<li data-start=\"1544\" data-end=\"1608\">\n<p data-start=\"1546\" data-end=\"1608\">Dost\u0119pne j\u0119zyki: <strong data-start=\"1570\" data-end=\"1606\">Angielski, niemiecki, rosyjski, arabski<\/strong><\/p>\n<\/li>\n<\/ul>\n\n    <div class=\"xs_social_share_widget xs_share_url after_content \t\tmain_content  wslu-style-1 wslu-share-box-shaped wslu-fill-colored wslu-none wslu-share-horizontal wslu-theme-font-no wslu-main_content\">\n\n\t\t\n        <ul>\n\t\t\t        <\/ul>\n    <\/div>","protected":false},"excerpt":{"rendered":"<p>Dom delfin\u00f3w - przygoda na rafie Sataya \ud83c\udf0a<br \/>\nEmbark on an unforgettable journey to Sataya Reef, famously known as Dolphin House, where you\u2019ll encounter dolphins in their natural environment and <\/p>","protected":false},"featured_media":14337,"comment_status":"open","ping_status":"closed","template":"","meta":{"postBodyCss":"","postBodyMargin":[],"postBodyPadding":[],"postBodyBackground":{"backgroundType":"classic","gradient":""}},"product_brand":[],"product_cat":[],"product_tag":[],"class_list":{"0":"post-13816","1":"product","2":"type-product","3":"status-publish","4":"has-post-thumbnail","6":"tour_phys-marsa-alam-city-tours","7":"tour_phys-sea-trips","9":"first","10":"instock","11":"shipping-taxable","12":"purchasable","13":"product-type-tour_phys"},"_links":{"self":[{"href":"https:\/\/marsavibe.com\/pl\/wp-json\/wp\/v2\/product\/13816","targetHints":{"allow":["GET"]}}],"collection":[{"href":"https:\/\/marsavibe.com\/pl\/wp-json\/wp\/v2\/product"}],"about":[{"href":"https:\/\/marsavibe.com\/pl\/wp-json\/wp\/v2\/types\/product"}],"replies":[{"embeddable":true,"href":"https:\/\/marsavibe.com\/pl\/wp-json\/wp\/v2\/comments?post=13816"}],"wp:featuredmedia":[{"embeddable":true,"href":"https:\/\/marsavibe.com\/pl\/wp-json\/wp\/v2\/media\/14337"}],"wp:attachment":[{"href":"https:\/\/marsavibe.com\/pl\/wp-json\/wp\/v2\/media?parent=13816"}],"wp:term":[{"taxonomy":"product_brand","embeddable":true,"href":"https:\/\/marsavibe.com\/pl\/wp-json\/wp\/v2\/product_brand?post=13816"},{"taxonomy":"product_cat","embeddable":true,"href":"https:\/\/marsavibe.com\/pl\/wp-json\/wp\/v2\/product_cat?post=13816"},{"taxonomy":"product_tag","embeddable":true,"href":"https:\/\/marsavibe.com\/pl\/wp-json\/wp\/v2\/product_tag?post=13816"}],"curies":[{"name":"wp","href":"https:\/\/api.w.org\/{rel}","templated":true}]}}