{"id":13826,"date":"2025-08-30T10:07:49","date_gmt":"2025-08-30T10:07:49","guid":{"rendered":"https:\/\/marsavibe.com\/?post_type=product&#038;p=13826"},"modified":"2025-12-07T19:40:09","modified_gmt":"2025-12-07T19:40:09","slug":"hamata-qulaan-islands-snorkeling-tour","status":"publish","type":"product","link":"https:\/\/marsavibe.com\/tours\/hamata-qulaan-islands-snorkeling-tour","title":{"rendered":"Hamata"},"content":{"rendered":"<h2 data-start=\"71\" data-end=\"115\">\ud83d\udc20<em> Wycieczka do Parku Narodowego Hamata z nurkowaniem<\/em><\/h2>\n<p>Odkryj nietkni\u0119ty raj na Morzu Czerwonym! \ud83c\udfdd\u2728<\/p>\n<p>Do\u0142\u0105cz do nas na 8-godzinn\u0105 wycieczk\u0119 \u0142odzi\u0105, aby odkry\u0107 zapieraj\u0105ce dech w piersiach pi\u0119kno Morza Czerwonego.<\/p>\n<p>\u2e3b<\/p>\n<p>Najwa\u017cniejsze wydarzenia:<br \/>\n- 2 przystanki snorkelingu - p\u0142ywanie w\u015br\u00f3d kolorowych koralowc\u00f3w i \u017cycia morskiego<br \/>\n- \ud83c\udfd6 Odwied\u017a wyspy Hamata i Qulaan - krystalicznie czyste wody i mi\u0119kkie piaski<br \/>\n- Profesjonalni przewodnicy - bezpieczny, zabawny i przyjazny dla pocz\u0105tkuj\u0105cych snorkeling<br \/>\n- Obserwacja dzikiej przyrody - zobacz egzotyczne ptaki i \u017cywe stworzenia morskie<\/p>\n<p>\u2e3b<\/p>\n<p>Co wchodzi w sk\u0142ad zestawu?<br \/>\n- Odbi\u00f3r i dow\u00f3z z hotelu (pojazd AC)<br \/>\n- Pe\u0142ny sprz\u0119t do snorkelingu (maska, p\u0142etwy, kamizelka ratunkowa)<br \/>\n- Pyszny lunch i napoje bezalkoholowe<br \/>\n- Woda butelkowana i przek\u0105ski<br \/>\n- \ud83d\udc68\u200d\ud83c\udfeb Instruktorzy nurkowania z rurk\u0105<\/p>\n<p>\u2e3b<\/p>\n<p>Plan podr\u00f3\u017cy:<\/p>\n<p>1\ufe0f\u20e3 Odbi\u00f3r z hotelu i transfer do przystani<br \/>\n2\ufe0f\u20e3 Rejs do pierwszego miejsca do snorkelingu \ud83c\udf0a<br \/>\n3\ufe0f\u20e3 Sesja snorkelingu z przewodnikiem \ud83d\udc1f<br \/>\n4\ufe0f\u20e3 Przystanek na wyspach Hamata \/ Qulaan \ud83c\udfdd na relaks i zdj\u0119cia \ud83d\udcf8<br \/>\n5\ufe0f\u20e3 Lunch i napoje na pok\u0142adzie \ud83c\udf72\ud83e\udd64<br \/>\n6\ufe0f\u20e3 Drugi przystanek snorkelingu \ud83e\udd3f<br \/>\n7\ufe0f\u20e3 Rejs powrotny z obserwacj\u0105 dzikiej przyrody \ud83e\udd85\ud83d\udc2c<br \/>\n8\ufe0f\u20e3 Powr\u00f3t do przystani i powr\u00f3t do hotelu \ud83d\ude90<\/p>\n<p>\u2e3b<\/p>\n<p>\u2139 Szybkie informacje:<br \/>\n- Czas trwania: 8 godzin<br \/>\n- Przyjazny rodzinie: dzieci mile widziane z kamizelkami ratunkowymi<br \/>\n- Przynie\u015b\u0107: Str\u00f3j k\u0105pielowy, r\u0119cznik, krem do opalania, kapelusz, okulary przeciws\u0142oneczne<br \/>\n- Ma\u0142e grupy: Wi\u0119kszy komfort i spersonalizowana obs\u0142uga<\/p>\n<p>\u2e3b<\/p>\n<p>Dlaczego warto wybra\u0107 nas?<\/p>\n<p>Profesjonalna i przyjazna za\u0142oga<br \/>\nBezpieczna, czysta i dobrze wyposa\u017cona \u0142\u00f3d\u017a<br \/>\nIdealna r\u00f3wnowaga mi\u0119dzy przygod\u0105 a relaksem<\/p>\n<p>\u2e3b<\/p>\n<p>Zarezerwuj teraz i zachowaj swoje miejsce!<\/p>\n<p>Ograniczona liczba miejsc - zarezerwuj ju\u017c dzi\u015b, aby prze\u017cy\u0107 niezapomnian\u0105 przygod\u0119 nad Morzem Czerwonym! \ud83d\udea4\u2728<\/p>\n\n    <div class=\"xs_social_share_widget xs_share_url after_content \t\tmain_content  wslu-style-1 wslu-share-box-shaped wslu-fill-colored wslu-none wslu-share-horizontal wslu-theme-font-no wslu-main_content\">\n\n\t\t\n        <ul>\n\t\t\t        <\/ul>\n    <\/div>","protected":false},"excerpt":{"rendered":"<p>\ud83d\udc20 Hamata National Park Snorkeling Trip<br \/>\nOdkryj nietkni\u0119ty raj na Morzu Czerwonym! \ud83c\udfdd\u2728<br \/>\nJoin us for an 8-hour boat trip to explore the breathtaking beauty of the <\/p>","protected":false},"featured_media":14523,"comment_status":"open","ping_status":"closed","template":"","meta":{"postBodyCss":"","postBodyMargin":[],"postBodyPadding":[],"postBodyBackground":{"backgroundType":"classic","gradient":""}},"product_brand":[],"product_cat":[],"product_tag":[],"class_list":{"0":"post-13826","1":"product","2":"type-product","3":"status-publish","4":"has-post-thumbnail","6":"tour_phys-marsa-alam-city-tours","7":"tour_phys-sea-trips","9":"first","10":"instock","11":"shipping-taxable","12":"purchasable","13":"product-type-tour_phys"},"_links":{"self":[{"href":"https:\/\/marsavibe.com\/pl\/wp-json\/wp\/v2\/product\/13826","targetHints":{"allow":["GET"]}}],"collection":[{"href":"https:\/\/marsavibe.com\/pl\/wp-json\/wp\/v2\/product"}],"about":[{"href":"https:\/\/marsavibe.com\/pl\/wp-json\/wp\/v2\/types\/product"}],"replies":[{"embeddable":true,"href":"https:\/\/marsavibe.com\/pl\/wp-json\/wp\/v2\/comments?post=13826"}],"wp:featuredmedia":[{"embeddable":true,"href":"https:\/\/marsavibe.com\/pl\/wp-json\/wp\/v2\/media\/14523"}],"wp:attachment":[{"href":"https:\/\/marsavibe.com\/pl\/wp-json\/wp\/v2\/media?parent=13826"}],"wp:term":[{"taxonomy":"product_brand","embeddable":true,"href":"https:\/\/marsavibe.com\/pl\/wp-json\/wp\/v2\/product_brand?post=13826"},{"taxonomy":"product_cat","embeddable":true,"href":"https:\/\/marsavibe.com\/pl\/wp-json\/wp\/v2\/product_cat?post=13826"},{"taxonomy":"product_tag","embeddable":true,"href":"https:\/\/marsavibe.com\/pl\/wp-json\/wp\/v2\/product_tag?post=13826"}],"curies":[{"name":"wp","href":"https:\/\/api.w.org\/{rel}","templated":true}]}}