{"id":13859,"date":"2025-08-30T10:43:16","date_gmt":"2025-08-30T10:43:16","guid":{"rendered":"https:\/\/marsavibe.com\/?post_type=product&#038;p=13859"},"modified":"2025-12-07T19:33:22","modified_gmt":"2025-12-07T19:33:22","slug":"luxor","status":"publish","type":"product","link":"https:\/\/marsavibe.com\/tours\/luxor","title":{"rendered":"Luxor"},"content":{"rendered":"<h2 data-start=\"87\" data-end=\"135\"><\/h2>\n<h2 data-start=\"87\" data-end=\"135\"><em>Luksor - odkryj staro\u017cytny Egipt w jeden dzie\u0144<\/em><\/h2>\n<p data-start=\"137\" data-end=\"235\">\u23f3 <strong data-start=\"139\" data-end=\"152\">Czas trwania:<\/strong> Pe\u0142ny dzie\u0144 (od <strong data-start=\"168\" data-end=\"184\">3:00-4:00 AM<\/strong> do <strong data-start=\"191\" data-end=\"207\">7:00-8:00<\/strong>)<br data-start=\"208\" data-end=\"211\" \/>\ud83d\udccd <strong data-start=\"214\" data-end=\"227\">Lokalizacja:<\/strong> Luxor<\/p>\n<p data-start=\"237\" data-end=\"384\">Cofnij si\u0119 w czasie podczas prywatnej wycieczki prowadzonej przez profesjonalnego egiptologa \ud83c\udf1f. Odkryj skarby staro\u017cytnego Egiptu w ci\u0105gu jednego niezapomnianego dnia.<\/p>\n<h3 data-start=\"386\" data-end=\"410\"><em>Najwa\u017cniejsze wydarzenia:<\/em><\/h3>\n<p data-start=\"411\" data-end=\"693\">\ud83c\udfdb\ufe0f Dolina Kr\u00f3l\u00f3w - Grobowce faraon\u00f3w<br data-start=\"458\" data-end=\"461\" \/>\u015awi\u0105tynia kr\u00f3lowej Hatszepsut - ikona w\u0142adzy i architektury<br data-start=\"521\" data-end=\"524\" \/>\u26e9\ufe0f \u015awi\u0105tynia Karnak - najwi\u0119kszy kompleks religijny na \u015bwiecie<br data-start=\"580\" data-end=\"583\" \/>\u015awi\u0105tynia w Luksorze - arcydzie\u0142o pe\u0142ne historii<br data-start=\"635\" data-end=\"638\" \/>Kolosy Memnona - gigantyczne pos\u0105gi Amenhotepa III<\/p>\n<h3 data-start=\"695\" data-end=\"712\"><em>Zawiera:<\/em><\/h3>\n<p data-start=\"713\" data-end=\"891\">Prywatne klimatyzowane transfery z\/do hotelu<br data-start=\"768\" data-end=\"771\" \/>Licencjonowany przewodnik egiptologiczny<br data-start=\"801\" data-end=\"804\" \/>\ud83c\udf9f\ufe0f Wst\u0119p do wszystkich wymienionych obiekt\u00f3w<br data-start=\"837\" data-end=\"840\" \/>Lunch w lokalnej restauracji<br data-start=\"870\" data-end=\"873\" \/>Woda butelkowana<\/p>\n\n    <div class=\"xs_social_share_widget xs_share_url after_content \t\tmain_content  wslu-style-1 wslu-share-box-shaped wslu-fill-colored wslu-none wslu-share-horizontal wslu-theme-font-no wslu-main_content\">\n\n\t\t\n        <ul>\n\t\t\t        <\/ul>\n    <\/div>","protected":false},"excerpt":{"rendered":"<p>\nLuksor - odkryj staro\u017cytny Egipt w jeden dzie\u0144<br \/>\n\u23f3 Duration: Full Day (from 3:00\u20134:00 AM until 7:00\u20138:00 PM)\ud83d\udccd Location: Luxor<br \/>\nStep back in time on a private tour <\/p>","protected":false},"featured_media":14411,"comment_status":"open","ping_status":"closed","template":"","meta":{"postBodyCss":"","postBodyMargin":[],"postBodyPadding":[],"postBodyBackground":{"backgroundType":"classic","gradient":""}},"product_brand":[],"product_cat":[],"product_tag":[],"class_list":{"0":"post-13859","1":"product","2":"type-product","3":"status-publish","4":"has-post-thumbnail","6":"tour_phys-city-tour","7":"tour_phys-coaster-buses","8":"tour_phys-cultural-trips","9":"tour_phys-mini-buses","10":"tour_phys-sedan-cars","11":"tour_phys-suv-family-cars","13":"first","14":"instock","15":"shipping-taxable","16":"purchasable","17":"product-type-tour_phys"},"_links":{"self":[{"href":"https:\/\/marsavibe.com\/pl\/wp-json\/wp\/v2\/product\/13859","targetHints":{"allow":["GET"]}}],"collection":[{"href":"https:\/\/marsavibe.com\/pl\/wp-json\/wp\/v2\/product"}],"about":[{"href":"https:\/\/marsavibe.com\/pl\/wp-json\/wp\/v2\/types\/product"}],"replies":[{"embeddable":true,"href":"https:\/\/marsavibe.com\/pl\/wp-json\/wp\/v2\/comments?post=13859"}],"wp:featuredmedia":[{"embeddable":true,"href":"https:\/\/marsavibe.com\/pl\/wp-json\/wp\/v2\/media\/14411"}],"wp:attachment":[{"href":"https:\/\/marsavibe.com\/pl\/wp-json\/wp\/v2\/media?parent=13859"}],"wp:term":[{"taxonomy":"product_brand","embeddable":true,"href":"https:\/\/marsavibe.com\/pl\/wp-json\/wp\/v2\/product_brand?post=13859"},{"taxonomy":"product_cat","embeddable":true,"href":"https:\/\/marsavibe.com\/pl\/wp-json\/wp\/v2\/product_cat?post=13859"},{"taxonomy":"product_tag","embeddable":true,"href":"https:\/\/marsavibe.com\/pl\/wp-json\/wp\/v2\/product_tag?post=13859"}],"curies":[{"name":"wp","href":"https:\/\/api.w.org\/{rel}","templated":true}]}}