{"id":13863,"date":"2025-08-30T10:48:07","date_gmt":"2025-08-30T10:48:07","guid":{"rendered":"https:\/\/marsavibe.com\/?post_type=product&#038;p=13863"},"modified":"2025-08-30T10:48:07","modified_gmt":"2025-08-30T10:48:07","slug":"jeep-safari","status":"publish","type":"product","link":"https:\/\/marsavibe.com\/pl\/product\/jeep-safari\/","title":{"rendered":"Jeep Safari"},"content":{"rendered":"<p data-start=\"100\" data-end=\"157\"><strong data-start=\"100\" data-end=\"155\">Pustynne safari z quadami i do\u015bwiadczeniem Beduin\u00f3w<\/strong><\/p>\n<p data-start=\"159\" data-end=\"266\">Przygotuj si\u0119 na niezapomnian\u0105 przygod\u0119, kt\u00f3ra \u0142\u0105czy w sobie emocje, tradycj\u0119 i pi\u0119kno pustyni.<\/p>\n<ul data-start=\"268\" data-end=\"615\">\n<li data-start=\"268\" data-end=\"329\">\n<p data-start=\"270\" data-end=\"329\">Jazda quadem przez z\u0142ote doliny pustyni<\/p>\n<\/li>\n<li data-start=\"330\" data-end=\"399\">\n<p data-start=\"332\" data-end=\"399\">Odwied\u017a wiosk\u0119 Beduin\u00f3w i skosztuj \u015bwie\u017co upieczonego tradycyjnego chleba.<\/p>\n<\/li>\n<li data-start=\"400\" data-end=\"446\">\n<p data-start=\"402\" data-end=\"446\">Spokojna przeja\u017cd\u017cka na wielb\u0142\u0105dzie o zachodzie s\u0142o\u0144ca<\/p>\n<\/li>\n<li data-start=\"447\" data-end=\"491\">\n<p data-start=\"449\" data-end=\"491\">Kolacja z grilla w g\u00f3rach<\/p>\n<\/li>\n<li data-start=\"492\" data-end=\"615\">\n<p data-start=\"494\" data-end=\"615\">Zako\u0144cz wiecz\u00f3r zabawnym pokazem bedui\u0144skim z muzyk\u0105, pokazami ognia i ta\u0144cem brzucha pod gwiazdami.<\/p>\n<\/li>\n<\/ul>\n<p data-start=\"617\" data-end=\"703\">Wyj\u0105tkowe do\u015bwiadczenie pe\u0142ne przyg\u00f3d, kultury i magii pustyni. \u2728<\/p>\n\n    <div class=\"xs_social_share_widget xs_share_url after_content \t\tmain_content  wslu-style-1 wslu-share-box-shaped wslu-fill-colored wslu-none wslu-share-horizontal wslu-theme-font-no wslu-main_content\">\n\n\t\t\n        <ul>\n\t\t\t        <\/ul>\n    <\/div>","protected":false},"excerpt":{"rendered":"<p>Pustynne safari z quadami i do\u015bwiadczeniem Beduin\u00f3w<br \/>\nPrzygotuj si\u0119 na niezapomnian\u0105 przygod\u0119, kt\u00f3ra \u0142\u0105czy w sobie emocje, tradycj\u0119 i pi\u0119kno pustyni.<\/p>\n<p>\nRide a quad bike through <\/p>","protected":false},"featured_media":13864,"comment_status":"open","ping_status":"closed","template":"","meta":{"postBodyCss":"","postBodyMargin":[],"postBodyPadding":[],"postBodyBackground":{"backgroundType":"classic","gradient":""}},"product_brand":[],"product_cat":[15],"product_tag":[],"class_list":{"0":"post-13863","1":"product","2":"type-product","3":"status-publish","4":"has-post-thumbnail","6":"product_cat-uncategorized","8":"first","9":"instock","10":"shipping-taxable","11":"purchasable","12":"product-type-simple"},"_links":{"self":[{"href":"https:\/\/marsavibe.com\/pl\/wp-json\/wp\/v2\/product\/13863","targetHints":{"allow":["GET"]}}],"collection":[{"href":"https:\/\/marsavibe.com\/pl\/wp-json\/wp\/v2\/product"}],"about":[{"href":"https:\/\/marsavibe.com\/pl\/wp-json\/wp\/v2\/types\/product"}],"replies":[{"embeddable":true,"href":"https:\/\/marsavibe.com\/pl\/wp-json\/wp\/v2\/comments?post=13863"}],"wp:featuredmedia":[{"embeddable":true,"href":"https:\/\/marsavibe.com\/pl\/wp-json\/wp\/v2\/media\/13864"}],"wp:attachment":[{"href":"https:\/\/marsavibe.com\/pl\/wp-json\/wp\/v2\/media?parent=13863"}],"wp:term":[{"taxonomy":"product_brand","embeddable":true,"href":"https:\/\/marsavibe.com\/pl\/wp-json\/wp\/v2\/product_brand?post=13863"},{"taxonomy":"product_cat","embeddable":true,"href":"https:\/\/marsavibe.com\/pl\/wp-json\/wp\/v2\/product_cat?post=13863"},{"taxonomy":"product_tag","embeddable":true,"href":"https:\/\/marsavibe.com\/pl\/wp-json\/wp\/v2\/product_tag?post=13863"}],"curies":[{"name":"wp","href":"https:\/\/api.w.org\/{rel}","templated":true}]}}