{"id":13874,"date":"2025-08-30T10:58:11","date_gmt":"2025-08-30T10:58:11","guid":{"rendered":"https:\/\/marsavibe.com\/?post_type=product&#038;p=13874"},"modified":"2025-12-07T19:19:19","modified_gmt":"2025-12-07T19:19:19","slug":"cairo","status":"publish","type":"product","link":"https:\/\/marsavibe.com\/tours\/cairo","title":{"rendered":"Wycieczka do Kairu"},"content":{"rendered":"<p data-start=\"62\" data-end=\"111\"><strong data-start=\"67\" data-end=\"106\">Kair - ca\u0142odniowa wycieczka z Marsa Alam<\/strong> \ud83d\ude90<\/p>\n<p data-start=\"113\" data-end=\"359\">Wyrusz w niezapomnian\u0105 ca\u0142odniow\u0105 podr\u00f3\u017c z Marsa Alam do Kairu (<strong data-start=\"183\" data-end=\"236\">oko\u0142o 20-22 godzin podr\u00f3\u017cy w obie strony prywatnym pojazdem<\/strong>). Prowadzony przez profesjonalnego egiptologa, odkryjesz ponadczasowe skarby stolicy Egiptu w ci\u0105gu jednego niesamowitego dnia.<\/p>\n<h3 data-start=\"361\" data-end=\"381\">Najwa\u017cniejsze wydarzenia:<\/h3>\n<ul data-start=\"382\" data-end=\"714\">\n<li data-start=\"382\" data-end=\"460\">\n<p data-start=\"384\" data-end=\"460\">\ud83c\udfdc\ufe0f <strong data-start=\"388\" data-end=\"418\">Wielkie piramidy w Gizie<\/strong> - jeden z siedmiu cud\u00f3w \u015bwiata<\/p>\n<\/li>\n<li data-start=\"461\" data-end=\"509\">\n<p data-start=\"463\" data-end=\"509\">\ud83e\udd81 <strong data-start=\"466\" data-end=\"480\">Sfinks<\/strong> - stra\u017cnik piramid<\/p>\n<\/li>\n<li data-start=\"510\" data-end=\"584\">\n<p data-start=\"512\" data-end=\"584\">\ud83c\udfdb\ufe0f <strong data-start=\"516\" data-end=\"539\">Muzeum Egipskie<\/strong> - mieszcz\u0105cy tysi\u0105ce bezcennych artefakt\u00f3w<\/p>\n<\/li>\n<li data-start=\"585\" data-end=\"654\">\n<p data-start=\"587\" data-end=\"654\">\ud83d\udecd\ufe0f <strong data-start=\"591\" data-end=\"617\">Khan El Khalili Bazaar<\/strong> - Najbardziej t\u0119tni\u0105cy \u017cyciem rynek w Kairze<\/p>\n<\/li>\n<li data-start=\"655\" data-end=\"714\">\n<p data-start=\"657\" data-end=\"714\">\ud83c\udf74 <strong data-start=\"660\" data-end=\"690\">Tradycyjny egipski lunch<\/strong> w lokalnej restauracji<\/p>\n<\/li>\n<\/ul>\n<p data-start=\"716\" data-end=\"809\">\ud83d\udc68\u200d\ud83c\udfeb Skorzystaj z wiedzy licencjonowanego przewodnika, zapewniaj\u0105c bogate i niezapomniane wra\u017cenia.<\/p>\n\n    <div class=\"xs_social_share_widget xs_share_url after_content \t\tmain_content  wslu-style-1 wslu-share-box-shaped wslu-fill-colored wslu-none wslu-share-horizontal wslu-theme-font-no wslu-main_content\">\n\n\t\t\n        <ul>\n\t\t\t        <\/ul>\n    <\/div>","protected":false},"excerpt":{"rendered":"<p>Cairo Full-Day Tour from Marsa Alam \ud83d\ude90<br \/>\nEmbark on an unforgettable full-day journey from Marsa Alam to Cairo (approx. 20\u201322 hours round trip by private vehicle). Guided by a professional <\/p>","protected":false},"featured_media":14410,"comment_status":"open","ping_status":"closed","template":"","meta":{"postBodyCss":"","postBodyMargin":[],"postBodyPadding":[],"postBodyBackground":{"backgroundType":"classic","gradient":""}},"product_brand":[],"product_cat":[],"product_tag":[],"class_list":{"0":"post-13874","1":"product","2":"type-product","3":"status-publish","4":"has-post-thumbnail","6":"tour_phys-city-tour","7":"tour_phys-coaster-buses","8":"tour_phys-cultural-trips","9":"tour_phys-mini-buses","10":"tour_phys-sedan-cars","11":"tour_phys-suv-family-cars","13":"first","14":"instock","15":"shipping-taxable","16":"purchasable","17":"product-type-tour_phys"},"_links":{"self":[{"href":"https:\/\/marsavibe.com\/pl\/wp-json\/wp\/v2\/product\/13874","targetHints":{"allow":["GET"]}}],"collection":[{"href":"https:\/\/marsavibe.com\/pl\/wp-json\/wp\/v2\/product"}],"about":[{"href":"https:\/\/marsavibe.com\/pl\/wp-json\/wp\/v2\/types\/product"}],"replies":[{"embeddable":true,"href":"https:\/\/marsavibe.com\/pl\/wp-json\/wp\/v2\/comments?post=13874"}],"wp:featuredmedia":[{"embeddable":true,"href":"https:\/\/marsavibe.com\/pl\/wp-json\/wp\/v2\/media\/14410"}],"wp:attachment":[{"href":"https:\/\/marsavibe.com\/pl\/wp-json\/wp\/v2\/media?parent=13874"}],"wp:term":[{"taxonomy":"product_brand","embeddable":true,"href":"https:\/\/marsavibe.com\/pl\/wp-json\/wp\/v2\/product_brand?post=13874"},{"taxonomy":"product_cat","embeddable":true,"href":"https:\/\/marsavibe.com\/pl\/wp-json\/wp\/v2\/product_cat?post=13874"},{"taxonomy":"product_tag","embeddable":true,"href":"https:\/\/marsavibe.com\/pl\/wp-json\/wp\/v2\/product_tag?post=13874"}],"curies":[{"name":"wp","href":"https:\/\/api.w.org\/{rel}","templated":true}]}}